{"id":1307,"date":"2014-05-18T14:23:19","date_gmt":"2014-05-18T12:23:19","guid":{"rendered":"http:\/\/www.joh-nrw.com\/?page_id=1307"},"modified":"2018-03-25T15:21:18","modified_gmt":"2018-03-25T13:21:18","slug":"radiosender","status":"publish","type":"page","link":"https:\/\/joh-nrw.com\/blog\/radiosender","title":{"rendered":"Radiosender"},"content":{"rendered":"<p><a href=\"https:\/\/joh-nrw.com\/blog\/wp-content\/uploads\/2014\/01\/2banner2013_1.jpg\" target=\"_blank\"><img loading=\"lazy\" class=\"alignnone size-full wp-image-429\" src=\"https:\/\/joh-nrw.com\/blog\/wp-content\/uploads\/2014\/01\/2banner2013_1.jpg\" alt=\"2banner2013_1\" width=\"822\" height=\"82\" srcset=\"https:\/\/joh-nrw.com\/blog\/wp-content\/uploads\/2014\/01\/2banner2013_1.jpg 822w, https:\/\/joh-nrw.com\/blog\/wp-content\/uploads\/2014\/01\/2banner2013_1-300x29.jpg 300w, https:\/\/joh-nrw.com\/blog\/wp-content\/uploads\/2014\/01\/2banner2013_1-500x49.jpg 500w\" sizes=\"(max-width: 822px) 100vw, 822px\" \/><br \/>\n<\/a><\/p>\n<p><strong>Wehrt euch gegen diese Unterdr\u00fcckung!<br \/>\n<\/strong>\u00dcber das und\u00a0vieles\u00a0mehr\u00a0diskutiert\u00a0Detlev\u00a0immer in seiner Sendung am Dienstag und Donnerstag. Bitte alle\u00a0einschalten!<br \/>\n<strong>Beginn der Sendungen immer Dienstag, Donnerstags ab\u00a016 Uhr LIVE und die Wiederholung von 18 bis 20 Uhr<\/strong><br \/>\n<a href=\"http:\/\/213.239.220.135:8000\/wakenewsradio.m3u\"><img loading=\"lazy\" class=\"alignnone size-full wp-image-1310\" src=\"https:\/\/joh-nrw.com\/blog\/wp-content\/uploads\/2014\/05\/wake-news-radio-logo-1.jpg\" alt=\"wake-news-radio-logo-1\" width=\"239\" height=\"155\" \/><\/a><br \/>\n<a href=\"http:\/\/213.239.220.135:8000\/wakenewsradio.m3u\"><img loading=\"lazy\" class=\"alignnone size-full wp-image-435\" src=\"https:\/\/joh-nrw.com\/blog\/wp-content\/uploads\/2014\/01\/hpfixseparat_1p_menubutton1.gif\" alt=\"hpfixseparat_1p_menubutton1\" width=\"180\" height=\"50\" \/><\/a><a href=\"https:\/\/joh-nrw.com\/blog\/wp-content\/uploads\/2014\/01\/2banner2013_1.jpg\" target=\"_blank\"><br \/>\n<\/a><\/p>\n<p><strong>Wake News Radio (Direktseite)<\/strong><br \/>\n<a href=\"http:\/\/wakenews.net\/html\/wake_news_radio.html\" target=\"_blank\"><img loading=\"lazy\" class=\"alignnone size-full wp-image-435\" src=\"https:\/\/joh-nrw.com\/blog\/wp-content\/uploads\/2014\/01\/hpfixseparat_1p_menubutton1.gif\" alt=\"hpfixseparat_1p_menubutton1\" width=\"180\" height=\"50\" \/><\/a><\/p>\n<p><strong>Wake News Radio\u00a0auch bei Schramme und andere Radiosender:<\/strong><br \/>\n<a href=\"http:\/\/schramme.bplaced.net\/pages\/wakenews.php\" target=\"_blank\"><img loading=\"lazy\" class=\"alignnone size-full wp-image-435\" src=\"https:\/\/joh-nrw.com\/blog\/wp-content\/uploads\/2014\/01\/hpfixseparat_1p_menubutton1.gif\" alt=\"hpfixseparat_1p_menubutton1\" width=\"180\" height=\"50\" \/><\/a><\/p>\n<p><strong>Radio Deutsch-\u00d6sterreich &#8211; radio-honsik.com:<\/strong><br \/>\nKein wie immer geartetes Verbot, das dem deutsch-\u00f6sterreichischen<br \/>\nVolksstamm seit 1918 von au\u00dfen auferlegt worden ist, darf Bestand haben.<br \/>\n<a href=\"http:\/\/radio-honsik.com\/index.php\/category\/radio\/\" target=\"_blank\"><img loading=\"lazy\" class=\"alignnone size-full wp-image-435\" src=\"https:\/\/joh-nrw.com\/blog\/wp-content\/uploads\/2014\/01\/hpfixseparat_1p_menubutton1.gif\" alt=\"hpfixseparat_1p_menubutton1\" width=\"180\" height=\"50\" \/><\/a><\/p>\n<p><a href=\"http:\/\/www.joh-nrw.com\/blog\/wp-content\/uploads\/2014\/01\/hpfixseparat_1weg_frei_.jpg\" target=\"_blank\"><img loading=\"lazy\" class=\"alignnone size-medium wp-image-415\" src=\"http:\/\/www.joh-nrw.com\/blog\/wp-content\/uploads\/2014\/01\/hpfixseparat_1weg_frei_-300x222.jpg\" alt=\"hpfixseparat_1weg_frei_\" width=\"300\" height=\"222\" srcset=\"https:\/\/joh-nrw.com\/blog\/wp-content\/uploads\/2014\/01\/hpfixseparat_1weg_frei_-300x222.jpg 300w, https:\/\/joh-nrw.com\/blog\/wp-content\/uploads\/2014\/01\/hpfixseparat_1weg_frei_.jpg 340w\" sizes=\"(max-width: 300px) 100vw, 300px\" \/><\/a><\/p>\n","protected":false},"excerpt":{"rendered":"<p>Wehrt euch gegen diese Unterdr\u00fcckung! \u00dcber das und\u00a0vieles\u00a0mehr\u00a0diskutiert\u00a0Detlev\u00a0immer in seiner Sendung am Dienstag und Donnerstag. Bitte alle\u00a0einschalten! Beginn der Sendungen immer Dienstag, Donnerstags ab\u00a016 Uhr LIVE und die Wiederholung von 18 bis 20 Uhr Wake News Radio (Direktseite) Wake News Radio\u00a0auch bei Schramme und andere Radiosender: Radio Deutsch-\u00d6sterreich &#8211; radio-honsik.com: Kein wie immer geartetes Verbot, das dem deutsch-\u00f6sterreichischen Volksstamm seit 1918 von au\u00dfen auferlegt worden ist, darf Bestand haben.<\/p>\n","protected":false},"author":1,"featured_media":0,"parent":0,"menu_order":0,"comment_status":"closed","ping_status":"closed","template":"","meta":{"_links_to":"","_links_to_target":""},"_links":{"self":[{"href":"https:\/\/joh-nrw.com\/blog\/wp-json\/wp\/v2\/pages\/1307"}],"collection":[{"href":"https:\/\/joh-nrw.com\/blog\/wp-json\/wp\/v2\/pages"}],"about":[{"href":"https:\/\/joh-nrw.com\/blog\/wp-json\/wp\/v2\/types\/page"}],"author":[{"embeddable":true,"href":"https:\/\/joh-nrw.com\/blog\/wp-json\/wp\/v2\/users\/1"}],"replies":[{"embeddable":true,"href":"https:\/\/joh-nrw.com\/blog\/wp-json\/wp\/v2\/comments?post=1307"}],"version-history":[{"count":11,"href":"https:\/\/joh-nrw.com\/blog\/wp-json\/wp\/v2\/pages\/1307\/revisions"}],"predecessor-version":[{"id":1467,"href":"https:\/\/joh-nrw.com\/blog\/wp-json\/wp\/v2\/pages\/1307\/revisions\/1467"}],"wp:attachment":[{"href":"https:\/\/joh-nrw.com\/blog\/wp-json\/wp\/v2\/media?parent=1307"}],"curies":[{"name":"wp","href":"https:\/\/api.w.org\/{rel}","templated":true}]}}