{"id":1398,"date":"2014-06-25T15:42:10","date_gmt":"2014-06-25T13:42:10","guid":{"rendered":"http:\/\/www.joh-nrw.com\/?page_id=1398"},"modified":"2018-03-25T15:14:49","modified_gmt":"2018-03-25T13:14:49","slug":"interim-staatsschutz","status":"publish","type":"page","link":"https:\/\/joh-nrw.com\/blog\/interim-staatsschutz","title":{"rendered":"Interim Staatsschutz"},"content":{"rendered":"<div align=\"center\"><a href=\"http:\/\/www.joh-nrw.com\/blog\/wp-content\/uploads\/2014\/01\/2banner2013_1.jpg\" target=\"_blank\" rel=\"noopener\"><img loading=\"lazy\" class=\"alignnone size-full wp-image-429\" src=\"http:\/\/www.joh-nrw.com\/blog\/wp-content\/uploads\/2014\/01\/2banner2013_1.jpg\" alt=\"2banner2013_1\" width=\"822\" height=\"82\" srcset=\"https:\/\/joh-nrw.com\/blog\/wp-content\/uploads\/2014\/01\/2banner2013_1.jpg 822w, https:\/\/joh-nrw.com\/blog\/wp-content\/uploads\/2014\/01\/2banner2013_1-300x29.jpg 300w, https:\/\/joh-nrw.com\/blog\/wp-content\/uploads\/2014\/01\/2banner2013_1-500x49.jpg 500w\" sizes=\"(max-width: 822px) 100vw, 822px\" \/><\/a>\n<\/div>\n<div style=\"text-align: left;\" align=\"center\"><em><strong>Der Weg ist das Ziel.<br \/>\n<\/strong><\/em><br \/>\n<strong> WAG-Neue Gemeinschaft von Staatssch\u00fctzern in Deutschland!<\/strong><\/p>\n<div style=\"text-align: left;\" align=\"center\"><strong><span style=\"font-size: 300%;\">BILD<\/span> DIR DEINE MEINUNG!!!<\/strong><br \/>\n<a href=\"http:\/\/www.joh-nrw.com\/blog\/wp-content\/uploads\/2014\/06\/dwidz-2014-1.png\" target=\"_blank\" rel=\"noopener\"><img loading=\"lazy\" class=\"alignnone size-full wp-image-1405\" src=\"http:\/\/www.joh-nrw.com\/blog\/wp-content\/uploads\/2014\/06\/dwidz-2014-1.png\" alt=\"dwidz-2014-1\" width=\"790\" height=\"1016\" srcset=\"https:\/\/joh-nrw.com\/blog\/wp-content\/uploads\/2014\/06\/dwidz-2014-1.png 790w, https:\/\/joh-nrw.com\/blog\/wp-content\/uploads\/2014\/06\/dwidz-2014-1-233x300.png 233w\" sizes=\"(max-width: 790px) 100vw, 790px\" \/><\/a>\n<\/div>\n<div style=\"text-align: left;\" align=\"center\">Bild wei\u00df zum ausdrucken und verteilen<br \/>\n<a href=\"http:\/\/www.joh-nrw.com\/pdf\/dwidz-2014-1.png\" target=\"_blank\" rel=\"noopener\"><img loading=\"lazy\" class=\"alignnone size-full wp-image-435\" src=\"http:\/\/www.joh-nrw.com\/blog\/wp-content\/uploads\/2014\/01\/hpfixseparat_1p_menubutton1.gif\" alt=\"hpfixseparat_1p_menubutton1\" width=\"180\" height=\"50\" \/><\/a><br \/>\n<a href=\"http:\/\/www.joh-nrw.com\/blog\/wp-content\/uploads\/2014\/06\/dwidz-2014.png\" target=\"_blank\" rel=\"noopener\"><img loading=\"lazy\" class=\"alignnone size-full wp-image-1406\" src=\"http:\/\/www.joh-nrw.com\/blog\/wp-content\/uploads\/2014\/06\/dwidz-2014.png\" alt=\"dwidz-2014\" width=\"790\" height=\"1016\" srcset=\"https:\/\/joh-nrw.com\/blog\/wp-content\/uploads\/2014\/06\/dwidz-2014.png 790w, https:\/\/joh-nrw.com\/blog\/wp-content\/uploads\/2014\/06\/dwidz-2014-233x300.png 233w\" sizes=\"(max-width: 790px) 100vw, 790px\" \/><\/a><br \/>\nBild schwarz zum ausdrucken und verteilen<br \/>\n<a href=\"http:\/\/www.joh-nrw.com\/pdf\/dwidz-2014.png\" target=\"_blank\" rel=\"noopener\"><img loading=\"lazy\" class=\"alignnone size-full wp-image-435\" src=\"http:\/\/www.joh-nrw.com\/blog\/wp-content\/uploads\/2014\/01\/hpfixseparat_1p_menubutton1.gif\" alt=\"hpfixseparat_1p_menubutton1\" width=\"180\" height=\"50\" \/><\/a>\n<\/div>\n<p>&nbsp;<\/p>\n<p>Schreiben Ablehnung\/Zur\u00fcckweisung<br \/>\n<strong><em>(Achtung! Erkl\u00e4rung zur WAG-NGvSiD siehe unten immer mit beif\u00fcgen!)<\/em><\/strong><br \/>\n<a href=\"http:\/\/www.joh-nrw.com\/pdf\/NGvSiD.pdf\" target=\"_blank\" rel=\"noopener\"><img loading=\"lazy\" class=\"alignnone size-full wp-image-435\" src=\"http:\/\/www.joh-nrw.com\/blog\/wp-content\/uploads\/2014\/01\/hpfixseparat_1p_menubutton1.gif\" alt=\"hpfixseparat_1p_menubutton1\" width=\"180\" height=\"50\" \/><\/a><\/p>\n<p>Erkl\u00e4rung zur WAG-NGvSiD<br \/>\n<a href=\"http:\/\/www.joh-nrw.com\/pdf\/WAG-NGvSiD.pdf\" target=\"_blank\" rel=\"noopener\"><img loading=\"lazy\" class=\"alignnone size-full wp-image-435\" src=\"http:\/\/www.joh-nrw.com\/blog\/wp-content\/uploads\/2014\/01\/hpfixseparat_1p_menubutton1.gif\" alt=\"hpfixseparat_1p_menubutton1\" width=\"180\" height=\"50\" \/><\/a><\/p>\n<p>Verk\u00fcndet diese Wahrheit im gesamten Deutschen Reich, damit die B\u00fcrger in Deutschland erkennen, wer der wahre Freund der Deutschen ist, und wer dem deutschen Volk schon im Jahr 1952 einen souver\u00e4nen Friedensvertrage zukommen lassen wollte und welche Regierungen einen solchen Friedensvertrag f\u00fcr Deutschland bis heute vereiteln\/verhindern.<br \/>\n<strong>DEUTSCHLAND hat bis heute keinen Friedensvertrag!<\/strong><br \/>\n<a href=\"http:\/\/www.joh-nrw.com\/pdf\/DasVolk.pdf\" target=\"_blank\" rel=\"noopener\"><img loading=\"lazy\" class=\"alignnone size-full wp-image-435\" src=\"http:\/\/www.joh-nrw.com\/blog\/wp-content\/uploads\/2014\/01\/hpfixseparat_1p_menubutton1.gif\" alt=\"hpfixseparat_1p_menubutton1\" width=\"180\" height=\"50\" \/><\/a><\/p>\n<\/div>\n","protected":false},"excerpt":{"rendered":"<p>Der Weg ist das Ziel. WAG-Neue Gemeinschaft von Staatssch\u00fctzern in Deutschland! BILD DIR DEINE MEINUNG!!! Bild wei\u00df zum ausdrucken und verteilen Bild schwarz zum ausdrucken und verteilen &nbsp; Schreiben Ablehnung\/Zur\u00fcckweisung (Achtung! Erkl\u00e4rung zur WAG-NGvSiD siehe unten immer mit beif\u00fcgen!) Erkl\u00e4rung zur WAG-NGvSiD Verk\u00fcndet diese Wahrheit im gesamten Deutschen Reich, damit die B\u00fcrger in Deutschland erkennen, wer der wahre Freund der Deutschen ist, und wer dem deutschen Volk schon im Jahr 1952 einen souver\u00e4nen Friedensvertrage zukommen lassen wollte und welche Regierungen einen solchen Friedensvertrag f\u00fcr Deutschland bis heute vereiteln\/verhindern. DEUTSCHLAND hat bis heute keinen Friedensvertrag!<\/p>\n","protected":false},"author":1,"featured_media":0,"parent":0,"menu_order":0,"comment_status":"closed","ping_status":"closed","template":"","meta":{"_links_to":"","_links_to_target":""},"_links":{"self":[{"href":"https:\/\/joh-nrw.com\/blog\/wp-json\/wp\/v2\/pages\/1398"}],"collection":[{"href":"https:\/\/joh-nrw.com\/blog\/wp-json\/wp\/v2\/pages"}],"about":[{"href":"https:\/\/joh-nrw.com\/blog\/wp-json\/wp\/v2\/types\/page"}],"author":[{"embeddable":true,"href":"https:\/\/joh-nrw.com\/blog\/wp-json\/wp\/v2\/users\/1"}],"replies":[{"embeddable":true,"href":"https:\/\/joh-nrw.com\/blog\/wp-json\/wp\/v2\/comments?post=1398"}],"version-history":[{"count":21,"href":"https:\/\/joh-nrw.com\/blog\/wp-json\/wp\/v2\/pages\/1398\/revisions"}],"predecessor-version":[{"id":3987,"href":"https:\/\/joh-nrw.com\/blog\/wp-json\/wp\/v2\/pages\/1398\/revisions\/3987"}],"wp:attachment":[{"href":"https:\/\/joh-nrw.com\/blog\/wp-json\/wp\/v2\/media?parent=1398"}],"curies":[{"name":"wp","href":"https:\/\/api.w.org\/{rel}","templated":true}]}}