{"id":1480,"date":"2014-07-23T14:14:50","date_gmt":"2014-07-23T12:14:50","guid":{"rendered":"http:\/\/www.joh-nrw.com\/?page_id=1480"},"modified":"2019-09-26T12:11:28","modified_gmt":"2019-09-26T10:11:28","slug":"brd-antifa","status":"publish","type":"page","link":"https:\/\/joh-nrw.com\/blog\/brd-antifa","title":{"rendered":"BRD-Antifa"},"content":{"rendered":"<p><a href=\"http:\/\/www.joh-nrw.com\/blog\/wp-content\/uploads\/2014\/01\/2banner2013_1.jpg\" target=\"_blank\" rel=\"noopener noreferrer\"><img loading=\"lazy\" class=\"alignnone wp-image-429\" style=\"width: 717px;\" src=\"http:\/\/www.joh-nrw.com\/blog\/wp-content\/uploads\/2014\/01\/2banner2013_1.jpg\" alt=\"2banner2013_1\" width=\"636\" height=\"69\" \/><\/a><\/p>\n<p><strong><span style=\"font-size: 150%;\">WO BLEIBT DENN HIER DER AUFSCHREI DER DEUTSCHEN M\u00c4NNER ?<\/span><\/strong><\/p>\n<p>Antifa: Deutsche Kinder geh\u00f6ren ermordet !<br \/>\n<a href=\"https:\/\/www.netzplanet.net\/antifa-deutsche-kinder-gehoeren-ermordet\/10716\" target=\"_blank\" rel=\"noopener noreferrer\"><img loading=\"lazy\" class=\"alignnone wp-image-435 size-full\" src=\"https:\/\/www.joh-nrw.com\/blog\/wp-content\/uploads\/2014\/01\/hpfixseparat_1p_menubutton1.gif\" alt=\"hpfixseparat_1p_menubutton1\" width=\"180\" height=\"50\" \/><\/a><br \/>\n<a href=\"http:\/\/www.joh-nrw.com\/blog\/wp-content\/uploads\/2014\/07\/600.jpg\"><img loading=\"lazy\" class=\"alignnone size-full wp-image-1486\" src=\"http:\/\/www.joh-nrw.com\/blog\/wp-content\/uploads\/2014\/07\/600.jpg\" alt=\"600\" width=\"640\" height=\"393\" srcset=\"https:\/\/joh-nrw.com\/blog\/wp-content\/uploads\/2014\/07\/600.jpg 640w, https:\/\/joh-nrw.com\/blog\/wp-content\/uploads\/2014\/07\/600-300x184.jpg 300w, https:\/\/joh-nrw.com\/blog\/wp-content\/uploads\/2014\/07\/600-488x300.jpg 488w\" sizes=\"(max-width: 640px) 100vw, 640px\" \/><\/a><\/p>\n<p>Noch Fragen bez\u00fcglich der Deutschenfeindlichen Ausrichtung der Antifa? Der Hass der Linken auf ihr eigenes Volk nimmt immer radikalere Z\u00fcge an: Deutsche Kinder geh\u00f6ren nicht gesch\u00fctzt sondern ermordet. Aber sonst ist schon noch alles in Ordnung mit euch? Oder schon wieder die Birne zu gedr\u00f6hnt? Wenn euch Deutschland nicht passt, d\u00fcrft ihr gerne das Land verlassen! Wenn die Deutschen eines nicht brauchen, dann ist es das bekiffte, dahin vegetierende und arbeitsscheue Pack der Antifa. Wer seine Landsleute offen als Schei\u00df-Deutsche bezeichnet, kann nicht der Rasse Mensch angeh\u00f6ren.<\/p>\n<p>Auch deutsche Frauen sollte man vergewaltigen<\/p>\n<p>Deutschland verrecke: Ein Vollpfosten der Antifa auf der Mahnwache in Leipzig<br \/>\n<a href=\"https:\/\/www.netzplanet.net\/category\/antifa-der-abschaum-unserer-gesellschaft\" target=\"_blank\" rel=\"noopener noreferrer\"><img loading=\"lazy\" class=\"alignnone wp-image-435 size-full\" src=\"http:\/\/www.joh-nrw.com\/blog\/wp-content\/uploads\/2014\/01\/hpfixseparat_1p_menubutton1.gif\" alt=\"hpfixseparat_1p_menubutton1\" width=\"180\" height=\"50\" \/><\/a><\/p>\n<p><strong>Antifa fordert gezielte Vergewaltigung deutscher Frauen<br \/>\n<a href=\"http:\/\/www.joh-nrw.com\/blog\/wp-content\/uploads\/2014\/07\/608.jpg\" target=\"_blank\" rel=\"noopener noreferrer\"><img loading=\"lazy\" class=\"alignnone size-full wp-image-1488\" src=\"http:\/\/www.joh-nrw.com\/blog\/wp-content\/uploads\/2014\/07\/608.jpg\" alt=\"608\" width=\"741\" height=\"612\" srcset=\"https:\/\/joh-nrw.com\/blog\/wp-content\/uploads\/2014\/07\/608.jpg 741w, https:\/\/joh-nrw.com\/blog\/wp-content\/uploads\/2014\/07\/608-300x247.jpg 300w, https:\/\/joh-nrw.com\/blog\/wp-content\/uploads\/2014\/07\/608-363x300.jpg 363w\" sizes=\"(max-width: 741px) 100vw, 741px\" \/><br \/>\n<\/a><br \/>\nDer Hass der Linken auf ihr eigenes Volk nimmt immer radikalere Z\u00fcge an, auf diesem Bild sieht man wie radikale \u201cAntideutsche\u201d, den geb\u00fcrtigen Deutschen grundlegende Menschenrechte aberkennen. W\u00fcrde man das Wort \u201cDeutsche\u201d in diesem Bild mit dem Namen irgendeiner anderen Nation tauschen, w\u00e4re dies Volksverhetzung, da es sich hierbei aber \u201cnur\u201d um Deutsche handelt, unternimmt unser linksgerichteter demokratischer Staat jedoch nichts dagegen. Doch dieses Verhalten kennt man bereits von den Linken \u201cAntifaschisten\u201d. Sicher, man k\u00f6nnte sich nun fragen wieso diese Menschen solch eine Verachtung f\u00fcr ihr eigenes Volk empfinden, doch vermutlich wird man keine Antwort darauf finden. Eines ist jedoch sicher: Diese Menschen m\u00fcssen starke Defizite haben, um keine Liebe f\u00fcr ihre Heimat empfinden zu k\u00f6nnen.<\/strong><\/p>\n<p>Dieses abartige Bild ver\u00f6ffentlichte die Seite \u201cDie Antifa e.V.\u201d auf Facebook. Das Bild haben sie mittlerweile gel\u00f6scht, doch zum Gl\u00fcck konnten es einige Personen noch rechtzeitig sichern. Auf dem Bild sieht man eine Frau die vergewaltigt wird, dar\u00fcber steht: \u201cF\u00fcr mehr Zwangsvergewaltigungen von Volksdeutschen!\u201d darunter \u201cstill loving Volkstod\u201d und \u201cF\u00fcr die Vernichtung rein-deutschen Erbgutes!\u201d. Das Bild schickten sie an die \u201cJosef Jugend \u2013 JJ\u201d, mit der Nachricht: \u201cK\u00f6nnen wir auf alle Jozis z\u00e4hlen? Den Volkstod vorantreiben \u2013 JETZT!\u201d. Wie sagt man so sch\u00f6n? Ein Bild sagt mehr als 1000 Worte, dieses Bild zeigt besser als jeder Artikel, wie sehr die Antifa die Deutschen hasst.<\/p>\n<p><strong>WO BLEIBT DENN HIER DER AUFSCHREI DER &#8222;GUTMENSCHEN&#8220; ?<\/strong><\/p>\n<p>die Antifa&#8230;, gesponsert vom &#8222;Staat&#8220; &#8211; Excalibur &#8211; Blogger<br \/>\n<a href=\"https:\/\/www.templerhofiben.blogspot.de\/2014\/07\/die-antifa-gesponsert-vom-staat.html\" target=\"_blank\" rel=\"noopener noreferrer\"><img loading=\"lazy\" class=\"alignnone wp-image-435 size-full\" src=\"http:\/\/www.joh-nrw.com\/blog\/wp-content\/uploads\/2014\/01\/hpfixseparat_1p_menubutton1.gif\" alt=\"hpfixseparat_1p_menubutton1\" width=\"180\" height=\"50\" \/><\/a><\/p>\n<p><a href=\"https:\/\/www.templerhofiben.blogspot.de\/#uds-search-results\" target=\"_blank\" rel=\"noopener noreferrer\"><img loading=\"lazy\" class=\"alignnone wp-image-435 size-full\" src=\"http:\/\/www.joh-nrw.com\/blog\/wp-content\/uploads\/2014\/01\/hpfixseparat_1p_menubutton1.gif\" alt=\"hpfixseparat_1p_menubutton1\" width=\"180\" height=\"50\" \/><\/a><\/p>\n<p>Hamburg 12.09.2015 | BRD-Erf\u00fcllungsgehilfen!<br \/>\n<a href=\"https:\/\/www.youtube.com\/watch?v=TXd29NOKoyQ\" target=\"_blank\" rel=\"noopener noreferrer\"><img loading=\"lazy\" class=\"alignnone size-full wp-image-435\" src=\"http:\/\/www.joh-nrw.com\/blog\/wp-content\/uploads\/2014\/01\/hpfixseparat_1p_menubutton1.gif\" alt=\"hpfixseparat_1p_menubutton1\" width=\"180\" height=\"50\" \/><\/a><\/p>\n<p><a href=\"http:\/\/www.joh-nrw.com\/blog\/wp-content\/uploads\/2014\/01\/hpfixseparat_1weg_frei_.jpg\" target=\"_blank\" rel=\"noopener noreferrer\"><img loading=\"lazy\" class=\"alignnone size-full wp-image-415\" src=\"http:\/\/www.joh-nrw.com\/blog\/wp-content\/uploads\/2014\/01\/hpfixseparat_1weg_frei_.jpg\" alt=\"hpfixseparat_1weg_frei_\" width=\"340\" height=\"252\" srcset=\"https:\/\/joh-nrw.com\/blog\/wp-content\/uploads\/2014\/01\/hpfixseparat_1weg_frei_.jpg 340w, https:\/\/joh-nrw.com\/blog\/wp-content\/uploads\/2014\/01\/hpfixseparat_1weg_frei_-300x222.jpg 300w\" sizes=\"(max-width: 340px) 100vw, 340px\" \/><\/a><\/p>\n","protected":false},"excerpt":{"rendered":"<p>WO BLEIBT DENN HIER DER AUFSCHREI DER DEUTSCHEN M\u00c4NNER ? Antifa: Deutsche Kinder geh\u00f6ren ermordet ! Noch Fragen bez\u00fcglich der Deutschenfeindlichen Ausrichtung der Antifa? Der Hass der Linken auf ihr eigenes Volk nimmt immer radikalere Z\u00fcge an: Deutsche Kinder geh\u00f6ren nicht gesch\u00fctzt sondern ermordet. Aber sonst ist schon noch alles in Ordnung mit euch? Oder schon wieder die Birne zu gedr\u00f6hnt? Wenn euch Deutschland nicht passt, d\u00fcrft ihr gerne das Land verlassen! Wenn die Deutschen eines nicht brauchen, dann ist es das bekiffte, dahin vegetierende und arbeitsscheue Pack der Antifa. Wer seine Landsleute offen als Schei\u00df-Deutsche bezeichnet, kann nicht der Rasse Mensch angeh\u00f6ren. Auch deutsche Frauen sollte man vergewaltigen Deutschland verrecke: Ein Vollpfosten der Antifa auf der Mahnwache in Leipzig Antifa fordert gezielte Vergewaltigung deutscher Frauen Der Hass der Linken auf ihr eigenes Volk nimmt immer radikalere Z\u00fcge an, auf diesem Bild sieht man wie radikale \u201cAntideutsche\u201d, den geb\u00fcrtigen Deutschen grundlegende Menschenrechte aberkennen. W\u00fcrde man das Wort \u201cDeutsche\u201d in diesem Bild mit dem Namen irgendeiner anderen Nation tauschen, w\u00e4re dies Volksverhetzung, da es sich hierbei aber \u201cnur\u201d um Deutsche handelt, unternimmt unser linksgerichteter demokratischer Staat jedoch nichts dagegen. Doch dieses Verhalten kennt man bereits von den Linken \u201cAntifaschisten\u201d. Sicher, man [&hellip;]<\/p>\n","protected":false},"author":1,"featured_media":0,"parent":0,"menu_order":0,"comment_status":"closed","ping_status":"closed","template":"","meta":{"_links_to":"","_links_to_target":""},"_links":{"self":[{"href":"https:\/\/joh-nrw.com\/blog\/wp-json\/wp\/v2\/pages\/1480"}],"collection":[{"href":"https:\/\/joh-nrw.com\/blog\/wp-json\/wp\/v2\/pages"}],"about":[{"href":"https:\/\/joh-nrw.com\/blog\/wp-json\/wp\/v2\/types\/page"}],"author":[{"embeddable":true,"href":"https:\/\/joh-nrw.com\/blog\/wp-json\/wp\/v2\/users\/1"}],"replies":[{"embeddable":true,"href":"https:\/\/joh-nrw.com\/blog\/wp-json\/wp\/v2\/comments?post=1480"}],"version-history":[{"count":10,"href":"https:\/\/joh-nrw.com\/blog\/wp-json\/wp\/v2\/pages\/1480\/revisions"}],"predecessor-version":[{"id":4160,"href":"https:\/\/joh-nrw.com\/blog\/wp-json\/wp\/v2\/pages\/1480\/revisions\/4160"}],"wp:attachment":[{"href":"https:\/\/joh-nrw.com\/blog\/wp-json\/wp\/v2\/media?parent=1480"}],"curies":[{"name":"wp","href":"https:\/\/api.w.org\/{rel}","templated":true}]}}