{"id":1498,"date":"2014-07-28T01:04:32","date_gmt":"2014-07-27T23:04:32","guid":{"rendered":"http:\/\/www.joh-nrw.com\/?page_id=1498"},"modified":"2018-06-16T12:57:48","modified_gmt":"2018-06-16T10:57:48","slug":"wag-joh-anmeldeformulare","status":"publish","type":"page","link":"https:\/\/joh-nrw.com\/blog\/wag-joh-anmeldeformulare","title":{"rendered":"JOH-Anmeldeformulare"},"content":{"rendered":"<p><span style=\"color: #ff0000;\"><em><strong>Bitte beachten Sie bei der Anmeldung, dass alle notwendigen Unterlagen <\/strong><\/em><\/span><br \/>\n<span style=\"color: #ff0000;\"><em><strong>(Anmeldung, Vollmacht, Passbild ) zusammen per Post als Einwurfeinschreiben <\/strong><\/em><\/span><br \/>\n<span style=\"color: #ff0000;\"><em><strong>an die Justizopferhilfe geschickt werden.<\/strong><\/em><\/span><\/p>\n<p><strong>JOH-Anmeldungsformular<\/strong><strong>!<br \/>\n<a href=\"https:\/\/joh-nrw.com\/pdf\/JOH-Anmeldung.pdf\" target=\"_blank\" rel=\"noopener\"><img loading=\"lazy\" class=\"alignnone size-full wp-image-435\" src=\"https:\/\/joh-nrw.com\/blog\/wp-content\/uploads\/2014\/01\/hpfixseparat_1p_menubutton1.gif\" alt=\"hpfixseparat_1p_menubutton1\" width=\"180\" height=\"50\" \/><\/a><\/strong><\/p>\n<p><strong>JOH-Vollmacht!<\/strong><br \/>\n<a href=\"https:\/\/joh-nrw.com\/pdf\/JOH-Vollmacht.pdf\" target=\"_blank\" rel=\"noopener\"><img loading=\"lazy\" class=\"alignnone size-full wp-image-435\" src=\"https:\/\/joh-nrw.com\/blog\/wp-content\/uploads\/2014\/01\/hpfixseparat_1p_menubutton1.gif\" alt=\"hpfixseparat_1p_menubutton1\" width=\"180\" height=\"50\" \/><\/a><\/p>\n<p><strong><em>\u00c4nderungen<\/em> Lebenderkl\u00e4rung<\/strong> (vgl. Live Borne Record)<\/p>\n<p>Die <strong>Lebenderkl\u00e4rung<\/strong> (vgl. Live Borne Record) der <strong>Freikirche<\/strong> WAG-Aktive Christen in Deutschland kann <strong>ab sofort<\/strong> \u00fcber das <strong>Kirchenamt L\u00f6hne<\/strong> beantragt werden.<br \/>\nDer Beitritt zur <strong>Freikirche<\/strong> WAG-Aktive Christen in Deutschland ist kostenlos, sowie auch der Beitritt zur <strong>WAG<\/strong>-Justiz-Opfer-Hilfe NRW\/Deutschland weiterhin kostenlos bleiben wird.<br \/>\nDie <strong>Lebenderkl\u00e4rung<\/strong> (vgl. Live Borne Record) \u00fcber die <strong>Freikirche<\/strong> WAG-Aktive Christen in Deutschland ist f\u00fcr eine Spende von <strong>30,&#8211; \u20ac<\/strong> auf das<strong> Konto<\/strong> der <strong>Freikirche<\/strong> WAG-Aktive Christen in Deutschland zu beantragen. <strong>Voraussetzung daf\u00fcr ist der Beitritt zur gerichtsbest\u00e4tigten Menschenrechtsorganisation WAG-Justiz-Opfer-Hilfe NRW\/Deutschland.<\/strong><\/p>\n<p><strong>Weitere Infos unter:<\/strong> 05732 \/ 90 71 48 9<br \/>\n<a href=\"http:\/\/www.joh-nrw.com\/pdf\/Lebenderklaerung.pdf\" target=\"_blank\" rel=\"noopener\"><img src=\"http:\/\/www.joh-nrw.com\/blog\/wp-content\/uploads\/2014\/01\/hpfixseparat_1p_menubutton1.gif\" alt=\"hpfixseparat_1p_menubutton1\" \/><\/a><\/p>\n<p><strong>Nachweis der legitimen Erbfolge des K\u00f6nigs von Preu\u00dfen und des Interim-Staates Germanitien und der indigenen Volksgruppe Germaniten.<\/strong><br \/>\n<a href=\"http:\/\/www.joh-nrw.com\/pdf\/Erbfolge-Nachweise.pdf\" target=\"_blank\" rel=\"noopener\"><img src=\"http:\/\/www.joh-nrw.com\/blog\/wp-content\/uploads\/2014\/01\/hpfixseparat_1p_menubutton1.gif\" alt=\"hpfixseparat_1p_menubutton1\" \/><\/a><\/p>\n<p><strong>Lebenderkl\u00e4rung &#8211; Anmeldung<\/strong><strong>! <\/strong><em>Achtung! Webseite nicht mehr erreichbar<\/em>!<br \/>\n<em>Siehe oben: \u00c4nderungen Lebenderkl\u00e4rung (vgl. Live Borne Record)<\/em><strong><br \/>\n<a href=\"http:\/\/euro-union.org\/register_member.php\" target=\"_blank\" rel=\"noopener\"><img loading=\"lazy\" class=\"alignnone size-full wp-image-435\" src=\"https:\/\/joh-nrw.com\/blog\/wp-content\/uploads\/2014\/01\/hpfixseparat_1p_menubutton1.gif\" alt=\"hpfixseparat_1p_menubutton1\" width=\"180\" height=\"50\" \/><\/a><\/strong><\/p>\n<p><strong>Lebenderkl\u00e4rung (Anleitung) &#8211; Live Borne Record Apostille<\/strong><strong>!<br \/>\n<\/strong><em>Siehe oben: \u00c4nderungen Lebenderkl\u00e4rung (vgl. Live Borne Record)<\/em><strong><br \/>\n<a href=\"https:\/\/joh-nrw.com\/pdf\/Lebenderklaerung-(Anleitung)-Live-Borne-Record-Apostille.pdf\" target=\"_blank\" rel=\"noopener\"><img loading=\"lazy\" class=\"alignnone size-full wp-image-435\" src=\"https:\/\/joh-nrw.com\/blog\/wp-content\/uploads\/2014\/01\/hpfixseparat_1p_menubutton1.gif\" alt=\"hpfixseparat_1p_menubutton1\" width=\"180\" height=\"50\" \/><\/a><\/strong><\/p>\n<p><strong>Lebenderkl\u00e4rung (Anleitung) &#8211; Live Borne Record Apostille<\/strong><strong>!<br \/>\n<\/strong>und weitere Hinweise \/ Informationen &#8211; komplett zum download<strong>!<br \/>\n<\/strong><em>Siehe oben: \u00c4nderungen Lebenderkl\u00e4rung (vgl. Live Borne Record)<\/em><strong><br \/>\n<a href=\"https:\/\/joh-nrw.com\/daten\/Lebenderklaerung-komplett-zum-download.zip\"><img loading=\"lazy\" class=\"alignnone size-full wp-image-435\" src=\"https:\/\/joh-nrw.com\/blog\/wp-content\/uploads\/2014\/01\/hpfixseparat_1p_menubutton1.gif\" alt=\"hpfixseparat_1p_menubutton1\" width=\"180\" height=\"50\" \/><\/a><\/strong><\/p>\n<p><strong>Live Borne Record Apostille Deutsche \u00dcbersetzung<\/strong><strong>!<br \/>\n<\/strong><em>Siehe oben: \u00c4nderungen Lebenderkl\u00e4rung (vgl. Live Borne Record)<\/em><strong><br \/>\n<a href=\"https:\/\/joh-nrw.com\/pdf\/Live-Born-Deutsche-Uebersetzung.pdf\" target=\"_blank\" rel=\"noopener\"><img loading=\"lazy\" class=\"alignnone size-full wp-image-435\" src=\"https:\/\/joh-nrw.com\/blog\/wp-content\/uploads\/2014\/01\/hpfixseparat_1p_menubutton1.gif\" alt=\"hpfixseparat_1p_menubutton1\" width=\"180\" height=\"50\" \/><\/a><\/strong><\/p>\n<p><strong>JOH-Ausweis<br \/>\n<\/strong>F\u00fcr alle die den alten JOH-Ausweis schon besitzen und den neuen JOH-Ausweis haben m\u00f6chten, entsteht ein Geb\u00fchren-Pauschale von 30\u20ac!<br \/>\n<strong><a href=\"http:\/\/www.joh-nrw.com\/blog\/wp-content\/uploads\/2014\/07\/max_mustermann-d.jpg\" target=\"_blank\" rel=\"noopener\"><img loading=\"lazy\" class=\"alignnone size-full wp-image-435\" src=\"http:\/\/www.joh-nrw.com\/blog\/wp-content\/uploads\/2014\/01\/hpfixseparat_1p_menubutton1.gif\" alt=\"hpfixseparat_1p_menubutton1\" width=\"180\" height=\"50\" \/><\/a><br \/>\n<\/strong><\/p>\n<p><strong>Interim-Staatsangeh\u00f6rigkeitsurkunde f\u00fcr JOH-Angeh\u00f6rige<br \/>\n<\/strong>Zu dem Ausweis der Menschenrechtsorganisation, WAG-JOH NRW\/Deutschland gibt es nun auch eine Interim-Staatsangeh\u00f6rigkeitsurkunde die den Angeh\u00f6rigen der Menschenrechtsorganisation WAG-JOH NRW\/Deutschland als deutschen Staatsangeh\u00f6rigen nach RuStAG von 1913 ausweist.<strong><br \/>\n<a href=\"http:\/\/www.joh-nrw.com\/interim-staatsangehoerigkeitsurkunde-fuer-joh-angehoerige\" target=\"_blank\" rel=\"noopener\"><img loading=\"lazy\" class=\"alignnone size-full wp-image-435\" src=\"https:\/\/joh-nrw.com\/blog\/wp-content\/uploads\/2014\/01\/hpfixseparat_1p_menubutton1.gif\" alt=\"hpfixseparat_1p_menubutton1\" width=\"180\" height=\"50\" \/><\/a><br \/>\n<\/strong><\/p>\n<p><strong>Anmeldung KFZ Freikirche f\u00fcr JOH-Angeh\u00f6rige<br \/>\n<\/strong>Wir von der WAG-ACiD in L\u00f6hne bieten Angeh\u00f6rigen der VG Germaniten die M\u00f6glichkeit an, Ihre Fahrzeuge \u00fcber die Freikirche anzumelden.<br \/>\nF\u00fcr weitere Informationen:<br \/>\n<strong><a href=\"http:\/\/www.joh-nrw.com\/anmeldung-kfz-freikirche\" target=\"_blank\" rel=\"noopener\"><img loading=\"lazy\" class=\"alignnone size-full wp-image-435\" src=\"https:\/\/joh-nrw.com\/blog\/wp-content\/uploads\/2014\/01\/hpfixseparat_1p_menubutton1.gif\" alt=\"hpfixseparat_1p_menubutton1\" width=\"180\" height=\"50\" \/><\/a><br \/>\n<\/strong><\/p>\n<p>Bitte <strong>alle<\/strong> Unterlagen zur Anmeldung im <strong>ORIGINAL<\/strong> (Anmeldung, Bild, Vollmacht, Live Borne Record, usw., mit ihren pers\u00f6nlichen Angaben Geburtsdatum, Geburtsort, und juristisch <strong>korrekter<\/strong> Unterschrift) per Post ( <strong>Einwurfeinschreiben<\/strong>) (<strong>nicht per E-Mail<\/strong>) an die nachstehende Postadresse \u00fcbersenden:<\/p>\n<p><strong>Kontaktadresse:\u00a0\u00a0 &lt; &#8211; &gt;\u00a0\u00a0 Postanschrift ab dem 10.10.2015:<br \/>\nWegen mehrfachem Postdiebstahl durch BRD-Erf\u00fcllungsgehilfen bitte vor dem Abschicken der Anmeldungen uns kontaktieren.<\/p>\n<p><\/strong><\/p>\n<p><strong>Vorstand der Justiz-Opfer-Hilfe NRW\/Deutschland<\/strong><br \/>\nAlte Dorfstra\u00dfe 7<br \/>\n31737 Rinteln<\/p>\n<p>Tel.: 05731\/4989180<br \/>\nFax.: 05731\/4989175<\/p>\n","protected":false},"excerpt":{"rendered":"<p>Bitte beachten Sie bei der Anmeldung, dass alle notwendigen Unterlagen (Anmeldung, Vollmacht, Passbild ) zusammen per Post als Einwurfeinschreiben an die Justizopferhilfe geschickt werden. JOH-Anmeldungsformular! JOH-Vollmacht! \u00c4nderungen Lebenderkl\u00e4rung (vgl. Live Borne Record) Die Lebenderkl\u00e4rung (vgl. Live Borne Record) der Freikirche WAG-Aktive Christen in Deutschland kann ab sofort \u00fcber das Kirchenamt L\u00f6hne beantragt werden. Der Beitritt zur Freikirche WAG-Aktive Christen in Deutschland ist kostenlos, sowie auch der Beitritt zur WAG-Justiz-Opfer-Hilfe NRW\/Deutschland weiterhin kostenlos bleiben wird. Die Lebenderkl\u00e4rung (vgl. Live Borne Record) \u00fcber die Freikirche WAG-Aktive Christen in Deutschland ist f\u00fcr eine Spende von 30,&#8211; \u20ac auf das Konto der Freikirche WAG-Aktive Christen in Deutschland zu beantragen. Voraussetzung daf\u00fcr ist der Beitritt zur gerichtsbest\u00e4tigten Menschenrechtsorganisation WAG-Justiz-Opfer-Hilfe NRW\/Deutschland. Weitere Infos unter: 05732 \/ 90 71 48 9 Nachweis der legitimen Erbfolge des K\u00f6nigs von Preu\u00dfen und des Interim-Staates Germanitien und der indigenen Volksgruppe Germaniten. Lebenderkl\u00e4rung &#8211; Anmeldung! Achtung! Webseite nicht mehr erreichbar! Siehe oben: \u00c4nderungen Lebenderkl\u00e4rung (vgl. Live Borne Record) Lebenderkl\u00e4rung (Anleitung) &#8211; Live Borne Record Apostille! Siehe oben: \u00c4nderungen Lebenderkl\u00e4rung (vgl. Live Borne Record) Lebenderkl\u00e4rung (Anleitung) &#8211; Live Borne Record Apostille! und weitere Hinweise \/ Informationen &#8211; komplett zum download! Siehe oben: \u00c4nderungen Lebenderkl\u00e4rung (vgl. Live Borne Record) Live Borne Record Apostille [&hellip;]<\/p>\n","protected":false},"author":1,"featured_media":0,"parent":0,"menu_order":0,"comment_status":"closed","ping_status":"closed","template":"","meta":{"_links_to":"","_links_to_target":""},"_links":{"self":[{"href":"https:\/\/joh-nrw.com\/blog\/wp-json\/wp\/v2\/pages\/1498"}],"collection":[{"href":"https:\/\/joh-nrw.com\/blog\/wp-json\/wp\/v2\/pages"}],"about":[{"href":"https:\/\/joh-nrw.com\/blog\/wp-json\/wp\/v2\/types\/page"}],"author":[{"embeddable":true,"href":"https:\/\/joh-nrw.com\/blog\/wp-json\/wp\/v2\/users\/1"}],"replies":[{"embeddable":true,"href":"https:\/\/joh-nrw.com\/blog\/wp-json\/wp\/v2\/comments?post=1498"}],"version-history":[{"count":15,"href":"https:\/\/joh-nrw.com\/blog\/wp-json\/wp\/v2\/pages\/1498\/revisions"}],"predecessor-version":[{"id":4037,"href":"https:\/\/joh-nrw.com\/blog\/wp-json\/wp\/v2\/pages\/1498\/revisions\/4037"}],"wp:attachment":[{"href":"https:\/\/joh-nrw.com\/blog\/wp-json\/wp\/v2\/media?parent=1498"}],"curies":[{"name":"wp","href":"https:\/\/api.w.org\/{rel}","templated":true}]}}