{"id":1581,"date":"2014-08-20T21:08:10","date_gmt":"2014-08-20T19:08:10","guid":{"rendered":"http:\/\/www.joh-nrw.com\/?page_id=1581"},"modified":"2021-08-04T17:26:40","modified_gmt":"2021-08-04T15:26:40","slug":"freikirche-wag-acid","status":"publish","type":"page","link":"https:\/\/joh-nrw.com\/blog\/freikirche-wag-acid","title":{"rendered":"Freikirche &#8211; WAG-ACiD"},"content":{"rendered":"<p><a href=\"http:\/\/www.freikirche-nrw.de\/\" target=\"_blank\" rel=\"noopener noreferrer\"><img loading=\"lazy\" class=\"alignnone size-full wp-image-1582\" src=\"http:\/\/www.joh-nrw.com\/blog\/wp-content\/uploads\/2014\/08\/Freikirche.jpg\" alt=\"Freikirche\" width=\"442\" height=\"698\" \/><\/a><br \/>\nDie WAG-ACiD in L\u00f6hne wird sich auch in Zukunft um einen Friedensvertrag<br \/>\nf\u00fcr das deutsche Volk bem\u00fchen und sich auch weiterhin f\u00fcr den Schutz der<br \/>\nnat\u00fcrlichen Lebensgrundlagen (vgl. GG Art. 20 a\/analog) einsetzen, sowie<br \/>\ndie WAG-ACiD auch weiterhin f\u00fcr die Umsetzung des GG Art. 146 streiten<br \/>\nwird.<br \/>\n<strong>Zur Freikirche-NRW<\/strong> \u00a0\u00a0 \u00a0 \u00a0 \u00a0\u00a0\u00a0\u00a0\u00a0\u00a0\u00a0 <strong>Pr\u00e4ambel der Erkenntnis !<\/strong><br \/>\n<a href=\"http:\/\/www.freikirche-nrw.de\/\" target=\"_blank\" rel=\"noopener noreferrer\"><img loading=\"lazy\" class=\"alignnone size-full wp-image-435\" src=\"http:\/\/www.joh-nrw.com\/blog\/wp-content\/uploads\/2014\/01\/hpfixseparat_1p_menubutton1.gif\" alt=\"hpfixseparat_1p_menubutton1\" width=\"180\" height=\"50\" \/><\/a>\u00a0\u00a0\u00a0\u00a0 <a href=\"http:\/\/www.joh-nrw.com\/pdf\/Erkenntnis.pdf\" target=\"_blank\" rel=\"noopener noreferrer\"><img loading=\"lazy\" class=\"alignnone wp-image-435 size-full\" src=\"http:\/\/www.joh-nrw.com\/blog\/wp-content\/uploads\/2014\/01\/hpfixseparat_1p_menubutton1.gif\" alt=\"hpfixseparat_1p_menubutton1\" width=\"180\" height=\"50\" \/><\/a><\/p>\n<p><a href=\"http:\/\/www.joh-nrw.com\/blog\/wp-content\/uploads\/2014\/01\/hpfixseparat_1weg_frei_.jpg\" target=\"_blank\" rel=\"noopener noreferrer\"><img loading=\"lazy\" class=\"alignnone size-full wp-image-415\" src=\"http:\/\/www.joh-nrw.com\/blog\/wp-content\/uploads\/2014\/01\/hpfixseparat_1weg_frei_.jpg\" alt=\"hpfixseparat_1weg_frei_\" width=\"340\" height=\"252\" srcset=\"https:\/\/joh-nrw.com\/blog\/wp-content\/uploads\/2014\/01\/hpfixseparat_1weg_frei_.jpg 340w, https:\/\/joh-nrw.com\/blog\/wp-content\/uploads\/2014\/01\/hpfixseparat_1weg_frei_-300x222.jpg 300w\" sizes=\"(max-width: 340px) 100vw, 340px\" \/><\/a><\/p>\n","protected":false},"excerpt":{"rendered":"<p>Die WAG-ACiD in L\u00f6hne wird sich auch in Zukunft um einen Friedensvertrag f\u00fcr das deutsche Volk bem\u00fchen und sich auch weiterhin f\u00fcr den Schutz der nat\u00fcrlichen Lebensgrundlagen (vgl. GG Art. 20 a\/analog) einsetzen, sowie die WAG-ACiD auch weiterhin f\u00fcr die Umsetzung des GG Art. 146 streiten wird. Zur Freikirche-NRW \u00a0\u00a0 \u00a0 \u00a0 \u00a0\u00a0\u00a0\u00a0\u00a0\u00a0\u00a0 Pr\u00e4ambel der Erkenntnis ! \u00a0\u00a0\u00a0\u00a0<\/p>\n","protected":false},"author":1,"featured_media":0,"parent":0,"menu_order":0,"comment_status":"closed","ping_status":"closed","template":"","meta":{"_links_to":"","_links_to_target":""},"_links":{"self":[{"href":"https:\/\/joh-nrw.com\/blog\/wp-json\/wp\/v2\/pages\/1581"}],"collection":[{"href":"https:\/\/joh-nrw.com\/blog\/wp-json\/wp\/v2\/pages"}],"about":[{"href":"https:\/\/joh-nrw.com\/blog\/wp-json\/wp\/v2\/types\/page"}],"author":[{"embeddable":true,"href":"https:\/\/joh-nrw.com\/blog\/wp-json\/wp\/v2\/users\/1"}],"replies":[{"embeddable":true,"href":"https:\/\/joh-nrw.com\/blog\/wp-json\/wp\/v2\/comments?post=1581"}],"version-history":[{"count":5,"href":"https:\/\/joh-nrw.com\/blog\/wp-json\/wp\/v2\/pages\/1581\/revisions"}],"predecessor-version":[{"id":4229,"href":"https:\/\/joh-nrw.com\/blog\/wp-json\/wp\/v2\/pages\/1581\/revisions\/4229"}],"wp:attachment":[{"href":"https:\/\/joh-nrw.com\/blog\/wp-json\/wp\/v2\/media?parent=1581"}],"curies":[{"name":"wp","href":"https:\/\/api.w.org\/{rel}","templated":true}]}}