{"id":1711,"date":"2014-12-18T05:32:31","date_gmt":"2014-12-18T04:32:31","guid":{"rendered":"http:\/\/www.joh-nrw.com\/?page_id=1711"},"modified":"2014-12-18T14:39:07","modified_gmt":"2014-12-18T13:39:07","slug":"rolf-juergen-wiser","status":"publish","type":"page","link":"https:\/\/joh-nrw.com\/blog\/rolf-juergen-wiser","title":{"rendered":"Rolf-J\u00fcrgen Wiser"},"content":{"rendered":"<p><a href=\"https:\/\/joh-nrw.com\/blog\/wp-content\/uploads\/2014\/12\/Im-stillen-Gedenken-an-einen-Freund-und-Kameraden.png\" target=\"_blank\"><img loading=\"lazy\" class=\"alignnone size-full wp-image-1712\" src=\"https:\/\/joh-nrw.com\/blog\/wp-content\/uploads\/2014\/12\/Im-stillen-Gedenken-an-einen-Freund-und-Kameraden.png\" alt=\"Im stillen Gedenken an einen Freund und Kameraden\" width=\"524\" height=\"804\" srcset=\"https:\/\/joh-nrw.com\/blog\/wp-content\/uploads\/2014\/12\/Im-stillen-Gedenken-an-einen-Freund-und-Kameraden.png 524w, https:\/\/joh-nrw.com\/blog\/wp-content\/uploads\/2014\/12\/Im-stillen-Gedenken-an-einen-Freund-und-Kameraden-195x300.png 195w\" sizes=\"(max-width: 524px) 100vw, 524px\" \/><br \/>\n<\/a><\/p>\n<p>Wir von der WAG-JOH haben einen guten Freund und Kameraden mit Rolf-J\u00fcrgen<br \/>\nWiser verloren. Der Schmerz der unser t\u00e4gliches Leben durch diesen gro\u00dfen<br \/>\nVerlust begleitet, der ist fast unertr\u00e4glich.<\/p>\n<p>Mit Rolf-J\u00fcrgen Wiser haben wir alle aber auch einen exelenten und<br \/>\nhervorragenden Streiter f\u00fcr Gesetz und Recht verloren. Der Mensch<br \/>\nRolf-J\u00fcrgen Wiser war ein Mann mit Verstand der aber auch immer die<br \/>\neigenen Worte mit dem Herzen gepr\u00fcft hat.<\/p>\n<p>Mit dem Tod von Rolf-J\u00fcrgen Wiser ist der Himmel reicher und wir hier auf<br \/>\nErden um einiges \u00e4rmer geworden.<\/p>\n<p>Axel Thiesmeier<\/p>\n<p>::::::::::::::::::::::::::::::::::::::::::::::::::::::::::::::::::::::::::::::::::::::::::::::::::::::::::::::::::::::::::::::::::::::<\/p>\n","protected":false},"excerpt":{"rendered":"<p>Wir von der WAG-JOH haben einen guten Freund und Kameraden mit Rolf-J\u00fcrgen Wiser verloren. Der Schmerz der unser t\u00e4gliches Leben durch diesen gro\u00dfen Verlust begleitet, der ist fast unertr\u00e4glich. Mit Rolf-J\u00fcrgen Wiser haben wir alle aber auch einen exelenten und hervorragenden Streiter f\u00fcr Gesetz und Recht verloren. Der Mensch Rolf-J\u00fcrgen Wiser war ein Mann mit Verstand der aber auch immer die eigenen Worte mit dem Herzen gepr\u00fcft hat. Mit dem Tod von Rolf-J\u00fcrgen Wiser ist der Himmel reicher und wir hier auf Erden um einiges \u00e4rmer geworden. Axel Thiesmeier ::::::::::::::::::::::::::::::::::::::::::::::::::::::::::::::::::::::::::::::::::::::::::::::::::::::::::::::::::::::::::::::::::::::<\/p>\n","protected":false},"author":1,"featured_media":0,"parent":0,"menu_order":0,"comment_status":"closed","ping_status":"closed","template":"sidebar-page.php","meta":{"_links_to":"","_links_to_target":""},"_links":{"self":[{"href":"https:\/\/joh-nrw.com\/blog\/wp-json\/wp\/v2\/pages\/1711"}],"collection":[{"href":"https:\/\/joh-nrw.com\/blog\/wp-json\/wp\/v2\/pages"}],"about":[{"href":"https:\/\/joh-nrw.com\/blog\/wp-json\/wp\/v2\/types\/page"}],"author":[{"embeddable":true,"href":"https:\/\/joh-nrw.com\/blog\/wp-json\/wp\/v2\/users\/1"}],"replies":[{"embeddable":true,"href":"https:\/\/joh-nrw.com\/blog\/wp-json\/wp\/v2\/comments?post=1711"}],"version-history":[{"count":7,"href":"https:\/\/joh-nrw.com\/blog\/wp-json\/wp\/v2\/pages\/1711\/revisions"}],"predecessor-version":[{"id":1728,"href":"https:\/\/joh-nrw.com\/blog\/wp-json\/wp\/v2\/pages\/1711\/revisions\/1728"}],"wp:attachment":[{"href":"https:\/\/joh-nrw.com\/blog\/wp-json\/wp\/v2\/media?parent=1711"}],"curies":[{"name":"wp","href":"https:\/\/api.w.org\/{rel}","templated":true}]}}