{"id":2,"date":"2014-01-28T21:33:42","date_gmt":"2014-01-28T20:33:42","guid":{"rendered":"http:\/\/joh-nrw.com\/blog\/?page_id=2"},"modified":"2024-11-16T13:58:28","modified_gmt":"2024-11-16T12:58:28","slug":"impressum","status":"publish","type":"page","link":"https:\/\/joh-nrw.com\/blog\/impressum","title":{"rendered":"Impressum"},"content":{"rendered":"<p><strong>Impressum<br \/>\n<\/strong><\/p>\n<p>\u00a9 <strong>Gerson Goldmann<\/strong><br \/>\nby<br \/>\nXChiang General Manager<br \/>\nLinh Wang<br \/>\n3617 Tower One, Lippo Centre<br \/>\n<strong>Hong Kong<\/strong> 89 Queensway<br \/>\n+852 367 89941<br \/>\nE-Mail: <a href=\"mailto:info@xchiang.com\">info@xchiang.com<\/a><br \/>\n<a href=\"https:\/\/joh-nrw.com\/pdf\/Nutzungsvertrag.pdf\" target=\"_blank\" rel=\"noopener\"><img loading=\"lazy\" class=\"alignnone wp-image-435 size-full\" src=\"https:\/\/joh-nrw.com\/blog\/wp-content\/uploads\/2014\/01\/hpfixseparat_1p_menubutton1.gif\" alt=\"hpfixseparat_1p_menubutton1\" width=\"180\" height=\"50\" \/><\/a><\/p>\n<p><strong>Bitte beachten Sie unseren Nutzungsvertrag!<br \/>\n<a href=\"https:\/\/joh-nrw.com\/pdf\/Nutzungsvertrag.pdf\" target=\"_blank\" rel=\"noopener\"><img loading=\"lazy\" class=\"alignnone size-full wp-image-435\" src=\"https:\/\/joh-nrw.com\/blog\/wp-content\/uploads\/2014\/01\/hpfixseparat_1p_menubutton1.gif\" alt=\"hpfixseparat_1p_menubutton1\" width=\"180\" height=\"50\" \/><\/a><\/strong><\/p>\n<p><strong>Bitte beachten Sie unsere Hausordnung\/Vertrag!<br \/>\n<a href=\"https:\/\/joh-nrw.com\/pdf\/Hausvertrag-JOH.pdf\" target=\"_blank\" rel=\"noopener\"><img loading=\"lazy\" class=\"alignnone size-full wp-image-435\" src=\"https:\/\/joh-nrw.com\/blog\/wp-content\/uploads\/2014\/01\/hpfixseparat_1p_menubutton1.gif\" alt=\"hpfixseparat_1p_menubutton1\" width=\"180\" height=\"50\" \/><\/a><\/strong><\/p>\n<p><span style=\"font-family: Arial;\"><span style=\"font-size: large;\"><span style=\"color: #ffff80;\"><strong>JOH-Anmeldungsformular \/ Vollmacht<\/strong><strong>!<\/strong><\/span><\/span><\/span><\/p>\n<p><a href=\"http:\/\/www.joh-nrw.net\/pdf\/JOH-Anmeldung.pdf\">http:\/\/www.joh-nrw.net\/pdf\/JOH-Anmeldung.pdf<\/a><\/p>\n<p><a href=\"http:\/\/www.joh-nrw.net\/pdf\/JOH-Vollmacht.pdf\">http:\/\/www.joh-nrw.net\/pdf\/JOH-Vollmacht.pdf<\/a><\/p>\n<p><strong><span style=\"color: #ffff80;\">HINWEIS:<br \/>\n<\/span><\/strong>Die Inhalte, Verweise, Verlinkungen stellen nicht unbedingt die Meinung des Haftenden\/Inhabers\/Verfassers dieser Webseite dar. F\u00fcr externe Webverlinkungen, Webseiten wird keinerlei (inhaltl.) Gew\u00e4hr, Haftung \u00fcbernommen. Alle Dokumente, bildlichen Darstellungen als auch Symbole \u2013 insbes. aus der NS- Zeit von 1933 \u2013 1945 dienen grunds\u00e4tzlich der\u00a0staatsb\u00fcrgerlichen Aufkl\u00e4rung, historischen Forschung mit dem Ziel den Faschismus und Nazismus in der Bundesrepublik Deutschland als Rechtsnachfolger des Dritten Reich endg\u00fcltig zu beseitigen = zur\u00fcck in die Heimat- StA vor 1933 &#8211; Verfassungsumsetzung GG Artikel 146 a. F. in Verb. mit GG Artikel 139 = Herstellung Welt-Frieden durch Friedensvertr\u00e4ge mit 54 Nationen. (Allg. Verweis Artikel 139 Milit\u00e4r Grund Gesetz mit den nachfolgenden Rechtsvorschriften &#8211; SHAEF + SMAD in Verbindung mit Artikel 146 + 16 + 116GG + DriG \u00a7 9 und \u00a7 18)<\/p>\n<p align=\"left\">Wir weisen auf unser virtuelles Hausrecht hin. In Aus\u00fcbung dieses Rechtes wird allen BRD-Beh\u00f6rden, insbesondere BRD-\u00c4mtern, juristischen Personen \u00f6ffentlichen Rechts, in dieser Weise beliehenen Personen und Anstalten \u00f6ffentlichen Rechts (vgl. UStG \u00a7 2b\/analoge), der Zutritt zu unseren Netzseiten (Foren) verboten.! Zuwiderhandlungen gegen diese virtuelle Hausordnung\/Vertrag werden pauschal mit einer Vertragsstrafe von\u00a0350. 000,00 Euro pro Fall\/Vergehen gegen den Rechtbrecher gearndet und weiterf\u00fchrend entsprechend \u00fcber einen &#8222;Vertrag \u00fcber Schadenersatz&#8220; geregelt. Als g\u00fcltiger staatlicher Gerichtsstand wird ausschlie\u00dflich der Internationale Menschenrechtstrafgerichtshof, Koblenzer Str. 28, 32584 L\u00f6hne vereinbart. Es\u00a0gilt bei Streitigkeiten vor dem Internationalen Menschenrechtstrafgerichtshof ausschlie\u00dflich DEUTSCHES RECHT\u00a0i. V. mit den \u00fcberall g\u00fcltigen Menschen- und V\u00f6lkerrechten als vereinbart.\u00a0Klagen von juristischen Personen (vgl. UStG \u00a7 2b\/analoge) und deren Bedienstete, Personal (vgl. Dienstausweis\/Personalausweis) mit der NAZI-Staatsangeh\u00f6rigkeit &#8222;DEUTSCH&#8220; von 1934 im Personalausweis, Reisepass, werden wegen dem vors\u00e4tzlichen Versto\u00df gegen das Grundgesetz f\u00fcr die Bundesrepublik Deutschland (vgl. Art. 139 \/analoge) abgelehnt \/ zur\u00fcckgewiesen und auch nicht vereinbart.<\/p>\n<p>Begr\u00fcndung:<\/p>\n<p align=\"left\">Die Bundesrepublik Deutschland ist der Rechtsnachfolger des Dritten Reiches und kein souver\u00e4ner Staat. In der Bundesrepublik Deutschland als Rechtsnachfolger des Dritten Reiches werden bis heute noch NAZI-Gesetze zur Anwendung gebracht.\u00a0Es gibt in der Bundesrepublik Deutschland als Rechtsnachfolger des Dritten Reiches weder staatliche Gerichte (vgl.\u00a0\u00a7 15 GVG)\u00a0\u00a0noch gesetzliche Richter (vgl. Art. 101 GG i. V. mit \u00a7 16 GVG\/analog) oder Gesch\u00e4ftsverteilungspl\u00e4ne die entsprechend der gesetzlichenVorschrift (vgl. \u00a7\u00a7 16, 21 e GVG \/ analog) an den Gerichten in der Bundesrepublik Deutschland vorliegen. Es gibt nicht einmal einen Juristen\u00a0in der bundesrepublikanischen Rechtspflege der nach DEUTSCHEM RECHT \u00fcber eine Zulassung (vgl. \u00a7 11 StGB\/analog) verf\u00fcgt, noch den Nachweis dar\u00fcber erbringen kann, in welchem souver\u00e4nen Staat er sein &#8222;Staatsexamen&#8220; als juristische Person mit der NAZI-Staatsangeh\u00f6rigkeit &#8222;DEUTSCH&#8220; absolviert haben will. Mehr zu diesem brisanten Thema dann auf dieser Internetseite.<\/p>\n<p align=\"left\"><span style=\"color: #ff0000;\">Mit dem Beitritt zur UNO am 18. September 1973 hat die Bundesrepublik Deutschland de facto dem deutschen Volk und dem Deutschen Reich den Krieg erkl\u00e4rt. Sie ist ohne Beseitigung der Feindstaatenklauseln offen auf die Seite der Kriegsgegner getreten. Dieser Beitritt konnte nur mit dem Besatzungsvorbehalt erfolgen, so dass die Besatzungsm\u00e4chte in eigener Sache die Verwaltungskonstrukte BRD und DDR als vermeintliche Staaten in die UNO gebracht haben. Die Bundesrepublik wurde auch mit Zusammenschluss von Mittel- und Westdeutschland ohne Ostdeutschland durch Verhandlungen der alliierten Siegerm\u00e4chte mit sich selbst, 1990 weder ein Staat noch souver\u00e4n.<\/span><\/p>\n<p><span style=\"color: #ff0000;\">Quelle:\u00a0 Zentralkurier Nr. 3\/1 vom Do. 25. September 2008<\/span><\/p>\n<p align=\"left\">GG Art. 20 (4) &#8211; (Widerstandspflicht) &#8211; i. V. mit\u00a0\u00a7\u00a7 32,\u00a0113 (3), 138 StGB \/ analoge)\u00a0 (vgl. Notwehrpflicht &#8211; Anzeigepflicht).<\/p>\n<p align=\"left\">ISENSEE, J., Das legalisierte Widerstandsrecht, Seite 41<\/p>\n<p align=\"left\">&#8222;Der Rechtsstaat garantiert dem Einzelnen effektiven Rechtsschutz&#8230;&#8220;<\/p>\n<p align=\"left\">&#8222;Die Friedenspflicht des B\u00fcrgers und das Verbot der Selbsthilfe bestehen aber nur soweit, wie der effektive staatliche Rechtsschutz reicht. Das Selbsthilferecht des B\u00fcrgers lebt deshalb in Grenzf\u00e4llen auf, in denen ausnahmsweise keine gerichtliche Hilfe erreichbar und die vorl\u00e4ufige Hinnahme einerRechtsverletzung durch Staatsorgane unzumutbar ist.&#8220;<\/p>\n<p>(vgl. SHAEF-Gesetz Nr. 52, Art. VII, Abs. 9, Buchstabe (e),\u00a0 &#8211;\u00a0 Geltungsbereich des Staates Deutschland\/Deutsches Reich in den Grenzen vom 31.12.1937<br \/>\nSHAEF-Gesetz Nr. 52, Art. VIII, Abs. 10 &#8211; Strafverfolgung, ggf. Todesstrafe f\u00fcr alle Hochverr\u00e4ter am Staat Deutschland\/Deutsches Reich)<br \/>\nVdDR 1848,1871 \/ WRV 1919 &#8211; g\u00fcltiges Deutsches Recht<br \/>\nGG Art. 20 (4) &#8211; Widerstandspflicht eines jeden\u00a0Staatsangeh\u00f6rigen gegen kriminelle BRD-Bedienstete\/Personal (vgl. Dienstausweis, Personalausweis).<br \/>\nBRD-StGB \u00a7 32, i. V. mit \u00a7\u00a7 113 (3), 138 \/ analoge\u00a0 &#8211; Notwehrpflicht um einen rechtswidrigen Angriff von sich oder einem Dritten abzuwenden.<br \/>\nBRD-StGB\u00a0 \u00a7 138 (3) (Anzeigepflicht u. a. auch wegen Hochverrat und Volksverhetzung gegen kriminelle BRD-Bedienstete\/Personal (vgl. Dienstausweis, Personalausweis) ist die Pflicht eines jeden Staatsangeh\u00f6rigen um sich nicht selbst an\u00a0Straftaten der BRD-Kriminellen zu beteiligen).<\/p>\n<p align=\"left\"><strong><span style=\"color: #ff0000;\">Hinweis:<\/span><\/strong><br \/>\nWenn auf unseren Internetseiten oder in Beschl\u00fcssen\/Urteilen\/Schreiben der &#8222;<span style=\"color: #ff0000;\">Staat Deutschland<\/span>&#8220; genannt wird, ist damit logischerweise immer der v\u00f6lkerrechtlich existierende\u00a0<span style=\"color: #ff0000;\">Staat Deutsches Reich<\/span>\u00a0gemeint.<\/p>\n<p align=\"left\">Zitate zum Nachdenken!<\/p>\n<p align=\"left\"><span style=\"color: #ff0000;\">Ein Richter im Ruhestand gesteht\u2026<\/span><\/p>\n<p align=\"left\"><span style=\"color: #ff0000;\">tiefer Ekel\u2026<\/span><\/p>\n<p align=\"left\"><span style=\"color: #ff0000;\">&#8222;Ich war von 1973 bis 2004 Richter am Landgericht Stuttgart und habe in dieser Zeit ebenso unglaubliche wie unz\u00e4hlige, vom System organisierte Rechtsbr\u00fcche und Rechtsbeugungen erlebt, gegen die nicht anzukommen war\/ist, weil sie systemkonform sind. Ich habe unz\u00e4hlige Richterinnen und Richter, Staatsanw\u00e4ltinnen und Staatsanw\u00e4lte erleben m\u00fcssen, die man schlicht \u201ekriminell&#8220; nennen kann. Sie waren\/sind sich aber sakrosankt, weil sie per Ordre de Mufti gehandelt haben oder vom System gedeckt wurden, um der Reputation willen\u2026<\/span><\/p>\n<p align=\"left\"><span style=\"color: #ff0000;\">In der Justiz gegen solche Kollegen vorzugehen, ist nicht m\u00f6glich, denn das System sch\u00fctzt sich vor einem Outing selbst &#8211; durch konsequente Manipulation. Wenn ich an meinen Beruf zur\u00fcckdenke (ich bin im Ruhestand), dann \u00fcberkommt mich ein tiefer Ekel vor &#8222;meinesgleichen&#8220;. Frank Fahsel, Fellbach, in der &#8222;S\u00fcddeutschen Zeitung&#8220;, 09.04.2008<\/span><\/p>\n<p align=\"left\">Der Pr\u00e4sident des Bundesgerichthofes Prof. Dr. G\u00fcnter Hirsch hat zur Aufarbeitung der realen Zeit folgendes dokumentiert:<\/p>\n<p align=\"left\">&#8222;Die Gef\u00e4hrlichkeit des Unrechtstaates liegt ja nicht so sehr darin, da\u00df es Richter frontal veranla\u00dft, das Recht zu brechen, sondern darin, da\u00df er Unrecht in Gesetzesform gie\u00dft und darauf setzt, da\u00df Richter nicht mehr nach dem Recht fragen, wenn sie ein Gesetz zur Hand haben.&#8220;<\/p>\n<p align=\"left\">&#8222;Richtet nicht, damit ihr nicht gerichtet werdet. Denn nach welchem Recht ihr richtet, werdet ihr gerichtet werden; und mit welchem Ma\u00df ihr, wird euch zugemessen werden. Was siehst du aber den Splitter in deines Bruders Auge und nimmst nicht wahr den Balken in deinem Auge? Oder wie kannst du sagen zu deinem Bruder: Halt, ich will dir den Splitter aus deinem Auge ziehen?, und siehe, ein Balken ist in deinem Auge. Du Heuchler, zieh zuerst den Balken aus deinem Auge; danach sieh zu, wie du den Splitter aus deines Bruders Auge ziehst.&#8220; http:\/\/www.bibel-online.net\/buch\/40.matthaeus\/7.html#7,1<\/p>\n<p align=\"left\">Dr. Egon Schneider in der Zeitschrift f\u00fcr die Anwaltspraxis 1994, Seite 155:<\/p>\n<p align=\"left\">\u201eDie deutsche Elendsjustiz nimmt immer sch\u00e4rfere Konturen an. Der Niedergang der Rechtsprechung ist fl\u00e4chendeckend. Was mich pers\u00f6nlich am meisten ersch\u00fcttert, ist der Mangel an Berufsethik und an fachlicher Scham.&#8220;<\/p>\n<p align=\"left\">Dr. Egon Schneider in &#8218;Zeitschrift f\u00fcr anwaltliche Praxis&#8216; 6\/1999 vom 24.3.1999, S. 266:<\/p>\n<p align=\"left\">\u201eEs gibt in der deutschen Justiz zu viele machtbesessene, besserwissende und leider auch unf\u00e4hige Richter, denen beizukommen offenbar ausgeschlossen ist.<\/p>\n<p align=\"left\">Aus \u201eRecht ohne Gerechtigkeit&#8220; von Dr. Henri Richthaler, C-Verlag 1989, Seiten 4f:<\/p>\n<p align=\"left\">\u201e\u00dcber die Richter hinaus steht unser ganzes Rechtssystem kurz vor seinem Kollaps. Die Justiz hat ihre F\u00e4higkeit verloren, gerechte und in vertretbarer Zeitspanne getroffene Entscheidungen zu f\u00e4llen. In vergleichbarer Situation m\u00fc\u00dfte ein Unternehmen Konkurs anmelden.<\/p>\n<p align=\"left\">Mit dem Rechts-Killer-Instrument der \u201afreien richterlichen Beweisw\u00fcrdigung\u2019 werden Prozesse von den Richtern so zurechtgeschnitten, da\u00df gew\u00fcnschte Resultate gerechte Entscheidungen verjagen. Nur noch formell nehmen die Gerichte ihre Aufgaben wahr.<\/p>\n<p align=\"left\">Unser Rechtsstaat ist zum Rechtsmittelstaat verkommen. Die Justiz ist auf dem Niveau eines Gl\u00fcckspiels angekommen. W\u00fcrden Urteile mit dem Knobelbecher ausgew\u00fcrfelt, es w\u00e4re kein Unterschied in Resultat und Niveau zu Entscheidungen der Richter festzustellen. \u201aIm Namen des Volkes\u2019 l\u00e4\u00dft sich ebenso gut w\u00fcrfeln wie langes Fachchinesisch in richterlicher Willk\u00fcr verk\u00fcnden.&#8220;<\/p>\n<p align=\"left\">Richter Diether Huhn schrieb 1982 in einem Buch \u00fcber \u201eRichter in Deutschland&#8220;, zitiert in Neue Juristische Wochenschrift 2000, Seite 51:<\/p>\n<p align=\"left\">\u201eIch bin selbst ein deutscher Richter, seit fast 20 Jahren. Ich w\u00fcrde mich nicht noch einmal entscheiden, ein deutscher Richter zu werden. Die deutschen Richter machen mir Angst.&#8220;<\/p>\n<p align=\"left\">Hamburger Richter und Vorsitzende der Arbeitsgemeinschaft sozialdemokratischer Juristen, F.J. Mehmel<\/p>\n<p align=\"left\">\u201eDas Ansehen der Justiz ist noch nie so schlecht gewesen wie heute. Ihr Erscheinungsbild leidet unter langen Verfahrensdauern mit teilweise existenzbedrohenden Folgen, Binnenorientierung statt Zuwendung hin zum B\u00fcrger und obrigkeitsstaatlichem Auftreten von Gesch\u00e4ftsstellen und Richtern. Zu kritisieren ist der richterliche Arbeitseinsatz und die bestehenden Hierarchien, die fehlende Verantwortlichkeit f\u00fcr das eigene Arbeitsergebnis, die mit fehlender Kontrolle verbunden ist.&#8220; FAZ vom 27.5.1997<\/p>\n<p align=\"left\"><strong><span style=\"color: #ff0000;\">In eigener Angelegenheit!<\/span><\/strong><\/p>\n<p>Die indigene Volksgruppe Germaniten bleibt auch nach der korrupten Gerichtsverhandlung\u00a0vom 30.09.2015 am Amtsgericht Bad Oeynhausen direkter \/ unmittelbarer Mieter und Nie\u00dfbraucher am Grundst\u00fcck\/Objekt L\u00fcbbecker Str. 35-39, 32584 L\u00f6hne. Die Zwangsversteigerung bleibt somit auch weiterhin angegriffen \u00a0und f\u00fcr illegal\/korrupt\/kirminell\/nichtig erkl\u00e4rt. Es besteht Schadenersatzpflicht (vgl. \u00a7 5 VStGB) gegen\u00fcber den betrogenen Mietern\/Nie\u00dfbrauchern, die gesondert \u00fcber Vertr\u00e4ge der WAG-Justiz-Opfer-Hilfe NRW\/Deutschland sp\u00e4ternoch abgerechnet werden.\u00a0Die Ver\u00f6ffentlichungen dieser Vertr\u00e4ge erfolgt dann hier auf dieser Imternetseite unter der Rubrik\u00a0Schuldnerverzeichnis&#8220;. Herr Werner Ferdinand Meier (vgl. WERNER FERDINAND MEIER &#8211; geb. 28.05.1963) als Direktor am Amtsgericht Bad Oeynhausen seit dem 14.02.2011 t\u00e4tig, wird hier somit mit Verweis auf den\u00a0\u00a7 5 VStGB\u00a0wegen\u00a0schwerster Verbrechen zum Nachteil der indigenen Volksgruppe als Mieter und Nie\u00dfbraucher am Grundst\u00fcck\/Objekt L\u00fcbbecker Str. 35-39, 32584 L\u00f6hne, mit 250.000.000.00 Euro pauschal in die Schadenersatzpflich genommen.\u00a0Ein entsprechendes Verfahren vor dem Internationalen Menschenrechtstrafgerichtshof L\u00f6hne gegen Herrn Werner Ferdinand Meier (vgl. WERNER FERDINAND MEIER) und seine kriminellen Erf\u00fcllungsgehillfen, wurde bereits eingeleitet. Der Rechtsbankrott in der Bundesrepublik Deutschland wurde am 30.09.2015 durch das Amtsgericht Bad Oeynhausen unter Beweis erbracht. Mit Datum 05.04.2018 haben Angeh\u00f6rige der indigenen Volksgruppe Germaniten Einsicht in den aktuellen Gesch\u00e4ftsverteilungsplan f\u00fcr die Richter am Amtsgericht Bad Oeynhausen nehmen k\u00f6nnen. Es wurde u. a. auch durch den Menschen j\u00f6rg aus der Familie pagels festgestellt, dass am Amtsgericht Bad Oeynhausen der aktuelle GVP f\u00fcr die Richter nicht entsprechend der gesetzlichen Vorschrift (vgl. \u00a7 21e GVG\/analog) vorliegt. Somit werden pausenlos Straftaten durch die Bediensteten\/Personal des Amtsgericht Bad Oeynhausen begangen, so sieht das j\u00f6rg pagels nach eigener Aussage jedenfalls auch. Mehr zu diesen Angelegenheiten dann in K\u00fcrze auf dieser Internetseite.<\/p>\n","protected":false},"excerpt":{"rendered":"<p>Impressum \u00a9 Gerson Goldmann by XChiang General Manager Linh Wang 3617 Tower One, Lippo Centre Hong Kong 89 Queensway +852 367 89941 E-Mail: info@xchiang.com Bitte beachten Sie unseren Nutzungsvertrag! Bitte beachten Sie unsere Hausordnung\/Vertrag! JOH-Anmeldungsformular \/ Vollmacht! http:\/\/www.joh-nrw.net\/pdf\/JOH-Anmeldung.pdf http:\/\/www.joh-nrw.net\/pdf\/JOH-Vollmacht.pdf HINWEIS: Die Inhalte, Verweise, Verlinkungen stellen nicht unbedingt die Meinung des Haftenden\/Inhabers\/Verfassers dieser Webseite dar. F\u00fcr externe Webverlinkungen, Webseiten wird keinerlei (inhaltl.) Gew\u00e4hr, Haftung \u00fcbernommen. Alle Dokumente, bildlichen Darstellungen als auch Symbole \u2013 insbes. aus der NS- Zeit von 1933 \u2013 1945 dienen grunds\u00e4tzlich der\u00a0staatsb\u00fcrgerlichen Aufkl\u00e4rung, historischen Forschung mit dem Ziel den Faschismus und Nazismus in der Bundesrepublik Deutschland als Rechtsnachfolger des Dritten Reich endg\u00fcltig zu beseitigen = zur\u00fcck in die Heimat- StA vor 1933 &#8211; Verfassungsumsetzung GG Artikel 146 a. F. in Verb. mit GG Artikel 139 = Herstellung Welt-Frieden durch Friedensvertr\u00e4ge mit 54 Nationen. (Allg. Verweis Artikel 139 Milit\u00e4r Grund Gesetz mit den nachfolgenden Rechtsvorschriften &#8211; SHAEF + SMAD in Verbindung mit Artikel 146 + 16 + 116GG + DriG \u00a7 9 und \u00a7 18) Wir weisen auf unser virtuelles Hausrecht hin. In Aus\u00fcbung dieses Rechtes wird allen BRD-Beh\u00f6rden, insbesondere BRD-\u00c4mtern, juristischen Personen \u00f6ffentlichen Rechts, in dieser Weise beliehenen Personen und Anstalten \u00f6ffentlichen Rechts (vgl. UStG \u00a7 2b\/analoge), der [&hellip;]<\/p>\n","protected":false},"author":1,"featured_media":0,"parent":0,"menu_order":0,"comment_status":"closed","ping_status":"closed","template":"","meta":{"_links_to":"","_links_to_target":""},"_links":{"self":[{"href":"https:\/\/joh-nrw.com\/blog\/wp-json\/wp\/v2\/pages\/2"}],"collection":[{"href":"https:\/\/joh-nrw.com\/blog\/wp-json\/wp\/v2\/pages"}],"about":[{"href":"https:\/\/joh-nrw.com\/blog\/wp-json\/wp\/v2\/types\/page"}],"author":[{"embeddable":true,"href":"https:\/\/joh-nrw.com\/blog\/wp-json\/wp\/v2\/users\/1"}],"replies":[{"embeddable":true,"href":"https:\/\/joh-nrw.com\/blog\/wp-json\/wp\/v2\/comments?post=2"}],"version-history":[{"count":5,"href":"https:\/\/joh-nrw.com\/blog\/wp-json\/wp\/v2\/pages\/2\/revisions"}],"predecessor-version":[{"id":4321,"href":"https:\/\/joh-nrw.com\/blog\/wp-json\/wp\/v2\/pages\/2\/revisions\/4321"}],"wp:attachment":[{"href":"https:\/\/joh-nrw.com\/blog\/wp-json\/wp\/v2\/media?parent=2"}],"curies":[{"name":"wp","href":"https:\/\/api.w.org\/{rel}","templated":true}]}}