{"id":27,"date":"2014-01-29T14:36:16","date_gmt":"2014-01-29T13:36:16","guid":{"rendered":"http:\/\/joh-nrw.com\/blog\/?page_id=27"},"modified":"2018-03-25T15:24:04","modified_gmt":"2018-03-25T13:24:04","slug":"videos","status":"publish","type":"page","link":"https:\/\/joh-nrw.com\/blog\/videos","title":{"rendered":"Videos"},"content":{"rendered":"<div align=\"center\"><a href=\"http:\/\/www.joh-nrw.com\/blog\/wp-content\/uploads\/2014\/01\/2banner2013_1.jpg\" target=\"_blank\"><img loading=\"lazy\" class=\"alignnone size-full wp-image-429\" src=\"http:\/\/www.joh-nrw.com\/blog\/wp-content\/uploads\/2014\/01\/2banner2013_1.jpg\" alt=\"2banner2013_1\" width=\"822\" height=\"82\" srcset=\"https:\/\/joh-nrw.com\/blog\/wp-content\/uploads\/2014\/01\/2banner2013_1.jpg 822w, https:\/\/joh-nrw.com\/blog\/wp-content\/uploads\/2014\/01\/2banner2013_1-300x29.jpg 300w, https:\/\/joh-nrw.com\/blog\/wp-content\/uploads\/2014\/01\/2banner2013_1-500x49.jpg 500w\" sizes=\"(max-width: 822px) 100vw, 822px\" \/><\/a>\n<\/div>\n<p><a href=\"http:\/\/www.joh-nrw.com\/blog\/wp-content\/uploads\/2014\/01\/hpfixseparat_alica2013_1.jpg\" target=\"_blank\"><img loading=\"lazy\" class=\"alignnone size-full wp-image-638\" src=\"http:\/\/www.joh-nrw.com\/blog\/wp-content\/uploads\/2014\/01\/hpfixseparat_alica2013_1.jpg\" alt=\"hpfixseparat_alica2013_1\" width=\"650\" height=\"500\" srcset=\"https:\/\/joh-nrw.com\/blog\/wp-content\/uploads\/2014\/01\/hpfixseparat_alica2013_1.jpg 650w, https:\/\/joh-nrw.com\/blog\/wp-content\/uploads\/2014\/01\/hpfixseparat_alica2013_1-300x230.jpg 300w, https:\/\/joh-nrw.com\/blog\/wp-content\/uploads\/2014\/01\/hpfixseparat_alica2013_1-390x300.jpg 390w\" sizes=\"(max-width: 650px) 100vw, 650px\" \/><\/a><\/p>\n<p>Mobilfunk &#8211; Die verschwiegene Gefahr<strong><br \/>\n<a href=\"http:\/\/www.youtube.com\/watch?v=DrFCIdb8c0E\" target=\"_blank\"><img loading=\"lazy\" class=\"alignnone size-full wp-image-435\" src=\"http:\/\/www.joh-nrw.com\/blog\/wp-content\/uploads\/2014\/01\/hpfixseparat_1p_menubutton1.gif\" alt=\"hpfixseparat_1p_menubutton1\" width=\"180\" height=\"50\" \/><\/a><\/strong><\/p>\n<p>TRUTHER &#8211; Wahrheit<strong><br \/>\n<a href=\"http:\/\/www.youtube.com\/watch?v=xVZRgKZefCk\" target=\"_blank\"><img loading=\"lazy\" class=\"alignnone size-full wp-image-435\" src=\"http:\/\/www.joh-nrw.com\/blog\/wp-content\/uploads\/2014\/01\/hpfixseparat_1p_menubutton1.gif\" alt=\"hpfixseparat_1p_menubutton1\" width=\"180\" height=\"50\" \/><\/a><\/strong><\/p>\n<p>Der Fall Mollath<strong><br \/>\n<a href=\"http:\/\/www.youtube.com\/watch?feature=player_embedded&amp;v=8z99MO8uv2U\" target=\"_blank\"><img loading=\"lazy\" class=\"alignnone size-full wp-image-435\" src=\"http:\/\/www.joh-nrw.com\/blog\/wp-content\/uploads\/2014\/01\/hpfixseparat_1p_menubutton1.gif\" alt=\"hpfixseparat_1p_menubutton1\" width=\"180\" height=\"50\" \/><\/a><\/strong><\/p>\n<p>Neues aus der Anstalt!<strong><br \/>\n<a href=\"http:\/\/www.youtube.com\/watch?v=PSFqjB0Bzu8\" target=\"_blank\"><img loading=\"lazy\" class=\"alignnone size-full wp-image-435\" src=\"http:\/\/www.joh-nrw.com\/blog\/wp-content\/uploads\/2014\/01\/hpfixseparat_1p_menubutton1.gif\" alt=\"hpfixseparat_1p_menubutton1\" width=\"180\" height=\"50\" \/><\/a><\/strong><\/p>\n<p>Best of Georg Schramm!<strong><br \/>\n<a href=\"http:\/\/www.youtube.com\/watch?v=mkF17HyLGoM\" target=\"_blank\"><img loading=\"lazy\" class=\"alignnone size-full wp-image-435\" src=\"http:\/\/www.joh-nrw.com\/blog\/wp-content\/uploads\/2014\/01\/hpfixseparat_1p_menubutton1.gif\" alt=\"hpfixseparat_1p_menubutton1\" width=\"180\" height=\"50\" \/><\/a><\/strong><\/p>\n<p>Die Wahrheit \u00fcber unsere Gesellschaft!<br \/>\n<a href=\"http:\/\/www.youtube.com\/watch?v=-xF8oSppilg\" target=\"_blank\"><img loading=\"lazy\" class=\"alignnone size-full wp-image-435\" src=\"http:\/\/www.joh-nrw.com\/blog\/wp-content\/uploads\/2014\/01\/hpfixseparat_1p_menubutton1.gif\" alt=\"hpfixseparat_1p_menubutton1\" width=\"180\" height=\"50\" \/><\/a><\/p>\n<p>Die Legende von Atlantis &#8211; Teil 1-5<strong><br \/>\n<a href=\"http:\/\/www.youtube.com\/watch?v=826kwnS3ptk&amp;list=PLDJc1njPw18_Rkj2XP-zxQ8I-J4TZbYwM\" target=\"_blank\"><img loading=\"lazy\" class=\"alignnone size-full wp-image-435\" src=\"http:\/\/www.joh-nrw.com\/blog\/wp-content\/uploads\/2014\/01\/hpfixseparat_1p_menubutton1.gif\" alt=\"hpfixseparat_1p_menubutton1\" width=\"180\" height=\"50\" \/><\/a><br \/>\n<a href=\"http:\/\/www.youtube.com\/watch?v=Y749R_qmNj8&amp;list=PLDJc1njPw18_Rkj2XP-zxQ8I-J4TZbYwM\" target=\"_blank\"><img loading=\"lazy\" class=\"alignnone size-full wp-image-435\" src=\"http:\/\/www.joh-nrw.com\/blog\/wp-content\/uploads\/2014\/01\/hpfixseparat_1p_menubutton1.gif\" alt=\"hpfixseparat_1p_menubutton1\" width=\"180\" height=\"50\" \/><\/a><br \/>\n<a href=\"http:\/\/www.youtube.com\/watch?v=POMgliM57QU&amp;list=PLDJc1njPw18_Rkj2XP-zxQ8I-J4TZbYwM\" target=\"_blank\"><img loading=\"lazy\" class=\"alignnone size-full wp-image-435\" src=\"http:\/\/www.joh-nrw.com\/blog\/wp-content\/uploads\/2014\/01\/hpfixseparat_1p_menubutton1.gif\" alt=\"hpfixseparat_1p_menubutton1\" width=\"180\" height=\"50\" \/><\/a><br \/>\n<a href=\"http:\/\/www.youtube.com\/watch?v=__SA71SiNHg&amp;list=PLDJc1njPw18_Rkj2XP-zxQ8I-J4TZbYwM\" target=\"_blank\"><img loading=\"lazy\" class=\"alignnone size-full wp-image-435\" src=\"http:\/\/www.joh-nrw.com\/blog\/wp-content\/uploads\/2014\/01\/hpfixseparat_1p_menubutton1.gif\" alt=\"hpfixseparat_1p_menubutton1\" width=\"180\" height=\"50\" \/><\/a><br \/>\n<a href=\"http:\/\/www.youtube.com\/watch?v=1pRJLourbSY&amp;list=PLDJc1njPw18_Rkj2XP-zxQ8I-J4TZbYwM\" target=\"_blank\"><img loading=\"lazy\" class=\"alignnone size-full wp-image-435\" src=\"http:\/\/www.joh-nrw.com\/blog\/wp-content\/uploads\/2014\/01\/hpfixseparat_1p_menubutton1.gif\" alt=\"hpfixseparat_1p_menubutton1\" width=\"180\" height=\"50\" \/><\/a><\/strong><\/p>\n<p>Warum ist Atlantis ein Tabu?<strong><br \/>\n<a href=\"http:\/\/www.youtube.com\/watch?v=6JSgxTKpFl0\" target=\"_blank\"><img loading=\"lazy\" class=\"alignnone size-full wp-image-435\" src=\"http:\/\/www.joh-nrw.com\/blog\/wp-content\/uploads\/2014\/01\/hpfixseparat_1p_menubutton1.gif\" alt=\"hpfixseparat_1p_menubutton1\" width=\"180\" height=\"50\" \/><\/a><\/strong><\/p>\n<p>Die grossen R\u00e4tsel dieser Welt!<strong><br \/>\n<a href=\"http:\/\/www.youtube.com\/watch?v=9AYz4oHDtdo\" target=\"_blank\"><img loading=\"lazy\" class=\"alignnone size-full wp-image-435\" src=\"http:\/\/www.joh-nrw.com\/blog\/wp-content\/uploads\/2014\/01\/hpfixseparat_1p_menubutton1.gif\" alt=\"hpfixseparat_1p_menubutton1\" width=\"180\" height=\"50\" \/><\/a><\/strong><\/p>\n<p>Dollar Krise und Weltfinanzkrise!<strong><br \/>\n<a href=\"http:\/\/www.youtube.com\/watch?v=VKJvhG90VYU&amp;list=PLixfIOELH4kktMYD0SCWy3ufIw7L9Ggt1\" target=\"_blank\"><img loading=\"lazy\" class=\"alignnone size-full wp-image-435\" src=\"http:\/\/www.joh-nrw.com\/blog\/wp-content\/uploads\/2014\/01\/hpfixseparat_1p_menubutton1.gif\" alt=\"hpfixseparat_1p_menubutton1\" width=\"180\" height=\"50\" \/><\/a><\/strong><\/p>\n<p>InfokriegBerlin<strong><br \/>\n<a href=\"http:\/\/www.youtube.com\/user\/infokriegerBerlin\/videos\" target=\"_blank\"><img loading=\"lazy\" class=\"alignnone size-full wp-image-435\" src=\"http:\/\/www.joh-nrw.com\/blog\/wp-content\/uploads\/2014\/01\/hpfixseparat_1p_menubutton1.gif\" alt=\"hpfixseparat_1p_menubutton1\" width=\"180\" height=\"50\" \/><\/a><\/strong><\/p>\n<p>Schuldgeldsystem &#8222;Wir werden beraubt&#8220;!<strong><br \/>\n<a href=\"http:\/\/www.youtube.com\/watch?v=DbU-S0w5l0s\" target=\"_blank\"><img loading=\"lazy\" class=\"alignnone size-full wp-image-435\" src=\"http:\/\/www.joh-nrw.com\/blog\/wp-content\/uploads\/2014\/01\/hpfixseparat_1p_menubutton1.gif\" alt=\"hpfixseparat_1p_menubutton1\" width=\"180\" height=\"50\" \/><\/a><\/strong><strong><br \/>\n<a href=\"http:\/\/www.youtube.com\/channel\/UChcIXHCCUU9WPIMe8Ra5hkg\/videos\" target=\"_blank\"><img loading=\"lazy\" class=\"alignnone size-full wp-image-435\" src=\"http:\/\/www.joh-nrw.com\/blog\/wp-content\/uploads\/2014\/01\/hpfixseparat_1p_menubutton1.gif\" alt=\"hpfixseparat_1p_menubutton1\" width=\"180\" height=\"50\" \/><\/a><\/strong><\/p>\n<p>Enki Anunnaki &#8211; Hin und weg!<br \/>\n<strong><a href=\"http:\/\/www.youtube.com\/user\/jueunique78\/videos\" target=\"_blank\"><img loading=\"lazy\" class=\"alignnone size-full wp-image-435\" src=\"http:\/\/www.joh-nrw.com\/blog\/wp-content\/uploads\/2014\/01\/hpfixseparat_1p_menubutton1.gif\" alt=\"hpfixseparat_1p_menubutton1\" width=\"180\" height=\"50\" \/><\/a><\/strong><\/p>\n<p>Auswahl von Filmen &#8211; Erich von D\u00e4niken<strong><br \/>\n<a href=\"http:\/\/www.youtube.com\/watch?v=IdoUnTm2E28&amp;list=PLsZFjnm0wHQ_4g0M4lrBG4-rV00x54trh\" target=\"_blank\"><img loading=\"lazy\" class=\"alignnone size-full wp-image-435\" src=\"http:\/\/www.joh-nrw.com\/blog\/wp-content\/uploads\/2014\/01\/hpfixseparat_1p_menubutton1.gif\" alt=\"hpfixseparat_1p_menubutton1\" width=\"180\" height=\"50\" \/><\/a><\/strong><\/p>\n<p>ENDZEIT (Doku)<strong><br \/>\n<a href=\"http:\/\/www.youtube.com\/watch?v=lmC2vRn63Ew\" target=\"_blank\"><img loading=\"lazy\" class=\"alignnone size-full wp-image-435\" src=\"http:\/\/www.joh-nrw.com\/blog\/wp-content\/uploads\/2014\/01\/hpfixseparat_1p_menubutton1.gif\" alt=\"hpfixseparat_1p_menubutton1\" width=\"180\" height=\"50\" \/><\/a><\/strong><\/p>\n<p>NuoViso &#8211; Filme, die Dir die Augen \u00f6ffnen!<br \/>\n<strong><a href=\"http:\/\/www.youtube.com\/watch?v=WMsH8yU4JyY\" target=\"_blank\"><img loading=\"lazy\" class=\"alignnone size-full wp-image-435\" src=\"http:\/\/www.joh-nrw.com\/blog\/wp-content\/uploads\/2014\/01\/hpfixseparat_1p_menubutton1.gif\" alt=\"hpfixseparat_1p_menubutton1\" width=\"180\" height=\"50\" \/><\/a><\/strong><\/p>\n<p>NuoViso.TV<br \/>\n<strong><a href=\"http:\/\/www.youtube.com\/user\/NuoVisoTv\" target=\"_blank\"><img loading=\"lazy\" class=\"alignnone wp-image-435\" src=\"http:\/\/www.joh-nrw.com\/blog\/wp-content\/uploads\/2014\/01\/hpfixseparat_1p_menubutton1.gif\" alt=\"hpfixseparat_1p_menubutton1\" width=\"180\" height=\"50\" \/><\/a><\/strong><\/p>\n<p>Aktenzeichen XY<strong><br \/>\n<a href=\"http:\/\/www.youtube.com\/watch?v=VCYkvnBk4CU\" target=\"_blank\"><img loading=\"lazy\" class=\"alignnone size-full wp-image-435\" src=\"http:\/\/www.joh-nrw.com\/blog\/wp-content\/uploads\/2014\/01\/hpfixseparat_1p_menubutton1.gif\" alt=\"hpfixseparat_1p_menubutton1\" width=\"180\" height=\"50\" \/><\/a><\/strong><\/p>\n<p>Der Krieg der viele V\u00e4ter hatte !<strong><br \/>\n<a href=\"https:\/\/www.youtube.com\/watch?v=gOjEiAKaqOo\" target=\"_blank\"><img loading=\"lazy\" class=\"alignnone size-full wp-image-435\" src=\"http:\/\/www.joh-nrw.com\/blog\/wp-content\/uploads\/2014\/01\/hpfixseparat_1p_menubutton1.gif\" alt=\"hpfixseparat_1p_menubutton1\" width=\"180\" height=\"50\" \/><\/a><\/strong><\/p>\n<p>Braucht das deutsche Unrechtswesen (?) einen Justizombudsmann?<strong><br \/>\n<a href=\"https:\/\/www.youtube.com\/watch?v=7_5NTFcJ0kA\" target=\"_blank\"><img loading=\"lazy\" class=\"alignnone size-full wp-image-435\" src=\"http:\/\/www.joh-nrw.com\/blog\/wp-content\/uploads\/2014\/01\/hpfixseparat_1p_menubutton1.gif\" alt=\"hpfixseparat_1p_menubutton1\" width=\"180\" height=\"50\" \/><\/a><\/strong><\/p>\n<p>L\u00fcge, wo ist dein Sieg &#8211; Die zehn gro\u00dfen Balladen von Deutschlands Heldenlampf und Fall. Von Gerd Honsik<strong><br \/>\n<a href=\"http:\/\/www.joh-nrw.com\/video\/Luege-ohne-Sieg.mp4\"><img loading=\"lazy\" class=\"alignnone size-full wp-image-435\" src=\"http:\/\/www.joh-nrw.com\/blog\/wp-content\/uploads\/2014\/01\/hpfixseparat_1p_menubutton1.gif\" alt=\"hpfixseparat_1p_menubutton1\" width=\"180\" height=\"50\" \/><\/a><\/strong><\/p>\n<p>Richter und Staatsanw\u00e4lte beim Sex mit Kindern gefilmt<strong><br \/>\n<a href=\"https:\/\/www.youtube.com\/watch?v=X_vnk-PO7_8\" target=\"_blank\"><img loading=\"lazy\" class=\"alignnone size-full wp-image-435\" src=\"http:\/\/www.joh-nrw.com\/blog\/wp-content\/uploads\/2014\/01\/hpfixseparat_1p_menubutton1.gif\" alt=\"hpfixseparat_1p_menubutton1\" width=\"180\" height=\"50\" \/><\/a><\/strong><\/p>\n<p><strong>Hellstorm- The real Genocide of Nazi Germany<br \/>\n(Deutsche Version, erstes mal komplett in Deutsch)<br \/>\n<\/strong><em>Der Text entspricht dem Original zu 100% Es wurde nichts dazu geschrieben oder weggelassen. Alles ist so wie es im englisch\/amerikanischen Hellstorm Film gezeigt wird.<\/em><strong><br \/>\n<a href=\"https:\/\/www.youtube.com\/watch?v=_VxZwlfM-_Q\" target=\"_blank\"><img loading=\"lazy\" class=\"alignnone size-full wp-image-435\" src=\"http:\/\/www.joh-nrw.com\/blog\/wp-content\/uploads\/2014\/01\/hpfixseparat_1p_menubutton1.gif\" alt=\"hpfixseparat_1p_menubutton1\" width=\"180\" height=\"50\" \/><\/a><\/strong><\/p>\n<p>&nbsp;<\/p>\n<p><a href=\"http:\/\/www.joh-nrw.com\/blog\/wp-content\/uploads\/2014\/01\/hpfixseparat_1weg_frei_.jpg\" target=\"_blank\"><img loading=\"lazy\" class=\"alignnone size-full wp-image-415\" src=\"http:\/\/www.joh-nrw.com\/blog\/wp-content\/uploads\/2014\/01\/hpfixseparat_1weg_frei_.jpg\" alt=\"hpfixseparat_1weg_frei_\" width=\"340\" height=\"252\" srcset=\"https:\/\/joh-nrw.com\/blog\/wp-content\/uploads\/2014\/01\/hpfixseparat_1weg_frei_.jpg 340w, https:\/\/joh-nrw.com\/blog\/wp-content\/uploads\/2014\/01\/hpfixseparat_1weg_frei_-300x222.jpg 300w\" sizes=\"(max-width: 340px) 100vw, 340px\" \/><\/a><\/p>\n","protected":false},"excerpt":{"rendered":"<p>Mobilfunk &#8211; Die verschwiegene Gefahr TRUTHER &#8211; Wahrheit Der Fall Mollath Neues aus der Anstalt! Best of Georg Schramm! Die Wahrheit \u00fcber unsere Gesellschaft! Die Legende von Atlantis &#8211; Teil 1-5 Warum ist Atlantis ein Tabu? Die grossen R\u00e4tsel dieser Welt! Dollar Krise und Weltfinanzkrise! InfokriegBerlin Schuldgeldsystem &#8222;Wir werden beraubt&#8220;! Enki Anunnaki &#8211; Hin und weg! Auswahl von Filmen &#8211; Erich von D\u00e4niken ENDZEIT (Doku) NuoViso &#8211; Filme, die Dir die Augen \u00f6ffnen! NuoViso.TV Aktenzeichen XY Der Krieg der viele V\u00e4ter hatte ! Braucht das deutsche Unrechtswesen (?) einen Justizombudsmann? L\u00fcge, wo ist dein Sieg &#8211; Die zehn gro\u00dfen Balladen von Deutschlands Heldenlampf und Fall. Von Gerd Honsik Richter und Staatsanw\u00e4lte beim Sex mit Kindern gefilmt Hellstorm- The real Genocide of Nazi Germany (Deutsche Version, erstes mal komplett in Deutsch) Der Text entspricht dem Original zu 100% Es wurde nichts dazu geschrieben oder weggelassen. Alles ist so wie es im englisch\/amerikanischen Hellstorm Film gezeigt wird. &nbsp;<\/p>\n","protected":false},"author":1,"featured_media":0,"parent":0,"menu_order":0,"comment_status":"closed","ping_status":"closed","template":"","meta":{"_links_to":"","_links_to_target":""},"_links":{"self":[{"href":"https:\/\/joh-nrw.com\/blog\/wp-json\/wp\/v2\/pages\/27"}],"collection":[{"href":"https:\/\/joh-nrw.com\/blog\/wp-json\/wp\/v2\/pages"}],"about":[{"href":"https:\/\/joh-nrw.com\/blog\/wp-json\/wp\/v2\/types\/page"}],"author":[{"embeddable":true,"href":"https:\/\/joh-nrw.com\/blog\/wp-json\/wp\/v2\/users\/1"}],"replies":[{"embeddable":true,"href":"https:\/\/joh-nrw.com\/blog\/wp-json\/wp\/v2\/comments?post=27"}],"version-history":[{"count":16,"href":"https:\/\/joh-nrw.com\/blog\/wp-json\/wp\/v2\/pages\/27\/revisions"}],"predecessor-version":[{"id":3830,"href":"https:\/\/joh-nrw.com\/blog\/wp-json\/wp\/v2\/pages\/27\/revisions\/3830"}],"wp:attachment":[{"href":"https:\/\/joh-nrw.com\/blog\/wp-json\/wp\/v2\/media?parent=27"}],"curies":[{"name":"wp","href":"https:\/\/api.w.org\/{rel}","templated":true}]}}