{"id":29,"date":"2014-01-29T14:37:57","date_gmt":"2014-01-29T13:37:57","guid":{"rendered":"http:\/\/joh-nrw.com\/blog\/?page_id=29"},"modified":"2017-10-19T14:26:30","modified_gmt":"2017-10-19T12:26:30","slug":"hoerbuecher","status":"publish","type":"page","link":"https:\/\/joh-nrw.com\/blog\/hoerbuecher","title":{"rendered":"H\u00f6rb\u00fccher"},"content":{"rendered":"<div align=\"center\"><a href=\"http:\/\/www.joh-nrw.com\/blog\/wp-content\/uploads\/2014\/01\/2banner2013_1.jpg\" target=\"_blank\"><img loading=\"lazy\" class=\"alignnone size-full wp-image-429\" src=\"http:\/\/www.joh-nrw.com\/blog\/wp-content\/uploads\/2014\/01\/2banner2013_1.jpg\" alt=\"2banner2013_1\" width=\"822\" height=\"82\" srcset=\"https:\/\/joh-nrw.com\/blog\/wp-content\/uploads\/2014\/01\/2banner2013_1.jpg 822w, https:\/\/joh-nrw.com\/blog\/wp-content\/uploads\/2014\/01\/2banner2013_1-300x29.jpg 300w, https:\/\/joh-nrw.com\/blog\/wp-content\/uploads\/2014\/01\/2banner2013_1-500x49.jpg 500w\" sizes=\"(max-width: 822px) 100vw, 822px\" \/><\/a>\n<\/div>\n<p><strong><a href=\"http:\/\/www.joh-nrw.com\/blog\/wp-content\/uploads\/2014\/01\/hpfixseparat_goethe.jpg\" target=\"_blank\"><img loading=\"lazy\" class=\"size-full wp-image-588 aligncenter\" src=\"http:\/\/www.joh-nrw.com\/blog\/wp-content\/uploads\/2014\/01\/hpfixseparat_goethe.jpg\" alt=\"hpfixseparat_goethe\" width=\"545\" height=\"381\" srcset=\"https:\/\/joh-nrw.com\/blog\/wp-content\/uploads\/2014\/01\/hpfixseparat_goethe.jpg 545w, https:\/\/joh-nrw.com\/blog\/wp-content\/uploads\/2014\/01\/hpfixseparat_goethe-300x209.jpg 300w, https:\/\/joh-nrw.com\/blog\/wp-content\/uploads\/2014\/01\/hpfixseparat_goethe-429x300.jpg 429w\" sizes=\"(max-width: 545px) 100vw, 545px\" \/><\/a><\/strong><\/p>\n<p>Die Protokolle der Weisen von Zion<br \/>\n<a href=\"http:\/\/www.youtube.com\/watch?v=dmcUOzg8cts\" target=\"_blank\"><img loading=\"lazy\" class=\"alignnone size-full wp-image-435\" src=\"http:\/\/www.joh-nrw.com\/blog\/wp-content\/uploads\/2014\/01\/hpfixseparat_1p_menubutton1.gif\" alt=\"hpfixseparat_1p_menubutton1\" width=\"180\" height=\"50\" \/><\/a><\/p>\n<p>Die Geheimnisse der Weisen von Zion<br \/>\n<a href=\"https:\/\/www.youtube.com\/watch?v=r0ON5jSdazg\" target=\"_blank\"><img loading=\"lazy\" class=\"alignnone size-full wp-image-435\" src=\"http:\/\/www.joh-nrw.com\/blog\/wp-content\/uploads\/2014\/01\/hpfixseparat_1p_menubutton1.gif\" alt=\"hpfixseparat_1p_menubutton1\" width=\"180\" height=\"50\" \/><\/a><br \/>\n<a href=\"https:\/\/www.google.de\/search?q=deutschland+besetzt+wieso+befreit+wodurch+download&amp;ie=utf-8&amp;oe=utf-8&amp;gws_rd=cr&amp;ei=TUz-VpzKBInaU_GFvrAN#tbm=vid&amp;q=Die+Geheimnisse+der+Weisen+von+Zion\" target=\"_blank\"><img loading=\"lazy\" class=\"alignnone size-full wp-image-435\" src=\"http:\/\/www.joh-nrw.com\/blog\/wp-content\/uploads\/2014\/01\/hpfixseparat_1p_menubutton1.gif\" alt=\"hpfixseparat_1p_menubutton1\" width=\"180\" height=\"50\" \/><\/a><\/p>\n<p>Deutschland, besetzt wieso befreit wodurch<br \/>\n<a href=\"https:\/\/www.youtube.com\/watch?v=qPLQkc9ITHs\" target=\"_blank\"><img loading=\"lazy\" class=\"alignnone size-full wp-image-435\" src=\"http:\/\/www.joh-nrw.com\/blog\/wp-content\/uploads\/2014\/01\/hpfixseparat_1p_menubutton1.gif\" alt=\"hpfixseparat_1p_menubutton1\" width=\"180\" height=\"50\" \/><\/a><\/p>\n<p>Ein riesiges Verbrechen am deutschen Volk<strong><br \/>\n<\/strong><a href=\"https:\/\/www.youtube.com\/watch?v=Sl4KsjsvCag\" target=\"_blank\"><img loading=\"lazy\" class=\"alignnone size-full wp-image-435\" src=\"http:\/\/www.joh-nrw.com\/blog\/wp-content\/uploads\/2014\/01\/hpfixseparat_1p_menubutton1.gif\" alt=\"hpfixseparat_1p_menubutton1\" width=\"180\" height=\"50\" \/><\/a><\/p>\n<p>Das verbotene Buch der Wahrheit<strong><br \/>\n<\/strong><a href=\"http:\/\/www.youtube.com\/watch?v=f-ELGQtOGKw\" target=\"_blank\"><img loading=\"lazy\" class=\"alignnone size-full wp-image-435\" src=\"http:\/\/www.joh-nrw.com\/blog\/wp-content\/uploads\/2014\/01\/hpfixseparat_1p_menubutton1.gif\" alt=\"hpfixseparat_1p_menubutton1\" width=\"180\" height=\"50\" \/><\/a><\/p>\n<p>Deutschland wach auf , du bist Besetzt!<strong><br \/>\n<\/strong><a href=\"https:\/\/www.youtube.com\/watch?v=vOUGxyU046M\" target=\"_blank\"><img loading=\"lazy\" class=\"alignnone size-full wp-image-435\" src=\"http:\/\/www.joh-nrw.com\/blog\/wp-content\/uploads\/2014\/01\/hpfixseparat_1p_menubutton1.gif\" alt=\"hpfixseparat_1p_menubutton1\" width=\"180\" height=\"50\" \/><\/a><\/p>\n<p>Deutschland hat keinen Friedensvertrag und ist immer noch besetzt!<strong><br \/>\n<\/strong><a href=\"http:\/\/www.youtube.com\/watch?v=fUHgQUnnlQE\" target=\"_blank\"><img loading=\"lazy\" class=\"alignnone size-full wp-image-435\" src=\"http:\/\/www.joh-nrw.com\/blog\/wp-content\/uploads\/2014\/01\/hpfixseparat_1p_menubutton1.gif\" alt=\"hpfixseparat_1p_menubutton1\" width=\"180\" height=\"50\" \/><\/a><\/p>\n<p>Atlantis, Edda und Bibel &#8211; 200 000 Jahre Germanischer Weltkultur<strong><br \/>\n<\/strong><a href=\"https:\/\/www.youtube.com\/watch?v=LnfA_sYTdvY\" target=\"_blank\"><img loading=\"lazy\" class=\"alignnone size-full wp-image-435\" src=\"http:\/\/www.joh-nrw.com\/blog\/wp-content\/uploads\/2014\/01\/hpfixseparat_1p_menubutton1.gif\" alt=\"hpfixseparat_1p_menubutton1\" width=\"180\" height=\"50\" \/><\/a><\/p>\n<p>Friedrich Nietzsche: Ecce homo<strong><br \/>\n<\/strong><a href=\"http:\/\/www.youtube.com\/watch?v=ZFP1mUgNSpI\" target=\"_blank\"><img loading=\"lazy\" class=\"alignnone size-full wp-image-435\" src=\"http:\/\/www.joh-nrw.com\/blog\/wp-content\/uploads\/2014\/01\/hpfixseparat_1p_menubutton1.gif\" alt=\"hpfixseparat_1p_menubutton1\" width=\"180\" height=\"50\" \/><\/a><\/p>\n<p>F\u00e4lschung der deutschen Geschichte<strong><br \/>\n<\/strong><a href=\"https:\/\/www.youtube.com\/watch?v=Ko59qN6Z-L0\" target=\"_blank\"><img loading=\"lazy\" class=\"alignnone size-full wp-image-435\" src=\"http:\/\/www.joh-nrw.com\/blog\/wp-content\/uploads\/2014\/01\/hpfixseparat_1p_menubutton1.gif\" alt=\"hpfixseparat_1p_menubutton1\" width=\"180\" height=\"50\" \/><\/a><\/p>\n<p>Das Universum in der Nussschale<strong><br \/>\n<\/strong><a href=\"http:\/\/www.youtube.com\/watch?v=G93qJkjbdK4\" target=\"_blank\"><img loading=\"lazy\" class=\"alignnone size-full wp-image-435\" src=\"http:\/\/www.joh-nrw.com\/blog\/wp-content\/uploads\/2014\/01\/hpfixseparat_1p_menubutton1.gif\" alt=\"hpfixseparat_1p_menubutton1\" width=\"180\" height=\"50\" \/><\/a><\/p>\n<p>BIS NEULICH 2012<br \/>\n<a href=\"http:\/\/www.youtube.com\/watch?v=qYVCmZnsh6g\" target=\"_blank\"><img loading=\"lazy\" class=\"alignnone size-full wp-image-435\" src=\"http:\/\/www.joh-nrw.com\/blog\/wp-content\/uploads\/2014\/01\/hpfixseparat_1p_menubutton1.gif\" alt=\"hpfixseparat_1p_menubutton1\" width=\"180\" height=\"50\" \/><\/a><\/p>\n<p>Die geheime Geschichte der Menschheit!<br \/>\n<a href=\"http:\/\/www.youtube.com\/watch?v=JOZWDaY3n7E\" target=\"_blank\"><img loading=\"lazy\" class=\"alignnone size-full wp-image-435\" src=\"http:\/\/www.joh-nrw.com\/blog\/wp-content\/uploads\/2014\/01\/hpfixseparat_1p_menubutton1.gif\" alt=\"hpfixseparat_1p_menubutton1\" width=\"180\" height=\"50\" \/><\/a><\/p>\n<p>Was will mein K\u00f6rper mir sagen?<br \/>\n<a href=\"http:\/\/www.youtube.com\/watch?v=FaeMSRaUShw\" target=\"_blank\"><img loading=\"lazy\" class=\"alignnone size-full wp-image-435\" src=\"http:\/\/www.joh-nrw.com\/blog\/wp-content\/uploads\/2014\/01\/hpfixseparat_1p_menubutton1.gif\" alt=\"hpfixseparat_1p_menubutton1\" width=\"180\" height=\"50\" \/><\/a><\/p>\n<p>Die Zeit heilt KEINE Wunden!<br \/>\n<a href=\"http:\/\/www.youtube.com\/watch?v=eZ-fav6AFn0\" target=\"_blank\"><img loading=\"lazy\" class=\"alignnone size-full wp-image-435\" src=\"http:\/\/www.joh-nrw.com\/blog\/wp-content\/uploads\/2014\/01\/hpfixseparat_1p_menubutton1.gif\" alt=\"hpfixseparat_1p_menubutton1\" width=\"180\" height=\"50\" \/><\/a><\/p>\n<p>Heilende Gedanken f\u00fcr K\u00f6rper und Seele!<br \/>\n<a href=\"https:\/\/www.youtube.com\/watch?v=3CIGP1ktAnc\" target=\"_blank\"><img loading=\"lazy\" class=\"alignnone size-full wp-image-435\" src=\"http:\/\/www.joh-nrw.com\/blog\/wp-content\/uploads\/2014\/01\/hpfixseparat_1p_menubutton1.gif\" alt=\"hpfixseparat_1p_menubutton1\" width=\"180\" height=\"50\" \/><\/a><\/p>\n<p>Edgar Allan Poe &#8211; Der Goldk\u00e4fer!<br \/>\n<a href=\"http:\/\/www.youtube.com\/watch?v=t_82tPSES9A\" target=\"_blank\"><img loading=\"lazy\" class=\"alignnone size-full wp-image-435\" src=\"http:\/\/www.joh-nrw.com\/blog\/wp-content\/uploads\/2014\/01\/hpfixseparat_1p_menubutton1.gif\" alt=\"hpfixseparat_1p_menubutton1\" width=\"180\" height=\"50\" \/><\/a><\/p>\n<p>Mark Twain &#8211; Die 1-Million-Pfund-Note!<br \/>\n<a href=\"http:\/\/www.youtube.com\/watch?v=xiutkItHE_0\" target=\"_blank\"><img loading=\"lazy\" class=\"alignnone size-full wp-image-435\" src=\"http:\/\/www.joh-nrw.com\/blog\/wp-content\/uploads\/2014\/01\/hpfixseparat_1p_menubutton1.gif\" alt=\"hpfixseparat_1p_menubutton1\" width=\"180\" height=\"50\" \/><\/a><\/p>\n<p>Nietzsche Also Sprach Zarathustra!<br \/>\n<a href=\"http:\/\/www.youtube.com\/watch?v=DlnPixMVdnE\" target=\"_blank\"><img loading=\"lazy\" class=\"alignnone size-full wp-image-435\" src=\"http:\/\/www.joh-nrw.com\/blog\/wp-content\/uploads\/2014\/01\/hpfixseparat_1p_menubutton1.gif\" alt=\"hpfixseparat_1p_menubutton1\" width=\"180\" height=\"50\" \/><\/a><\/p>\n<p>Franz Kafka &#8211; Die Verwandlung!<br \/>\n<a href=\"http:\/\/www.youtube.com\/watch?v=KzTnzn0DxiI\" target=\"_blank\"><img loading=\"lazy\" class=\"alignnone size-full wp-image-435\" src=\"http:\/\/www.joh-nrw.com\/blog\/wp-content\/uploads\/2014\/01\/hpfixseparat_1p_menubutton1.gif\" alt=\"hpfixseparat_1p_menubutton1\" width=\"180\" height=\"50\" \/><\/a><\/p>\n<p>Franz Kafka &#8211; In der Strafkolonie!<br \/>\n<a href=\"http:\/\/www.youtube.com\/watch?v=JyOjFgUmwEo\" target=\"_blank\"><img loading=\"lazy\" class=\"alignnone size-full wp-image-435\" src=\"http:\/\/www.joh-nrw.com\/blog\/wp-content\/uploads\/2014\/01\/hpfixseparat_1p_menubutton1.gif\" alt=\"hpfixseparat_1p_menubutton1\" width=\"180\" height=\"50\" \/><\/a><\/p>\n<p>Franz Kafka &#8211; Brief an den Vater!<br \/>\n<a href=\"http:\/\/www.youtube.com\/watch?v=CAzt8I1l0V8\" target=\"_blank\"><img loading=\"lazy\" class=\"alignnone size-full wp-image-435\" src=\"http:\/\/www.joh-nrw.com\/blog\/wp-content\/uploads\/2014\/01\/hpfixseparat_1p_menubutton1.gif\" alt=\"hpfixseparat_1p_menubutton1\" width=\"180\" height=\"50\" \/><\/a><\/p>\n<p>Oscar Wilde &#8211; Das Bildnis des Dorian Gray!<br \/>\n<a href=\"http:\/\/www.youtube.com\/watch?v=mC8x3i79uZw\" target=\"_blank\"><img loading=\"lazy\" class=\"alignnone size-full wp-image-435\" src=\"http:\/\/www.joh-nrw.com\/blog\/wp-content\/uploads\/2014\/01\/hpfixseparat_1p_menubutton1.gif\" alt=\"hpfixseparat_1p_menubutton1\" width=\"180\" height=\"50\" \/><\/a><\/p>\n<p>Goethe: Die Leiden des jungen Werthers!<br \/>\n<a href=\"http:\/\/www.youtube.com\/watch?v=2nm6WskPUr8\" target=\"_blank\"><img loading=\"lazy\" class=\"alignnone size-full wp-image-435\" src=\"http:\/\/www.joh-nrw.com\/blog\/wp-content\/uploads\/2014\/01\/hpfixseparat_1p_menubutton1.gif\" alt=\"hpfixseparat_1p_menubutton1\" width=\"180\" height=\"50\" \/><\/a><\/p>\n<p>George Orwell Das H\u00f6rspiel!<br \/>\n<a href=\"http:\/\/www.youtube.com\/watch?v=orezUibS_7c\" target=\"_blank\"><img loading=\"lazy\" class=\"alignnone size-full wp-image-435\" src=\"http:\/\/www.joh-nrw.com\/blog\/wp-content\/uploads\/2014\/01\/hpfixseparat_1p_menubutton1.gif\" alt=\"hpfixseparat_1p_menubutton1\" width=\"180\" height=\"50\" \/><\/a><\/p>\n<p>Gespr\u00e4che mit Gott!<br \/>\n<a href=\"http:\/\/www.youtube.com\/watch?v=W044nX7Zits&amp;list=PL-2OOXJws6yFeciEvWii-_vVivysZDJWy\" target=\"_blank\"><img loading=\"lazy\" class=\"alignnone size-full wp-image-435\" src=\"http:\/\/www.joh-nrw.com\/blog\/wp-content\/uploads\/2014\/01\/hpfixseparat_1p_menubutton1.gif\" alt=\"hpfixseparat_1p_menubutton1\" width=\"180\" height=\"50\" \/><\/a><\/p>\n<p>H\u00f6rbuch American Psycho!<br \/>\n<a href=\"http:\/\/www.youtube.com\/watch?v=Dp3gcZ7ICcE\" target=\"_blank\"><img loading=\"lazy\" class=\"alignnone size-full wp-image-435\" src=\"http:\/\/www.joh-nrw.com\/blog\/wp-content\/uploads\/2014\/01\/hpfixseparat_1p_menubutton1.gif\" alt=\"hpfixseparat_1p_menubutton1\" width=\"180\" height=\"50\" \/><\/a><\/p>\n<p>Die Chroniken Von Narnia\u00a0&#8211; CD 1<br \/>\n<a href=\"http:\/\/www.youtube.com\/watch?v=JOCXS7JKKsQ\" target=\"_blank\"><img loading=\"lazy\" class=\"alignnone size-full wp-image-435\" src=\"http:\/\/www.joh-nrw.com\/blog\/wp-content\/uploads\/2014\/01\/hpfixseparat_1p_menubutton1.gif\" alt=\"hpfixseparat_1p_menubutton1\" width=\"180\" height=\"50\" \/><\/a><\/p>\n<p>Die Chroniken Von Narnia &#8211;\u00a0CD 2<br \/>\n<a href=\"http:\/\/www.youtube.com\/watch?v=YPfTAU-9WOo\" target=\"_blank\"><img loading=\"lazy\" class=\"alignnone size-full wp-image-435\" src=\"http:\/\/www.joh-nrw.com\/blog\/wp-content\/uploads\/2014\/01\/hpfixseparat_1p_menubutton1.gif\" alt=\"hpfixseparat_1p_menubutton1\" width=\"180\" height=\"50\" \/><\/a><\/p>\n<p>Die Chroniken Von Narnia &#8211;\u00a0CD 3<br \/>\n<a href=\"http:\/\/www.youtube.com\/watch?v=HBCsARPRKSk\" target=\"_blank\"><img loading=\"lazy\" class=\"alignnone size-full wp-image-435\" src=\"http:\/\/www.joh-nrw.com\/blog\/wp-content\/uploads\/2014\/01\/hpfixseparat_1p_menubutton1.gif\" alt=\"hpfixseparat_1p_menubutton1\" width=\"180\" height=\"50\" \/><\/a><\/p>\n<p>Die Chroniken Von Narnia &#8211;\u00a0CD 4<br \/>\n<a href=\"http:\/\/www.youtube.com\/watch?v=SOysDyAi6z4\" target=\"_blank\"><img loading=\"lazy\" class=\"alignnone size-full wp-image-435\" src=\"http:\/\/www.joh-nrw.com\/blog\/wp-content\/uploads\/2014\/01\/hpfixseparat_1p_menubutton1.gif\" alt=\"hpfixseparat_1p_menubutton1\" width=\"180\" height=\"50\" \/><\/a><\/p>\n<p><strong><span style=\"font-size: 19px;\"><a href=\"http:\/\/www.joh-nrw.com\/blog\/wp-content\/uploads\/2014\/01\/hpfixseparat_1weg_frei_.jpg\" target=\"_blank\"><img loading=\"lazy\" class=\"alignnone size-full wp-image-415\" src=\"http:\/\/www.joh-nrw.com\/blog\/wp-content\/uploads\/2014\/01\/hpfixseparat_1weg_frei_.jpg\" alt=\"hpfixseparat_1weg_frei_\" width=\"340\" height=\"252\" srcset=\"https:\/\/joh-nrw.com\/blog\/wp-content\/uploads\/2014\/01\/hpfixseparat_1weg_frei_.jpg 340w, https:\/\/joh-nrw.com\/blog\/wp-content\/uploads\/2014\/01\/hpfixseparat_1weg_frei_-300x222.jpg 300w\" sizes=\"(max-width: 340px) 100vw, 340px\" \/><\/a><\/span><\/strong><\/p>\n","protected":false},"excerpt":{"rendered":"<p>Die Protokolle der Weisen von Zion Die Geheimnisse der Weisen von Zion Deutschland, besetzt wieso befreit wodurch Ein riesiges Verbrechen am deutschen Volk Das verbotene Buch der Wahrheit Deutschland wach auf , du bist Besetzt! Deutschland hat keinen Friedensvertrag und ist immer noch besetzt! Atlantis, Edda und Bibel &#8211; 200 000 Jahre Germanischer Weltkultur Friedrich Nietzsche: Ecce homo F\u00e4lschung der deutschen Geschichte Das Universum in der Nussschale BIS NEULICH 2012 Die geheime Geschichte der Menschheit! Was will mein K\u00f6rper mir sagen? Die Zeit heilt KEINE Wunden! Heilende Gedanken f\u00fcr K\u00f6rper und Seele! Edgar Allan Poe &#8211; Der Goldk\u00e4fer! Mark Twain &#8211; Die 1-Million-Pfund-Note! Nietzsche Also Sprach Zarathustra! Franz Kafka &#8211; Die Verwandlung! Franz Kafka &#8211; In der Strafkolonie! Franz Kafka &#8211; Brief an den Vater! Oscar Wilde &#8211; Das Bildnis des Dorian Gray! Goethe: Die Leiden des jungen Werthers! George Orwell Das H\u00f6rspiel! Gespr\u00e4che mit Gott! H\u00f6rbuch American Psycho! Die Chroniken Von Narnia\u00a0&#8211; CD 1 Die Chroniken Von Narnia &#8211;\u00a0CD 2 Die Chroniken Von Narnia &#8211;\u00a0CD 3 Die Chroniken Von Narnia &#8211;\u00a0CD 4<\/p>\n","protected":false},"author":1,"featured_media":0,"parent":0,"menu_order":0,"comment_status":"closed","ping_status":"closed","template":"","meta":{"_links_to":"","_links_to_target":""},"_links":{"self":[{"href":"https:\/\/joh-nrw.com\/blog\/wp-json\/wp\/v2\/pages\/29"}],"collection":[{"href":"https:\/\/joh-nrw.com\/blog\/wp-json\/wp\/v2\/pages"}],"about":[{"href":"https:\/\/joh-nrw.com\/blog\/wp-json\/wp\/v2\/types\/page"}],"author":[{"embeddable":true,"href":"https:\/\/joh-nrw.com\/blog\/wp-json\/wp\/v2\/users\/1"}],"replies":[{"embeddable":true,"href":"https:\/\/joh-nrw.com\/blog\/wp-json\/wp\/v2\/comments?post=29"}],"version-history":[{"count":9,"href":"https:\/\/joh-nrw.com\/blog\/wp-json\/wp\/v2\/pages\/29\/revisions"}],"predecessor-version":[{"id":3823,"href":"https:\/\/joh-nrw.com\/blog\/wp-json\/wp\/v2\/pages\/29\/revisions\/3823"}],"wp:attachment":[{"href":"https:\/\/joh-nrw.com\/blog\/wp-json\/wp\/v2\/media?parent=29"}],"curies":[{"name":"wp","href":"https:\/\/api.w.org\/{rel}","templated":true}]}}