{"id":303,"date":"2014-01-31T23:52:39","date_gmt":"2014-01-31T22:52:39","guid":{"rendered":"http:\/\/www.joh-nrw.com\/blog\/?page_id=303"},"modified":"2018-03-25T15:30:01","modified_gmt":"2018-03-25T13:30:01","slug":"unglaublichkeiten","status":"publish","type":"page","link":"https:\/\/joh-nrw.com\/blog\/unglaublichkeiten","title":{"rendered":"Unglaublichkeiten"},"content":{"rendered":"<p>Hier gibt es in Zukunft <strong>Unglaubliches<\/strong> aus der BRD und Europa, was es in einem fr\u00fcheren deutschen Staat (vgl. Preu\u00dfen) so <strong>niemals<\/strong> gegeben h\u00e4tte. Wir von der WAG-JOH lehnen die Firma Bundesrepublik in Deutschland und dieses j\u00fcdische Europa ab. Bei allen lebenden und beseelten Menschen der WAG-Justiz-Opfer-Hilfe NRW\/Deutschland handelt es sich nach Offenkundigkeit um <strong>deutsche Staatsb\u00fcrger<\/strong> und somit besteht nach V\u00f6lker- und Menschenrechten <strong>u<\/strong>. <strong>a<\/strong>. auch Exteritorialit\u00e4t gegen\u00fcber der Firma NGO-BRiD GmbH und diesen j\u00fcdischem Europa.<\/p>\n<p>Gesellschaftliche Akzeptanz der Zoophilie<br \/>\n<a href=\"http:\/\/derhonigmannsagt.wordpress.com\/2014\/01\/30\/gesellschaftliche-akzeptanz-der-zoophilie\/\" target=\"_blank\" rel=\"noopener\"><img loading=\"lazy\" class=\"alignnone size-full wp-image-435\" src=\"http:\/\/www.joh-nrw.com\/blog\/wp-content\/uploads\/2014\/01\/hpfixseparat_1p_menubutton1.gif\" alt=\"hpfixseparat_1p_menubutton1\" width=\"180\" height=\"50\" \/><\/a><\/p>\n<p>Gesellschaftliche Akzeptanz der Zoophilie<br \/>\n<a href=\"http:\/\/www.youtube.com\/watch?v=g2PVdE95kBc\" target=\"_blank\" rel=\"noopener\"><img loading=\"lazy\" class=\"alignnone size-full wp-image-435\" src=\"http:\/\/www.joh-nrw.com\/blog\/wp-content\/uploads\/2014\/01\/hpfixseparat_1p_menubutton1.gif\" alt=\"hpfixseparat_1p_menubutton1\" width=\"180\" height=\"50\" \/><\/a><\/p>\n<p>Die Antideutsche Antifa fordert gezielte Vergewaltigung von Deutschen Frauen!<br \/>\n<a href=\"https:\/\/lh3.googleusercontent.com\/-QahtyhCdtIk\/UvI2J-3NcGI\/AAAAAAAAAFo\/XXtM51RNz8M\/s500\/Photo%25252005.02.2014%25252007%25253A41.jpg\" target=\"_blank\" rel=\"noopener\"><img loading=\"lazy\" class=\"alignnone size-full wp-image-435\" src=\"http:\/\/www.joh-nrw.com\/blog\/wp-content\/uploads\/2014\/01\/hpfixseparat_1p_menubutton1.gif\" alt=\"hpfixseparat_1p_menubutton1\" width=\"180\" height=\"50\" \/><\/a><br \/>\n<a href=\"http:\/\/kdf-news.de\/nachrichten\/die-antideutsche-antifa-fordert-gezielte-vergewaltigung-von-deutschen\/\" target=\"_blank\" rel=\"noopener\"><img loading=\"lazy\" class=\"alignnone size-full wp-image-435\" src=\"http:\/\/www.joh-nrw.com\/blog\/wp-content\/uploads\/2014\/01\/hpfixseparat_1p_menubutton1.gif\" alt=\"hpfixseparat_1p_menubutton1\" width=\"180\" height=\"50\" \/><\/a><\/p>\n<div id=\"id_5324599898d3e1319643566\"><strong>Deutsche gehen Arbeiten, Asylbewerber gehen beantragen<\/strong><br \/>\n<strong> Ursache: Deutsche mit Personalausweis haben keine Staatsangeh\u00f6rigkeit&#8230;..denkt mal nach\u00a0<\/strong><br \/>\n4.500 Euro monatlich Hartz IV problemlos m\u00f6glich &#8230; Gehen Sie nicht arbeiten und zahlen keine Steuern? Sind Sie kein Deutschst\u00e4mmiger? Tragen Sie ein Kopftuch? Sprechen Sie kein Deutsch? Haben Sie keinen deutschen Vor- und Familiennamen? Geh\u00f6ren Sie der \u201eReligion des Friedens\u201c (Islam) an? Dann haben Sie alle Voraussetzungen erf\u00fcllt, um eine monatliche Hilfe von 4.367,50 vom Jobcenter gew\u00e4hrt zu bekommen.\n<\/div>\n<div>\n<p><strong>Glauben Sie nicht ??\u00a0Hier der Beweis !<br \/>\n<\/strong><a href=\"https:\/\/joh-nrw.com\/blog\/wp-content\/uploads\/2014\/01\/Jobcenter1.jpg\" target=\"_blank\" rel=\"noopener\"><img loading=\"lazy\" class=\"alignnone size-full wp-image-1080\" src=\"https:\/\/joh-nrw.com\/blog\/wp-content\/uploads\/2014\/01\/Jobcenter1.jpg\" alt=\"Jobcenter1\" width=\"698\" height=\"960\" srcset=\"https:\/\/joh-nrw.com\/blog\/wp-content\/uploads\/2014\/01\/Jobcenter1.jpg 698w, https:\/\/joh-nrw.com\/blog\/wp-content\/uploads\/2014\/01\/Jobcenter1-218x300.jpg 218w\" sizes=\"(max-width: 698px) 100vw, 698px\" \/><\/a>\n<\/div>\n<div>\n<p><a href=\"https:\/\/joh-nrw.com\/blog\/wp-content\/uploads\/2014\/01\/Jobcenter2.jpg\" target=\"_blank\" rel=\"noopener\"><img loading=\"lazy\" class=\"alignnone size-full wp-image-1081\" src=\"https:\/\/joh-nrw.com\/blog\/wp-content\/uploads\/2014\/01\/Jobcenter2.jpg\" alt=\"Jobcenter2\" width=\"698\" height=\"960\" srcset=\"https:\/\/joh-nrw.com\/blog\/wp-content\/uploads\/2014\/01\/Jobcenter2.jpg 698w, https:\/\/joh-nrw.com\/blog\/wp-content\/uploads\/2014\/01\/Jobcenter2-218x300.jpg 218w\" sizes=\"(max-width: 698px) 100vw, 698px\" \/><\/a><\/p>\n<p>Deutschland erlebt gerade eine neue Asylantenflut, die die Kommunen an den Rand der Leistungsbereitschaft bringt. Und was machen diese Volksvertreter, anstatt notwendige gesetzliche Ma\u00dfnahmen zu erlassen, um die Asylverfahren zu beschleunigen? Sie erh\u00f6hen den Leistungskatalog f\u00fcr Asylbewerber auch noch. Es geht hier um Asylbewerber, also keine Asylberechtigten. Ob diese Leute \u00fcberhaupt rechtm\u00e4\u00dfig hier sind oder ob es sich nur um Betr\u00fcger handelt, ist bei Asylbewerbern ungekl\u00e4rt, und bei den meisten von ihnen, d.h. \u00fcber\u00a0 95%, wird der Antrag auf Asyl auch abgewiesen. Und f\u00fcr diese sich zu \u00fcber 95% unrechtm\u00e4\u00dfig im Land aufhaltenden Menschen, wird der Leistungskatalog noch kr\u00e4ftig aufgestockt. Sollen so Anreize f\u00fcr noch st\u00e4rkere Asylantenstr\u00f6me nach Deutschland geschaffen werden?<\/p>\n<p>Die meisten Deutschen sind im Tal der Ahnungslosen aufgewachsen und wie ahnungslos sie wirklich sind, zeigt der Bescheid des Jobcenters Hofheim f\u00fcr eine Asylbewerber-Familie. Die monatliche Hilfe betr\u00e4gt f\u00fcr diese vierk\u00f6pfige Familie 4.367,50 Euro! Der monatliche Bescheid wurde im Januar 2014 durch eine Teilzeitbesch\u00e4ftigung auf 3.561,60 Euro! festgelegt. Ein Schlag ins Gesicht f\u00fcr alle deutschst\u00e4mmigen Steuerzahler, f\u00fcr alle deutschst\u00e4mmigen Hartz IV-Empf\u00e4nger und f\u00fcr alle deutschst\u00e4mmigen Rentner, die\u00a0 Deutschland aufgebaut und mehr als 45 Jahre gearbeitet haben.<\/p>\n<p>Deutschst\u00e4mmige Hartz IV-Empf\u00e4nger werden drangsaliert, ihnen werden Sanktionen angedroht, wenn sie sich gegen sinnlose Ma\u00dfnahmen der Jobcenter wehren. Deutschst\u00e4mmige Hartz IV Empf\u00e4nger m\u00fcssen um jeden Cent beim Jobcenter k\u00e4mpfen, erhalten keine monatliche Eingliederungshilfe von 2.262,50 Euro! Die meisten deutschst\u00e4mmigen Hartz IV Empf\u00e4nger haben gearbeitet und in die Sozialkasse eingezahlt, erhalten f\u00fcr ihre Beitr\u00e4ge zur Arbeitslosenversicherung nur ein Gnadenbrot.<\/p>\n<p>Sie sprechen nicht unsere Sprache. Sie haben nicht unsere Kultur. Sie sind kriminell (die meisten). Sie haben hier noch nie gearbeitet. Sie haben noch nie in unsere Sozialkassen eingezahlt. Sie haben noch nie einen gesellschaftlichen Nutzen f\u00fcr uns erbracht.<\/p>\n<p>Deutsche Rentner, die dieses Land aufgebaut haben, bekommen keine Rente\/Grundsicherung in H\u00f6he der Asylbewerberbez\u00fcge.<\/p>\n<p>Die Verbreitung im Netz ist ausdr\u00fccklich gew\u00fcnscht!<\/p>\n<p>Es m\u00fcssen viele Menschen erreicht werden, insbesondere deutschst\u00e4mmige Hartz IV Empf\u00e4nger, die aufgrund des Gleichheitsprinzips ihre zust\u00e4ndige Betreuung im Jobcenter ansprechen sollten und den Bescheid der Asylbewerberfamilie vorlegen. Auch sollte \u00fcberdacht werden, dass deutschst\u00e4mmige Hartz IV Empf\u00e4nger hierzu eine Klage einreichen, also schl\u00e4gt die Gerichte mit ihren eigenen Waffen: Gleichheitsprinzip!!!!<br \/>\nDER LEISTUNGSBESCHEID:<br \/>\nDer Bescheid vom Jobcenter Main-Taunus-Kreis ist echt, also nicht wie von einigen behauptet, dass diese zwei Seiten nicht zusammengeh\u00f6ren oder gar durch Photoshop manipuliert wurden.<br \/>\nAntwort vom Jobcenter Main Taunus Kreis:<br \/>\nGuten Tag Herr (ZDDK\/Mimikama),<br \/>\nzu personenbezogenen Fragen, also auch zu dem im Internet ver\u00f6ffentlichten Dokument, k\u00f6nnen wir aus Datenschutzgr\u00fcnden nichts sagen. Wie das Dokument ins Internet gelangt ist, dar\u00fcber haben wir Vermutungen.Vom Main-Taunus-Kreis aber wurde es nicht ins Netz gestellt.<br \/>\nDie Art und H\u00f6he der Leistungen, die wir gew\u00e4hren, werden durch die Bundesgesetze bestimmt. An diese Gesetze muss sich auch der Main-Taunus-Kreis halten. In ihnen sind auch besondere Leistungen (zum Beispiel bei schweren Behinderungen und besonderen Notlagen) vorgesehen. Sie m\u00f6gen einem Au\u00dfenstehenden ungerechtfertigt hoch erscheinen \u2013 solange er die Einzelheiten des betreffenden Falles nicht kennt.<br \/>\nAnspr\u00fcche auf diese Leistungen haben nicht nur Ausl\u00e4nder, sondern auch Deutsche, f\u00fcr die die entsprechenden Voraussetzungen gelten.<br \/>\nMit freundlichen Gr\u00fc\u00dfen im Auftrag (\u2026) (Pressereferent)<br \/>\nQuelle:<\/p>\n<\/div>\n<div>\n<p><a href=\"http:\/\/www.mimikama.at\/allgemein\/unfassbar-kein-fake\/\" target=\"_blank\" rel=\"noopener\"><img loading=\"lazy\" class=\"alignnone size-full wp-image-435\" src=\"https:\/\/joh-nrw.com\/blog\/wp-content\/uploads\/2014\/01\/hpfixseparat_1p_menubutton1.gif\" alt=\"hpfixseparat_1p_menubutton1\" width=\"180\" height=\"50\" \/><\/a>\n<\/div>\n<p>&nbsp;<\/p>\n<p><a href=\"http:\/\/www.joh-nrw.com\/blog\/wp-content\/uploads\/2014\/01\/hpfixseparat_1weg_frei_.jpg\" target=\"_blank\" rel=\"noopener\"><img loading=\"lazy\" class=\"alignnone size-full wp-image-415\" src=\"http:\/\/www.joh-nrw.com\/blog\/wp-content\/uploads\/2014\/01\/hpfixseparat_1weg_frei_.jpg\" alt=\"hpfixseparat_1weg_frei_\" width=\"340\" height=\"252\" srcset=\"https:\/\/joh-nrw.com\/blog\/wp-content\/uploads\/2014\/01\/hpfixseparat_1weg_frei_.jpg 340w, https:\/\/joh-nrw.com\/blog\/wp-content\/uploads\/2014\/01\/hpfixseparat_1weg_frei_-300x222.jpg 300w\" sizes=\"(max-width: 340px) 100vw, 340px\" \/><\/a><\/p>\n","protected":false},"excerpt":{"rendered":"<p>Hier gibt es in Zukunft Unglaubliches aus der BRD und Europa, was es in einem fr\u00fcheren deutschen Staat (vgl. Preu\u00dfen) so niemals gegeben h\u00e4tte. Wir von der WAG-JOH lehnen die Firma Bundesrepublik in Deutschland und dieses j\u00fcdische Europa ab. Bei allen lebenden und beseelten Menschen der WAG-Justiz-Opfer-Hilfe NRW\/Deutschland handelt es sich nach Offenkundigkeit um deutsche Staatsb\u00fcrger und somit besteht nach V\u00f6lker- und Menschenrechten u. a. auch Exteritorialit\u00e4t gegen\u00fcber der Firma NGO-BRiD GmbH und diesen j\u00fcdischem Europa. Gesellschaftliche Akzeptanz der Zoophilie Gesellschaftliche Akzeptanz der Zoophilie Die Antideutsche Antifa fordert gezielte Vergewaltigung von Deutschen Frauen! Deutsche gehen Arbeiten, Asylbewerber gehen beantragen Ursache: Deutsche mit Personalausweis haben keine Staatsangeh\u00f6rigkeit&#8230;..denkt mal nach\u00a0 4.500 Euro monatlich Hartz IV problemlos m\u00f6glich &#8230; Gehen Sie nicht arbeiten und zahlen keine Steuern? Sind Sie kein Deutschst\u00e4mmiger? Tragen Sie ein Kopftuch? Sprechen Sie kein Deutsch? Haben Sie keinen deutschen Vor- und Familiennamen? Geh\u00f6ren Sie der \u201eReligion des Friedens\u201c (Islam) an? Dann haben Sie alle Voraussetzungen erf\u00fcllt, um eine monatliche Hilfe von 4.367,50 vom Jobcenter gew\u00e4hrt zu bekommen. Glauben Sie nicht ??\u00a0Hier der Beweis ! Deutschland erlebt gerade eine neue Asylantenflut, die die Kommunen an den Rand der Leistungsbereitschaft bringt. Und was machen diese Volksvertreter, anstatt notwendige gesetzliche Ma\u00dfnahmen zu [&hellip;]<\/p>\n","protected":false},"author":1,"featured_media":0,"parent":0,"menu_order":0,"comment_status":"closed","ping_status":"closed","template":"","meta":{"_links_to":"","_links_to_target":""},"_links":{"self":[{"href":"https:\/\/joh-nrw.com\/blog\/wp-json\/wp\/v2\/pages\/303"}],"collection":[{"href":"https:\/\/joh-nrw.com\/blog\/wp-json\/wp\/v2\/pages"}],"about":[{"href":"https:\/\/joh-nrw.com\/blog\/wp-json\/wp\/v2\/types\/page"}],"author":[{"embeddable":true,"href":"https:\/\/joh-nrw.com\/blog\/wp-json\/wp\/v2\/users\/1"}],"replies":[{"embeddable":true,"href":"https:\/\/joh-nrw.com\/blog\/wp-json\/wp\/v2\/comments?post=303"}],"version-history":[{"count":7,"href":"https:\/\/joh-nrw.com\/blog\/wp-json\/wp\/v2\/pages\/303\/revisions"}],"predecessor-version":[{"id":3995,"href":"https:\/\/joh-nrw.com\/blog\/wp-json\/wp\/v2\/pages\/303\/revisions\/3995"}],"wp:attachment":[{"href":"https:\/\/joh-nrw.com\/blog\/wp-json\/wp\/v2\/media?parent=303"}],"curies":[{"name":"wp","href":"https:\/\/api.w.org\/{rel}","templated":true}]}}