{"id":3268,"date":"2016-07-18T11:22:52","date_gmt":"2016-07-18T09:22:52","guid":{"rendered":"http:\/\/www.joh-nrw.com\/?page_id=3268"},"modified":"2018-03-25T15:19:16","modified_gmt":"2018-03-25T13:19:16","slug":"oeffentliches-schuldnerportal","status":"publish","type":"page","link":"https:\/\/joh-nrw.com\/blog\/oeffentliches-schuldnerportal","title":{"rendered":"\u00d6ffentliches Schuldnerportal"},"content":{"rendered":"<p>Hier werden in K\u00fcrze alle Schadenersatzanspr\u00fcche ver\u00f6ffentlicht und International zum Verkauf angeboten!<\/p>\n","protected":false},"excerpt":{"rendered":"<p>Hier werden in K\u00fcrze alle Schadenersatzanspr\u00fcche ver\u00f6ffentlicht und International zum Verkauf angeboten!<\/p>\n","protected":false},"author":1,"featured_media":0,"parent":0,"menu_order":0,"comment_status":"closed","ping_status":"closed","template":"","meta":{"_links_to":"","_links_to_target":""},"_links":{"self":[{"href":"https:\/\/joh-nrw.com\/blog\/wp-json\/wp\/v2\/pages\/3268"}],"collection":[{"href":"https:\/\/joh-nrw.com\/blog\/wp-json\/wp\/v2\/pages"}],"about":[{"href":"https:\/\/joh-nrw.com\/blog\/wp-json\/wp\/v2\/types\/page"}],"author":[{"embeddable":true,"href":"https:\/\/joh-nrw.com\/blog\/wp-json\/wp\/v2\/users\/1"}],"replies":[{"embeddable":true,"href":"https:\/\/joh-nrw.com\/blog\/wp-json\/wp\/v2\/comments?post=3268"}],"version-history":[{"count":3,"href":"https:\/\/joh-nrw.com\/blog\/wp-json\/wp\/v2\/pages\/3268\/revisions"}],"predecessor-version":[{"id":3272,"href":"https:\/\/joh-nrw.com\/blog\/wp-json\/wp\/v2\/pages\/3268\/revisions\/3272"}],"wp:attachment":[{"href":"https:\/\/joh-nrw.com\/blog\/wp-json\/wp\/v2\/media?parent=3268"}],"curies":[{"name":"wp","href":"https:\/\/api.w.org\/{rel}","templated":true}]}}