{"id":42,"date":"2014-01-29T14:44:42","date_gmt":"2014-01-29T13:44:42","guid":{"rendered":"http:\/\/joh-nrw.com\/blog\/?page_id=42"},"modified":"2019-08-02T15:44:06","modified_gmt":"2019-08-02T13:44:06","slug":"europa","status":"publish","type":"page","link":"https:\/\/joh-nrw.com\/blog\/europa","title":{"rendered":"Europa"},"content":{"rendered":"<div align=\"center\"><a href=\"https:\/\/www.joh-nrw.com\/blog\/wp-content\/uploads\/2014\/01\/2banner2013_1.jpg\" target=\"_blank\" rel=\"noopener noreferrer\"><img loading=\"lazy\" class=\"alignnone wp-image-429 size-full\" alt=\"2banner2013_1\" src=\"https:\/\/www.joh-nrw.com\/blog\/wp-content\/uploads\/2014\/01\/2banner2013_1.jpg\" width=\"822\" height=\"82\" srcset=\"https:\/\/joh-nrw.com\/blog\/wp-content\/uploads\/2014\/01\/2banner2013_1.jpg 822w, https:\/\/joh-nrw.com\/blog\/wp-content\/uploads\/2014\/01\/2banner2013_1-300x29.jpg 300w, https:\/\/joh-nrw.com\/blog\/wp-content\/uploads\/2014\/01\/2banner2013_1-500x49.jpg 500w\" sizes=\"(max-width: 822px) 100vw, 822px\" \/><\/a>\n<\/div>\n<div align=\"center\"><a href=\"https:\/\/www.joh-nrw.com\/blog\/wp-content\/uploads\/2014\/01\/europa2013.jpg\" target=\"_blank\" rel=\"noopener noreferrer\"><img loading=\"lazy\" class=\"alignnone wp-image-503 size-full\" alt=\"europa2013\" src=\"https:\/\/www.joh-nrw.com\/blog\/wp-content\/uploads\/2014\/01\/europa2013.jpg\" width=\"822\" height=\"413\" srcset=\"https:\/\/joh-nrw.com\/blog\/wp-content\/uploads\/2014\/01\/europa2013.jpg 822w, https:\/\/joh-nrw.com\/blog\/wp-content\/uploads\/2014\/01\/europa2013-300x150.jpg 300w, https:\/\/joh-nrw.com\/blog\/wp-content\/uploads\/2014\/01\/europa2013-500x251.jpg 500w\" sizes=\"(max-width: 822px) 100vw, 822px\" \/><\/a>\n<\/div>\n<p align=\"center\"><a href=\"https:\/\/www.joh-nrw.com\/blog\/wp-content\/uploads\/2014\/01\/hpfixseparat_neinzueuropa001.jpg\" target=\"_blank\" rel=\"noopener noreferrer\"><img loading=\"lazy\" class=\"alignnone wp-image-504 size-full\" alt=\"hpfixseparat_neinzueuropa001\" src=\"https:\/\/www.joh-nrw.com\/blog\/wp-content\/uploads\/2014\/01\/hpfixseparat_neinzueuropa001.jpg\" width=\"363\" height=\"827\" \/><\/a><\/p>\n<p align=\"center\">Dieses j\u00fcdische EUROPA hat nur ein Ziel und mit Zypern wurde uns schon der Weg zum Ziel aufgezeigt. Wir von der WAG\/JOH\/VG\u00a0Germaniten warnen jeden B\u00fcrger davor, auch weiterhin sein Erspartes auf der Bank liegen zu lassen. Der Diebstahl\u00a0aller Ersparnisse auch des deutschen Volkes wird in\u00a0diesem j\u00fcdischen EUROPA gerade geplant\/vorbereitet.<\/p>\n<p align=\"center\">Jeder uneinsichtige Leser dieser Zeilen wird sich eines Tages an die Vorhersage der WAG\/JOH\/VG Germaniten mit Tr\u00e4nen in den Augen erinnern. Nur dann wird es f\u00fcr den Betroffenen nat\u00fcrlich\u00a0zu sp\u00e4t sein.<\/p>\n<p align=\"center\"><a href=\"https:\/\/www.joh-nrw.com\/blog\/wp-content\/uploads\/2014\/01\/hpfixseparat_eu_klau001.jpg\" target=\"_blank\" rel=\"noopener noreferrer\"><img loading=\"lazy\" class=\"alignnone wp-image-505 size-full\" alt=\"hpfixseparat_eu_klau001\" src=\"https:\/\/www.joh-nrw.com\/blog\/wp-content\/uploads\/2014\/01\/hpfixseparat_eu_klau001.jpg\" width=\"624\" height=\"478\" srcset=\"https:\/\/joh-nrw.com\/blog\/wp-content\/uploads\/2014\/01\/hpfixseparat_eu_klau001.jpg 624w, https:\/\/joh-nrw.com\/blog\/wp-content\/uploads\/2014\/01\/hpfixseparat_eu_klau001-300x229.jpg 300w, https:\/\/joh-nrw.com\/blog\/wp-content\/uploads\/2014\/01\/hpfixseparat_eu_klau001-391x300.jpg 391w\" sizes=\"(max-width: 624px) 100vw, 624px\" \/><\/a><\/p>\n<p align=\"center\"><a href=\"https:\/\/www.joh-nrw.com\/blog\/wp-content\/uploads\/2014\/01\/hpfixseparat_zerreu001.jpg\" target=\"_blank\" rel=\"noopener noreferrer\"><img loading=\"lazy\" class=\"alignnone wp-image-507 size-full\" alt=\"hpfixseparat_zerreu001\" src=\"https:\/\/www.joh-nrw.com\/blog\/wp-content\/uploads\/2014\/01\/hpfixseparat_zerreu001.jpg\" width=\"462\" height=\"656\" srcset=\"https:\/\/joh-nrw.com\/blog\/wp-content\/uploads\/2014\/01\/hpfixseparat_zerreu001.jpg 462w, https:\/\/joh-nrw.com\/blog\/wp-content\/uploads\/2014\/01\/hpfixseparat_zerreu001-211x300.jpg 211w\" sizes=\"(max-width: 462px) 100vw, 462px\" \/><\/a><\/p>\n<p style=\"text-align: left;\" align=\"center\">NEIN zu diesem EUROPA<br \/>\n<a href=\"https:\/\/www.joh-nrw.com\/daten\/Europa.zip\"><img loading=\"lazy\" class=\"alignnone wp-image-435 size-full\" alt=\"hpfixseparat_1p_menubutton1\" src=\"https:\/\/www.joh-nrw.com\/blog\/wp-content\/uploads\/2014\/01\/hpfixseparat_1p_menubutton1.gif\" width=\"180\" height=\"50\" \/><\/a>\u00a0\u00a0<img loading=\"lazy\" class=\"alignnone wp-image-404 size-full\" alt=\"\" src=\"https:\/\/www.joh-nrw.com\/blog\/wp-content\/uploads\/2014\/01\/hpfixsme_19.gif\" width=\"15\" height=\"15\" \/><\/p>\n<p style=\"text-align: left;\" align=\"center\">Europ\u00e4ische Aktion in Deutschland\u00a0\u00a0<img loading=\"lazy\" class=\"alignnone size-full wp-image-404\" alt=\"hpfixsme_19\" src=\"http:\/\/www.joh-nrw.com\/blog\/wp-content\/uploads\/2014\/01\/hpfixsme_19.gif\" width=\"15\" height=\"15\" \/><br \/>\n<a href=\"https:\/\/www.joh-nrw.com\/pdf\/EAID.pdf\" target=\"_blank\" rel=\"noopener noreferrer\"><img loading=\"lazy\" class=\"alignnone wp-image-435 size-full\" alt=\"\" src=\"https:\/\/www.joh-nrw.com\/blog\/wp-content\/uploads\/2014\/01\/hpfixseparat_1p_menubutton1.gif\" width=\"180\" height=\"50\" \/><\/a><\/p>\n<p><a href=\"https:\/\/www.joh-nrw.com\/blog\/wp-content\/uploads\/2014\/01\/hpfixseparat_selbstblockade.jpg\" target=\"_blank\" rel=\"noopener noreferrer\"><img loading=\"lazy\" class=\"aligncenter wp-image-508 size-full\" alt=\"hpfixseparat_selbstblockade\" src=\"https:\/\/www.joh-nrw.com\/blog\/wp-content\/uploads\/2014\/01\/hpfixseparat_selbstblockade.jpg\" width=\"480\" height=\"210\" srcset=\"https:\/\/joh-nrw.com\/blog\/wp-content\/uploads\/2014\/01\/hpfixseparat_selbstblockade.jpg 480w, https:\/\/joh-nrw.com\/blog\/wp-content\/uploads\/2014\/01\/hpfixseparat_selbstblockade-300x131.jpg 300w\" sizes=\"(max-width: 480px) 100vw, 480px\" \/><\/a><\/p>\n<p><strong>Auf den M\u00dcLL mit dem DRECK!<\/strong><br \/>\n<span style=\"font-size: 12px;\"><a href=\"https:\/\/www.youtube.com\/watch?v=Tk9XaQ2f0yM&amp;feature=em-uploademail\" target=\"_blank\" rel=\"noopener noreferrer\"><img loading=\"lazy\" class=\"alignnone wp-image-435 size-full\" alt=\"\" src=\"https:\/\/www.joh-nrw.com\/blog\/wp-content\/uploads\/2014\/01\/hpfixseparat_1p_menubutton1.gif\" width=\"180\" height=\"50\" \/><\/a> <\/span><strong><br \/>\n<\/strong><\/p>\n<p style=\"text-align: left;\" align=\"center\"><strong>Geh Denken lieber Leser!<\/strong><\/p>\n<p align=\"center\"><a href=\"https:\/\/www.joh-nrw.com\/blog\/wp-content\/uploads\/2014\/01\/hpfixseparat_1weg_frei_.jpg\" target=\"_blank\" rel=\"noopener noreferrer\"><img loading=\"lazy\" class=\"alignleft wp-image-415 size-full\" alt=\"hpfixseparat_1weg_frei_\" src=\"https:\/\/www.joh-nrw.com\/blog\/wp-content\/uploads\/2014\/01\/hpfixseparat_1weg_frei_.jpg\" width=\"340\" height=\"252\" srcset=\"https:\/\/joh-nrw.com\/blog\/wp-content\/uploads\/2014\/01\/hpfixseparat_1weg_frei_.jpg 340w, https:\/\/joh-nrw.com\/blog\/wp-content\/uploads\/2014\/01\/hpfixseparat_1weg_frei_-300x222.jpg 300w\" sizes=\"(max-width: 340px) 100vw, 340px\" \/><\/a><\/p>\n","protected":false},"excerpt":{"rendered":"<p>Dieses j\u00fcdische EUROPA hat nur ein Ziel und mit Zypern wurde uns schon der Weg zum Ziel aufgezeigt. Wir von der WAG\/JOH\/VG\u00a0Germaniten warnen jeden B\u00fcrger davor, auch weiterhin sein Erspartes auf der Bank liegen zu lassen. Der Diebstahl\u00a0aller Ersparnisse auch des deutschen Volkes wird in\u00a0diesem j\u00fcdischen EUROPA gerade geplant\/vorbereitet. Jeder uneinsichtige Leser dieser Zeilen wird sich eines Tages an die Vorhersage der WAG\/JOH\/VG Germaniten mit Tr\u00e4nen in den Augen erinnern. Nur dann wird es f\u00fcr den Betroffenen nat\u00fcrlich\u00a0zu sp\u00e4t sein. NEIN zu diesem EUROPA \u00a0\u00a0 Europ\u00e4ische Aktion in Deutschland\u00a0\u00a0 Auf den M\u00dcLL mit dem DRECK! Geh Denken lieber Leser!<\/p>\n","protected":false},"author":1,"featured_media":0,"parent":0,"menu_order":0,"comment_status":"closed","ping_status":"closed","template":"","meta":{"_links_to":"","_links_to_target":""},"_links":{"self":[{"href":"https:\/\/joh-nrw.com\/blog\/wp-json\/wp\/v2\/pages\/42"}],"collection":[{"href":"https:\/\/joh-nrw.com\/blog\/wp-json\/wp\/v2\/pages"}],"about":[{"href":"https:\/\/joh-nrw.com\/blog\/wp-json\/wp\/v2\/types\/page"}],"author":[{"embeddable":true,"href":"https:\/\/joh-nrw.com\/blog\/wp-json\/wp\/v2\/users\/1"}],"replies":[{"embeddable":true,"href":"https:\/\/joh-nrw.com\/blog\/wp-json\/wp\/v2\/comments?post=42"}],"version-history":[{"count":8,"href":"https:\/\/joh-nrw.com\/blog\/wp-json\/wp\/v2\/pages\/42\/revisions"}],"predecessor-version":[{"id":4157,"href":"https:\/\/joh-nrw.com\/blog\/wp-json\/wp\/v2\/pages\/42\/revisions\/4157"}],"wp:attachment":[{"href":"https:\/\/joh-nrw.com\/blog\/wp-json\/wp\/v2\/media?parent=42"}],"curies":[{"name":"wp","href":"https:\/\/api.w.org\/{rel}","templated":true}]}}