{"id":46,"date":"2014-01-29T14:46:49","date_gmt":"2014-01-29T13:46:49","guid":{"rendered":"http:\/\/joh-nrw.com\/blog\/?page_id=46"},"modified":"2014-02-23T02:28:27","modified_gmt":"2014-02-23T01:28:27","slug":"volksgruppe-germaniten","status":"publish","type":"page","link":"https:\/\/joh-nrw.com\/blog\/volksgruppe-germaniten","title":{"rendered":"Volksgruppe Germaniten"},"content":{"rendered":"<div align=\"center\"><a href=\"http:\/\/www.joh-nrw.com\/blog\/wp-content\/uploads\/2014\/01\/2banner2013_1.jpg\" target=\"_blank\"><img loading=\"lazy\" class=\"alignnone size-full wp-image-429\" alt=\"2banner2013_1\" src=\"http:\/\/www.joh-nrw.com\/blog\/wp-content\/uploads\/2014\/01\/2banner2013_1.jpg\" width=\"822\" height=\"82\" srcset=\"https:\/\/joh-nrw.com\/blog\/wp-content\/uploads\/2014\/01\/2banner2013_1.jpg 822w, https:\/\/joh-nrw.com\/blog\/wp-content\/uploads\/2014\/01\/2banner2013_1-300x29.jpg 300w, https:\/\/joh-nrw.com\/blog\/wp-content\/uploads\/2014\/01\/2banner2013_1-500x49.jpg 500w\" sizes=\"(max-width: 822px) 100vw, 822px\" \/><\/a>\n<\/div>\n<h1 align=\"center\"><a href=\"http:\/\/www.joh-nrw.com\/blog\/wp-content\/uploads\/2014\/01\/hpfixseparat_vg_germaniten2013.jpg\" target=\"_blank\"><img loading=\"lazy\" class=\"alignnone size-full wp-image-574\" alt=\"hpfixseparat_vg_germaniten2013\" src=\"http:\/\/www.joh-nrw.com\/blog\/wp-content\/uploads\/2014\/01\/hpfixseparat_vg_germaniten2013.jpg\" width=\"481\" height=\"444\" srcset=\"https:\/\/joh-nrw.com\/blog\/wp-content\/uploads\/2014\/01\/hpfixseparat_vg_germaniten2013.jpg 481w, https:\/\/joh-nrw.com\/blog\/wp-content\/uploads\/2014\/01\/hpfixseparat_vg_germaniten2013-300x276.jpg 300w, https:\/\/joh-nrw.com\/blog\/wp-content\/uploads\/2014\/01\/hpfixseparat_vg_germaniten2013-325x300.jpg 325w\" sizes=\"(max-width: 481px) 100vw, 481px\" \/><\/a><\/h1>\n<p>Die einzig legitime Internetpr\u00e4senz des &#8222;de jure&#8220;\u00a0existenten Staates Germanitien (vgl. Gr\u00fcndungsurkunde vom 23.09.2009) befindet sich ab sofort wieder im Aufbau.<\/p>\n<p>The only legitimate Internet presence of the state of Germanitien existent &#8222;de jure&#8220; (cf. foundation document of the 9\/23\/2009) is from now on again in the construction.<\/p>\n<p><strong>Postanschrift:<\/strong><br \/>\nBotschaft Germanitien, L\u00fcbbecker Str. 35-39, 32584 L\u00f6hne<\/p>\n<p><strong>Rechtsmittelbelehrung !<\/strong><\/p>\n<p>Die Gr\u00fcndung der Volksgruppe WAG\/JOH\/VG Germaniten erfolgte am 23.09.2009 entsprechend der Gesetzgebung bzgl. RStellung von Weltanschauungsgemeinschaften, Volksgruppen, Staatengr\u00fcndung u. a. auf der RGrundlage, SHAEF-Gesetz Nr. 52 Art. VII d, A\/RES\/56\/83 Art. 9, UNO-Resolution 217 A (III) Art. 15, 20\/analog. (vgl. GG Art. 20 (4), 140) Au\u00dferdem verweisen wir auf die Rechtsgrundlage VdDR \/ WRV, W\u00fcD, W\u00fcK, Z\u00f6ller\/L\u00fcckemann Vor \u00a7\u00a7 18-20 GVG.<\/p>\n<p><strong>Grundlagen:<\/strong><\/p>\n<p>VdDR = Verfassung des Deutschen Reichs<\/p>\n<p>WRV =\u00a0 Weimarer Reichsverfassung<\/p>\n<p>AEMR = Allgemeine Erkl\u00e4rung der Menschenrechte v. 10.12.1948<\/p>\n<p>IPBPR = Internationaler Pakt \u00fcber b\u00fcrgerliche und politische Rechte v. 19.12.1966<\/p>\n<p>EMRK = Konvention zum Schutze der Menschenrechte und Grundfreiheiten v. 4.11.1950<\/p>\n<p>EcoSoC = Internationaler Pakt \u00fcber wirtschaftliche, soziale und kulturelle Rechte v. 19.12.1966.<\/p>\n<p>UMRG = Universales Menschenrechtsgesetz v. 22.11.2009<\/p>\n<p>Resolution der UN \u2013 Generalversammlung A\/RES\/45\/120<\/p>\n<p>Charta von Paris f\u00fcr ein neues Europa<\/p>\n<p>Charta der Grundrechte von Nizza<\/p>\n<p>Europ. Charta \u00fcber die Rechtsstellung der Richterinnen und Richter<\/p>\n<p>UNO \u2013 Resolution der Generalversammlung A\/RES\/53\/144<\/p>\n<p>EU \u2013 Annex doc 10111\/06<\/p>\n<p>UNO \u2013 Resolution 217 A (III)<\/p>\n<p>UN-Behindertenrechtskonvention<\/p>\n<p>Londoner Charta f\u00fcr Menschenrechte<\/p>\n<p>Kopenhagener KSZE-Abkommen<\/p>\n<p>HLKO = Haager Landkriegsordnung<\/p>\n<p>GG = Grundgesetz f\u00fcr die Bundesrepublik<\/p>\n<p><a href=\"http:\/\/www.joh-nrw.com\/blog\/wp-content\/uploads\/2014\/01\/hpfixseparat_urherber.jpg\" target=\"_blank\"><img loading=\"lazy\" class=\"alignnone size-full wp-image-575\" alt=\"hpfixseparat_urherber\" src=\"http:\/\/www.joh-nrw.com\/blog\/wp-content\/uploads\/2014\/01\/hpfixseparat_urherber.jpg\" width=\"880\" height=\"495\" srcset=\"https:\/\/joh-nrw.com\/blog\/wp-content\/uploads\/2014\/01\/hpfixseparat_urherber.jpg 880w, https:\/\/joh-nrw.com\/blog\/wp-content\/uploads\/2014\/01\/hpfixseparat_urherber-300x168.jpg 300w, https:\/\/joh-nrw.com\/blog\/wp-content\/uploads\/2014\/01\/hpfixseparat_urherber-500x281.jpg 500w\" sizes=\"(max-width: 880px) 100vw, 880px\" \/><\/a><\/p>\n<p><a href=\"http:\/\/www.staat-germanitien.net\" target=\"_blank\"><a href=\"http:\/\/www.staat-germanitien.net\" target=\"_blank\"><img loading=\"lazy\" alt=\"hpfixseparat_joh_verzierung_3\" src=\"http:\/\/www.joh-nrw.com\/blog\/wp-content\/uploads\/2014\/01\/hpfixseparat_joh_verzierung_3.gif\" width=\"256\" height=\"206\" \/><\/a><\/a><\/p>\n<p>Staat-Germanitien im Internet<br \/>\n<a href=\"http:\/\/www.staat-germanitien.net\" target=\"_blank\"><img loading=\"lazy\" class=\"alignnone size-full wp-image-435\" alt=\"hpfixseparat_1p_menubutton1\" src=\"http:\/\/www.joh-nrw.com\/blog\/wp-content\/uploads\/2014\/01\/hpfixseparat_1p_menubutton1.gif\" width=\"180\" height=\"50\" \/><\/a><\/p>\n","protected":false},"excerpt":{"rendered":"<p>Die einzig legitime Internetpr\u00e4senz des &#8222;de jure&#8220;\u00a0existenten Staates Germanitien (vgl. Gr\u00fcndungsurkunde vom 23.09.2009) befindet sich ab sofort wieder im Aufbau. The only legitimate Internet presence of the state of Germanitien existent &#8222;de jure&#8220; (cf. foundation document of the 9\/23\/2009) is from now on again in the construction. Postanschrift: Botschaft Germanitien, L\u00fcbbecker Str. 35-39, 32584 L\u00f6hne Rechtsmittelbelehrung ! Die Gr\u00fcndung der Volksgruppe WAG\/JOH\/VG Germaniten erfolgte am 23.09.2009 entsprechend der Gesetzgebung bzgl. RStellung von Weltanschauungsgemeinschaften, Volksgruppen, Staatengr\u00fcndung u. a. auf der RGrundlage, SHAEF-Gesetz Nr. 52 Art. VII d, A\/RES\/56\/83 Art. 9, UNO-Resolution 217 A (III) Art. 15, 20\/analog. (vgl. GG Art. 20 (4), 140) Au\u00dferdem verweisen wir auf die Rechtsgrundlage VdDR \/ WRV, W\u00fcD, W\u00fcK, Z\u00f6ller\/L\u00fcckemann Vor \u00a7\u00a7 18-20 GVG. Grundlagen: VdDR = Verfassung des Deutschen Reichs WRV =\u00a0 Weimarer Reichsverfassung AEMR = Allgemeine Erkl\u00e4rung der Menschenrechte v. 10.12.1948 IPBPR = Internationaler Pakt \u00fcber b\u00fcrgerliche und politische Rechte v. 19.12.1966 EMRK = Konvention zum Schutze der Menschenrechte und Grundfreiheiten v. 4.11.1950 EcoSoC = Internationaler Pakt \u00fcber wirtschaftliche, soziale und kulturelle Rechte v. 19.12.1966. UMRG = Universales Menschenrechtsgesetz v. 22.11.2009 Resolution der UN \u2013 Generalversammlung A\/RES\/45\/120 Charta von Paris f\u00fcr ein neues Europa Charta der Grundrechte von Nizza Europ. Charta \u00fcber die Rechtsstellung [&hellip;]<\/p>\n","protected":false},"author":1,"featured_media":0,"parent":0,"menu_order":0,"comment_status":"closed","ping_status":"closed","template":"sidebar-page.php","meta":{"_links_to":"","_links_to_target":""},"_links":{"self":[{"href":"https:\/\/joh-nrw.com\/blog\/wp-json\/wp\/v2\/pages\/46"}],"collection":[{"href":"https:\/\/joh-nrw.com\/blog\/wp-json\/wp\/v2\/pages"}],"about":[{"href":"https:\/\/joh-nrw.com\/blog\/wp-json\/wp\/v2\/types\/page"}],"author":[{"embeddable":true,"href":"https:\/\/joh-nrw.com\/blog\/wp-json\/wp\/v2\/users\/1"}],"replies":[{"embeddable":true,"href":"https:\/\/joh-nrw.com\/blog\/wp-json\/wp\/v2\/comments?post=46"}],"version-history":[{"count":5,"href":"https:\/\/joh-nrw.com\/blog\/wp-json\/wp\/v2\/pages\/46\/revisions"}],"predecessor-version":[{"id":922,"href":"https:\/\/joh-nrw.com\/blog\/wp-json\/wp\/v2\/pages\/46\/revisions\/922"}],"wp:attachment":[{"href":"https:\/\/joh-nrw.com\/blog\/wp-json\/wp\/v2\/media?parent=46"}],"curies":[{"name":"wp","href":"https:\/\/api.w.org\/{rel}","templated":true}]}}