{"id":50,"date":"2014-01-29T14:49:43","date_gmt":"2014-01-29T13:49:43","guid":{"rendered":"http:\/\/joh-nrw.com\/blog\/?page_id=50"},"modified":"2017-10-19T14:26:30","modified_gmt":"2017-10-19T12:26:30","slug":"gewalt-gegen-deutsche","status":"publish","type":"page","link":"https:\/\/joh-nrw.com\/blog\/gewalt-gegen-deutsche","title":{"rendered":"Gewalt gegen Deutsche"},"content":{"rendered":"<div align=\"center\"><a href=\"http:\/\/www.joh-nrw.com\/blog\/wp-content\/uploads\/2014\/01\/2banner2013_1.jpg\" target=\"_blank\"><img loading=\"lazy\" class=\"alignnone size-full wp-image-429\" alt=\"2banner2013_1\" src=\"http:\/\/www.joh-nrw.com\/blog\/wp-content\/uploads\/2014\/01\/2banner2013_1.jpg\" width=\"822\" height=\"82\" srcset=\"https:\/\/joh-nrw.com\/blog\/wp-content\/uploads\/2014\/01\/2banner2013_1.jpg 822w, https:\/\/joh-nrw.com\/blog\/wp-content\/uploads\/2014\/01\/2banner2013_1-300x29.jpg 300w, https:\/\/joh-nrw.com\/blog\/wp-content\/uploads\/2014\/01\/2banner2013_1-500x49.jpg 500w\" sizes=\"(max-width: 822px) 100vw, 822px\" \/><\/a>\n<\/div>\n<p><a href=\"http:\/\/www.joh-nrw.com\/blog\/wp-content\/uploads\/2014\/01\/hpfixseparat_1scheissdeutsch001.jpg\" target=\"_blank\"><img loading=\"lazy\" class=\"alignnone size-full wp-image-586\" alt=\"hpfixseparat_1scheissdeutsch001\" src=\"http:\/\/www.joh-nrw.com\/blog\/wp-content\/uploads\/2014\/01\/hpfixseparat_1scheissdeutsch001.jpg\" width=\"405\" height=\"281\" srcset=\"https:\/\/joh-nrw.com\/blog\/wp-content\/uploads\/2014\/01\/hpfixseparat_1scheissdeutsch001.jpg 405w, https:\/\/joh-nrw.com\/blog\/wp-content\/uploads\/2014\/01\/hpfixseparat_1scheissdeutsch001-300x208.jpg 300w\" sizes=\"(max-width: 405px) 100vw, 405px\" \/><\/a><\/p>\n<p><strong>Opfer erster und zweiter Klasse<\/strong><br \/>\nJonny K, ein junger Deutscher mit thail\u00e4ndischer Mutter, war 20, als sechs t\u00fcrkische Schl\u00e4ger ihn am 14. Oktober 2012 am Berliner Alexanderplatz einfach so zu Tode traten. Die beiden Hauptt\u00e4ter haben sich in die T\u00fcrkei abgesetzt und den deutschen Pass abgegeben. Als t\u00fcrkische Staatsb\u00fcrger kann die BRD-Justiz sie nicht mehr packen. Die &#8222;doppelte Staatsb\u00fcrgerschaft&#8220; n\u00fctzt vor allem Kriminellen, folgert der Neuk\u00f6llner Bezirksb\u00fcrgermeister Buschkowsky aus diesem Fall.<\/p>\n<p align=\"left\"><span style=\"font-size: 14px;\">Im Schlo\u00df Bellevue hat Bundespr\u00e4sident Gauck inzwischen die Angeh\u00f6rigen mutma\u00dflicher Opfer der sog. &#8222;Zwickauer Terrorzelle&#8220; empfangen. Er versprech, sich pers\u00f6nlich f\u00fcr die Aufkl\u00e4rung der &#8222;Fehler und Vers\u00e4umnisse&#8220; einzusetzen, damit sie wieder &#8222;neues Vertrauen fassen&#8220; k\u00f6nnen.<\/span><\/p>\n<p align=\"left\"><span style=\"font-size: 14px;\">Die Familie von Jonny K. hat Gauck nicht eingeladen. Und auch nicht die Familien der Opfer von Onur K., dem t\u00fcrkischen &#8222;20-Cent-Killer&#8220;, der den 44j\u00e4hrigen Thomas M. wegen Kleingeld totgeschlagen hatte, daf\u00fcr mit einer Bew\u00e4hrungsstrafe davonkam und inzwischen wieder vor Gericht steht, weil er wieder grundlos Deutsche zusammengeschlagen und schwerst verletzt hat.<\/span><\/p>\n<p>Das Vertrauen in den deutschen Rechtsstaat d\u00fcrften auch die Angeh\u00f6rigen von Jonny K. und Thomas M. und all den anderen Opfern deutschenfeintlicher Gewalt verloren haben, die Woche f\u00fcr Woche neue Todesopfer fordert. Die deutschen Opfer haben dasselbe Anrecht auf \u00f6ffentliche Aufmerksamkeit und r\u00fcckhaltlose Aufkl\u00e4rung wie die angeblichen Mordopfer des &#8222;NSU&#8220;.<\/p>\n<p>Der &#8222;NSU&#8220;-Untersuchungsausschuss des Bundestages reiste k\u00fcrzlich nach Ankara zum Rapport und lie\u00df sich von der t\u00fcrkischen Regierung wegen der angeblich schleppenden Aufkl\u00e4rung der Mordserie vorf\u00fchren. Der Bundesau\u00dfenminister ist bislang nicht darauf gekommen, den t\u00fcrkischen Botschafter einzubestellen, um dagegen zu protestieren, wie t\u00fcrkische Beh\u00f6rden in Deutschland straff\u00e4llig gewordene t\u00fcrkische M\u00f6rder decken.<\/p>\n<p>T\u00fcrken in Deutschland haben zwei Regierungen, die hinter ihnen stehen. Deutsche Staatsb\u00fcrger nach Offenkundigkeit aber keine.<\/p>\n<p><strong>Das sich das in Zukunft wieder \u00e4ndern wird, daf\u00fcr streiten wir von der WAG\/JOH\/VG Germaniten.<\/strong><\/p>\n<p align=\"left\"><a href=\"http:\/\/www.joh-nrw.com\/blog\/wp-content\/uploads\/2014\/01\/hpfixseparat_drei_affen_.jpg\" target=\"_blank\"><img loading=\"lazy\" class=\"alignnone size-full wp-image-661\" alt=\"hpfixseparat_drei_affen_\" src=\"http:\/\/www.joh-nrw.com\/blog\/wp-content\/uploads\/2014\/01\/hpfixseparat_drei_affen_.jpg\" width=\"508\" height=\"309\" srcset=\"https:\/\/joh-nrw.com\/blog\/wp-content\/uploads\/2014\/01\/hpfixseparat_drei_affen_.jpg 508w, https:\/\/joh-nrw.com\/blog\/wp-content\/uploads\/2014\/01\/hpfixseparat_drei_affen_-300x182.jpg 300w, https:\/\/joh-nrw.com\/blog\/wp-content\/uploads\/2014\/01\/hpfixseparat_drei_affen_-493x300.jpg 493w\" sizes=\"(max-width: 508px) 100vw, 508px\" \/><\/a><\/p>\n<p>Deutsche Opfer, fremde T\u00e4ter! Ausl\u00e4ndergewalt in Deutschland!<br \/>\n<a href=\"http:\/\/www.deutscheopfer.de\/\" target=\"_blank\"><img loading=\"lazy\" class=\"alignnone size-full wp-image-435\" alt=\"hpfixseparat_1p_menubutton1\" src=\"http:\/\/www.joh-nrw.com\/blog\/wp-content\/uploads\/2014\/01\/hpfixseparat_1p_menubutton1.gif\" width=\"180\" height=\"50\" \/><\/a><\/p>\n<p>Gewalt gegen Deutsche. T\u00e4ter Ausl\u00e4nder.<br \/>\n<a href=\"http:\/\/www.deutscheopfer.de\/vorbemerkung-zur-chronik\" target=\"_blank\"><img loading=\"lazy\" class=\"alignnone size-full wp-image-435\" alt=\"hpfixseparat_1p_menubutton1\" src=\"http:\/\/www.joh-nrw.com\/blog\/wp-content\/uploads\/2014\/01\/hpfixseparat_1p_menubutton1.gif\" width=\"180\" height=\"50\" \/><\/a><\/p>\n<p>T\u00fcrken-\u00dcberfall auf Deutsche \u2013 Spontandemo als Antwort!<br \/>\n<a href=\"http:\/\/ds-aktuell.de\/?p=911\" target=\"_blank\"><img loading=\"lazy\" class=\"alignnone size-full wp-image-435\" alt=\"hpfixseparat_1p_menubutton1\" src=\"http:\/\/www.joh-nrw.com\/blog\/wp-content\/uploads\/2014\/01\/hpfixseparat_1p_menubutton1.gif\" width=\"180\" height=\"50\" \/><\/a><\/p>\n<p>Brutale Vergewaltigung einer 16-J\u00e4hrigen durch drei T\u00fcrken!<br \/>\n<a href=\"http:\/\/zoelibat.blogspot.de\/2012\/03\/worms-brutale-vergewaltigung-tuerken.html\" target=\"_blank\"><img loading=\"lazy\" class=\"alignnone size-full wp-image-435\" alt=\"hpfixseparat_1p_menubutton1\" src=\"http:\/\/www.joh-nrw.com\/blog\/wp-content\/uploads\/2014\/01\/hpfixseparat_1p_menubutton1.gif\" width=\"180\" height=\"50\" \/><\/a><br \/>\n<strong><a href=\"https:\/\/joh-nrw.com\/daten\/Vergewaltigung.zip\"><img loading=\"lazy\" class=\"alignnone size-full wp-image-435\" alt=\"hpfixseparat_1p_menubutton1\" src=\"http:\/\/www.joh-nrw.com\/blog\/wp-content\/uploads\/2014\/01\/hpfixseparat_1p_menubutton1.gif\" width=\"180\" height=\"50\" \/><\/a><br \/>\n<\/strong><\/p>\n<p>Bedrohte Schweinefleischfresser<strong><br \/>\n<\/strong><a href=\"http:\/\/www.tagesspiegel.de\/meinung\/rassismus-bedrohte-schweinefleischfresser\/4365764.html\" target=\"_blank\"><img loading=\"lazy\" class=\"alignnone size-full wp-image-435\" alt=\"hpfixseparat_1p_menubutton1\" src=\"http:\/\/www.joh-nrw.com\/blog\/wp-content\/uploads\/2014\/01\/hpfixseparat_1p_menubutton1.gif\" width=\"180\" height=\"50\" \/><\/a><\/p>\n<p>Was tun, wenn Migrantenkinder deutsche Mitsch\u00fcler unterdr\u00fccken? Berliner Lehrer sind verzweifelt<br \/>\n<a href=\"http:\/\/www.zeit.de\/2010\/41\/Schule-Mobbing-Gewalt\" target=\"_blank\"><img loading=\"lazy\" class=\"alignnone size-full wp-image-435\" alt=\"hpfixseparat_1p_menubutton1\" src=\"http:\/\/www.joh-nrw.com\/blog\/wp-content\/uploads\/2014\/01\/hpfixseparat_1p_menubutton1.gif\" width=\"180\" height=\"50\" \/><\/a><\/p>\n<p>Zur Gewalt gegen Deutsche<br \/>\n<a href=\"http:\/\/www.direktzurkanzlerin.de\/beitrag-2857.html\" target=\"_blank\"><img loading=\"lazy\" class=\"alignnone size-full wp-image-435\" alt=\"hpfixseparat_1p_menubutton1\" src=\"http:\/\/www.joh-nrw.com\/blog\/wp-content\/uploads\/2014\/01\/hpfixseparat_1p_menubutton1.gif\" width=\"180\" height=\"50\" \/><\/a><\/p>\n<p>Rede im \u00f6sterreichischen Parlament:<br \/>\nFrechem T\u00fcrken werden die Leviten gelesen! (Retourkutsche)<br \/>\n<a href=\"http:\/\/www.youtube.com\/watch?v=8bSGqLEpZUg\" target=\"_blank\"><img loading=\"lazy\" class=\"alignnone size-full wp-image-435\" alt=\"hpfixseparat_1p_menubutton1\" src=\"https:\/\/joh-nrw.com\/blog\/wp-content\/uploads\/2014\/01\/hpfixseparat_1p_menubutton1.gif\" width=\"180\" height=\"50\" \/><\/a><\/p>\n<p><a href=\"http:\/\/www.joh-nrw.com\/blog\/wp-content\/uploads\/2014\/01\/hpfixseparat_1weg_frei_.jpg\" target=\"_blank\"><img loading=\"lazy\" class=\"alignnone size-full wp-image-415\" alt=\"hpfixseparat_1weg_frei_\" src=\"http:\/\/www.joh-nrw.com\/blog\/wp-content\/uploads\/2014\/01\/hpfixseparat_1weg_frei_.jpg\" width=\"340\" height=\"252\" srcset=\"https:\/\/joh-nrw.com\/blog\/wp-content\/uploads\/2014\/01\/hpfixseparat_1weg_frei_.jpg 340w, https:\/\/joh-nrw.com\/blog\/wp-content\/uploads\/2014\/01\/hpfixseparat_1weg_frei_-300x222.jpg 300w\" sizes=\"(max-width: 340px) 100vw, 340px\" \/><\/a><\/p>\n","protected":false},"excerpt":{"rendered":"<p>Opfer erster und zweiter Klasse Jonny K, ein junger Deutscher mit thail\u00e4ndischer Mutter, war 20, als sechs t\u00fcrkische Schl\u00e4ger ihn am 14. Oktober 2012 am Berliner Alexanderplatz einfach so zu Tode traten. Die beiden Hauptt\u00e4ter haben sich in die T\u00fcrkei abgesetzt und den deutschen Pass abgegeben. Als t\u00fcrkische Staatsb\u00fcrger kann die BRD-Justiz sie nicht mehr packen. Die &#8222;doppelte Staatsb\u00fcrgerschaft&#8220; n\u00fctzt vor allem Kriminellen, folgert der Neuk\u00f6llner Bezirksb\u00fcrgermeister Buschkowsky aus diesem Fall. Im Schlo\u00df Bellevue hat Bundespr\u00e4sident Gauck inzwischen die Angeh\u00f6rigen mutma\u00dflicher Opfer der sog. &#8222;Zwickauer Terrorzelle&#8220; empfangen. Er versprech, sich pers\u00f6nlich f\u00fcr die Aufkl\u00e4rung der &#8222;Fehler und Vers\u00e4umnisse&#8220; einzusetzen, damit sie wieder &#8222;neues Vertrauen fassen&#8220; k\u00f6nnen. Die Familie von Jonny K. hat Gauck nicht eingeladen. Und auch nicht die Familien der Opfer von Onur K., dem t\u00fcrkischen &#8222;20-Cent-Killer&#8220;, der den 44j\u00e4hrigen Thomas M. wegen Kleingeld totgeschlagen hatte, daf\u00fcr mit einer Bew\u00e4hrungsstrafe davonkam und inzwischen wieder vor Gericht steht, weil er wieder grundlos Deutsche zusammengeschlagen und schwerst verletzt hat. Das Vertrauen in den deutschen Rechtsstaat d\u00fcrften auch die Angeh\u00f6rigen von Jonny K. und Thomas M. und all den anderen Opfern deutschenfeintlicher Gewalt verloren haben, die Woche f\u00fcr Woche neue Todesopfer fordert. Die deutschen Opfer haben dasselbe Anrecht auf \u00f6ffentliche Aufmerksamkeit und [&hellip;]<\/p>\n","protected":false},"author":1,"featured_media":0,"parent":0,"menu_order":0,"comment_status":"closed","ping_status":"closed","template":"","meta":{"_links_to":"","_links_to_target":""},"_links":{"self":[{"href":"https:\/\/joh-nrw.com\/blog\/wp-json\/wp\/v2\/pages\/50"}],"collection":[{"href":"https:\/\/joh-nrw.com\/blog\/wp-json\/wp\/v2\/pages"}],"about":[{"href":"https:\/\/joh-nrw.com\/blog\/wp-json\/wp\/v2\/types\/page"}],"author":[{"embeddable":true,"href":"https:\/\/joh-nrw.com\/blog\/wp-json\/wp\/v2\/users\/1"}],"replies":[{"embeddable":true,"href":"https:\/\/joh-nrw.com\/blog\/wp-json\/wp\/v2\/comments?post=50"}],"version-history":[{"count":8,"href":"https:\/\/joh-nrw.com\/blog\/wp-json\/wp\/v2\/pages\/50\/revisions"}],"predecessor-version":[{"id":947,"href":"https:\/\/joh-nrw.com\/blog\/wp-json\/wp\/v2\/pages\/50\/revisions\/947"}],"wp:attachment":[{"href":"https:\/\/joh-nrw.com\/blog\/wp-json\/wp\/v2\/media?parent=50"}],"curies":[{"name":"wp","href":"https:\/\/api.w.org\/{rel}","templated":true}]}}