{"id":52,"date":"2014-01-29T14:51:25","date_gmt":"2014-01-29T13:51:25","guid":{"rendered":"http:\/\/joh-nrw.com\/blog\/?page_id=52"},"modified":"2018-03-25T15:15:37","modified_gmt":"2018-03-25T13:15:37","slug":"joh-aktuell","status":"publish","type":"page","link":"https:\/\/joh-nrw.com\/blog\/joh-aktuell","title":{"rendered":"JOH-Aktuell"},"content":{"rendered":"<h1 style=\"text-align: center;\"><strong><span style=\"font-size: 17px;\">Menschenliebe beginnt mit der Verantwortung zum eigenen Volk!<\/span><\/strong><a href=\"http:\/\/www.joh-nrw.com\/blog\/wp-content\/uploads\/2014\/01\/1banner2013_1.jpg\" target=\"_blank\" rel=\"noopener\"><img loading=\"lazy\" class=\"alignnone wp-image-391\" src=\"http:\/\/www.joh-nrw.com\/blog\/wp-content\/uploads\/2014\/01\/1banner2013_1.jpg\" alt=\"1banner2013_1\" width=\"822\" height=\"82\" srcset=\"https:\/\/joh-nrw.com\/blog\/wp-content\/uploads\/2014\/01\/1banner2013_1.jpg 822w, https:\/\/joh-nrw.com\/blog\/wp-content\/uploads\/2014\/01\/1banner2013_1-300x29.jpg 300w, https:\/\/joh-nrw.com\/blog\/wp-content\/uploads\/2014\/01\/1banner2013_1-500x49.jpg 500w\" sizes=\"(max-width: 822px) 100vw, 822px\" \/><\/a><span style=\"font-size: 17px;\"><a href=\"http:\/\/www.joh-nrw.com\/blog\/wp-content\/uploads\/2014\/01\/hpfixseparat_joh_wolkenschieber.jpg\" target=\"_blank\" rel=\"noopener\"><img loading=\"lazy\" class=\"alignnone size-full wp-image-592\" src=\"http:\/\/www.joh-nrw.com\/blog\/wp-content\/uploads\/2014\/01\/hpfixseparat_joh_wolkenschieber.jpg\" alt=\"hpfixseparat_joh_wolkenschieber\" width=\"396\" height=\"385\" srcset=\"https:\/\/joh-nrw.com\/blog\/wp-content\/uploads\/2014\/01\/hpfixseparat_joh_wolkenschieber.jpg 396w, https:\/\/joh-nrw.com\/blog\/wp-content\/uploads\/2014\/01\/hpfixseparat_joh_wolkenschieber-300x291.jpg 300w, https:\/\/joh-nrw.com\/blog\/wp-content\/uploads\/2014\/01\/hpfixseparat_joh_wolkenschieber-308x300.jpg 308w\" sizes=\"(max-width: 396px) 100vw, 396px\" \/><\/a><\/span><\/h1>\n<p style=\"text-align: center;\">Wenn ich in der BRD NAZI genannt werde, nur weil ich mich als Staatsb\u00fcrger mit Leib und Seele f\u00fcr Deutschland einbringe, dann bin ich sehr stolz darauf, hier und heute\u00a0NAZI genannt zu werden.!<\/p>\n<p><img loading=\"lazy\" src=\"http:\/\/www.joh-nrw.com\/blog\/wp-content\/uploads\/2014\/01\/hpfixseparat_000002.gif\" alt=\"hpfixseparat_000002\" width=\"583\" height=\"371\" \/> Deutscher Stolz<br \/>\n<a href=\"https:\/\/joh-nrw.com\/daten\/DeutscherStolz.zip\"><img loading=\"lazy\" class=\"alignnone size-full wp-image-435\" src=\"http:\/\/www.joh-nrw.com\/blog\/wp-content\/uploads\/2014\/01\/hpfixseparat_1p_menubutton1.gif\" alt=\"hpfixseparat_1p_menubutton1\" width=\"180\" height=\"50\" \/><\/a>\u00a0<img loading=\"lazy\" class=\"alignnone size-full wp-image-404\" src=\"http:\/\/www.joh-nrw.com\/blog\/wp-content\/uploads\/2014\/01\/hpfixsme_19.gif\" alt=\"hpfixsme_19\" width=\"15\" height=\"15\" \/><\/p>\n<p>Geh Denken Deutscher!<br \/>\n<a href=\"https:\/\/joh-nrw.com\/pdf\/BRDDemo.pdf\" target=\"_blank\" rel=\"noopener\"><img loading=\"lazy\" class=\"alignnone size-full wp-image-435\" src=\"http:\/\/www.joh-nrw.com\/blog\/wp-content\/uploads\/2014\/01\/hpfixseparat_1p_menubutton1.gif\" alt=\"hpfixseparat_1p_menubutton1\" width=\"180\" height=\"50\" \/><\/a><\/p>\n<p>BRD-Politiker wollen keinen Friedensvertrag f\u00fcr das deutsche Staatsvolk! <a href=\"https:\/\/joh-nrw.com\/pdf\/JOH-Focus12.pdf\" target=\"_blank\" rel=\"noopener\"><img loading=\"lazy\" class=\"alignnone size-full wp-image-435\" src=\"http:\/\/www.joh-nrw.com\/blog\/wp-content\/uploads\/2014\/01\/hpfixseparat_1p_menubutton1.gif\" alt=\"hpfixseparat_1p_menubutton1\" width=\"180\" height=\"50\" \/><\/a><\/p>\n<p>Kunststaat BRD!<br \/>\n<a href=\"https:\/\/joh-nrw.com\/pdf\/JOH-Focus-Hoch.pdf\" target=\"_blank\" rel=\"noopener\"><img loading=\"lazy\" class=\"alignnone size-full wp-image-435\" src=\"http:\/\/www.joh-nrw.com\/blog\/wp-content\/uploads\/2014\/01\/hpfixseparat_1p_menubutton1.gif\" alt=\"hpfixseparat_1p_menubutton1\" width=\"180\" height=\"50\" \/><\/a><\/p>\n<p>Aufruf zum V\u00f6lkermord am j\u00fcdischen Volk!<br \/>\n<a href=\"https:\/\/joh-nrw.com\/pdf\/JAE.pdf\" target=\"_blank\" rel=\"noopener\"><img loading=\"lazy\" class=\"alignnone size-full wp-image-435\" src=\"http:\/\/www.joh-nrw.com\/blog\/wp-content\/uploads\/2014\/01\/hpfixseparat_1p_menubutton1.gif\" alt=\"hpfixseparat_1p_menubutton1\" width=\"180\" height=\"50\" \/><\/a><\/p>\n<p><strong>Zitat vom JOH-Wolkenschieber zu dem Aufruf zum V\u00f6lkermord am j\u00fcdischen Volk:<\/strong> Hier gibt es somit auch nur einen Schuldigen\/Verantwortlichen und um den ins Gesicht sehen zu k\u00f6nnen braucht der J\u00fcrgen Justavitz aus Vlotho nur in seinen eigenen Spiegel zu sehen. Mit den Gewaltfantasien des J\u00fcrgen Justavitz aus Vlotho hat die VG Germaniten und die JOH NRW\/Deutschland jedenfalls nichts zu tun. Alles andere sind doch nur offenkundige L\u00fcgen und Nebenreden und die haben doch bekanntlich \u00fcberhaupt keine G\u00fcltigkeit. Einfach immer bei der Wahrheit bleiben, dann klappt es auch mit der eigenen Einsicht\u00a0in dieser Angelegenheit nun ausschlie\u00dflich selbst Verantwortung \u00fcbernehmen zu m\u00fcssen.\u00a0Da helfen dann nat\u00fcrlich auch keine nachtr\u00e4glichen L\u00fcgen \u00fcber Personen des Vorstandes der WAG\/JOH\/VG Germaniten mehr.<br \/>\n<a href=\"http:\/\/www.joh-nrw.com\/blog\/wp-content\/uploads\/2014\/01\/hpfixseparat_treue_zum_volk.jpg\" target=\"_blank\" rel=\"noopener\"><img loading=\"lazy\" class=\"alignnone size-full wp-image-666\" src=\"http:\/\/www.joh-nrw.com\/blog\/wp-content\/uploads\/2014\/01\/hpfixseparat_treue_zum_volk.jpg\" alt=\"hpfixseparat_treue_zum_volk\" width=\"508\" height=\"357\" srcset=\"https:\/\/joh-nrw.com\/blog\/wp-content\/uploads\/2014\/01\/hpfixseparat_treue_zum_volk.jpg 508w, https:\/\/joh-nrw.com\/blog\/wp-content\/uploads\/2014\/01\/hpfixseparat_treue_zum_volk-300x210.jpg 300w, https:\/\/joh-nrw.com\/blog\/wp-content\/uploads\/2014\/01\/hpfixseparat_treue_zum_volk-426x300.jpg 426w\" sizes=\"(max-width: 508px) 100vw, 508px\" \/><\/a> <strong><a href=\"http:\/\/www.joh-nrw.com\/blog\/wp-content\/uploads\/2014\/01\/hpfixseparat_1klaw_2013.jpg\" target=\"_blank\" rel=\"noopener\"><img loading=\"lazy\" class=\"alignnone size-full wp-image-410\" src=\"http:\/\/www.joh-nrw.com\/blog\/wp-content\/uploads\/2014\/01\/hpfixseparat_1klaw_2013.jpg\" alt=\"hpfixseparat_1klaw_2013\" width=\"600\" height=\"701\" srcset=\"https:\/\/joh-nrw.com\/blog\/wp-content\/uploads\/2014\/01\/hpfixseparat_1klaw_2013.jpg 600w, https:\/\/joh-nrw.com\/blog\/wp-content\/uploads\/2014\/01\/hpfixseparat_1klaw_2013-256x300.jpg 256w\" sizes=\"(max-width: 600px) 100vw, 600px\" \/><\/a><\/strong>Die Bundesrepublik in Deutschland ist kein Staat.<br \/>\n<a href=\"https:\/\/joh-nrw.com\/pdf\/JOH-Aktuell-06-2013.pdf\" target=\"_blank\" rel=\"noopener\"><img loading=\"lazy\" class=\"alignnone size-full wp-image-435\" src=\"http:\/\/www.joh-nrw.com\/blog\/wp-content\/uploads\/2014\/01\/hpfixseparat_1p_menubutton1.gif\" alt=\"hpfixseparat_1p_menubutton1\" width=\"180\" height=\"50\" \/><\/a>\u00a0 <img loading=\"lazy\" class=\"alignnone size-full wp-image-404\" src=\"http:\/\/www.joh-nrw.com\/blog\/wp-content\/uploads\/2014\/01\/hpfixsme_19.gif\" alt=\"hpfixsme_19\" width=\"15\" height=\"15\" \/> <a href=\"http:\/\/www.joh-nrw.com\/blog\/wp-content\/uploads\/2014\/01\/hpfixseparat_nw136001.jpg\" target=\"_blank\" rel=\"noopener\"><img loading=\"lazy\" class=\"alignnone size-full wp-image-667\" src=\"http:\/\/www.joh-nrw.com\/blog\/wp-content\/uploads\/2014\/01\/hpfixseparat_nw136001.jpg\" alt=\"hpfixseparat_nw136001\" width=\"508\" height=\"442\" srcset=\"https:\/\/joh-nrw.com\/blog\/wp-content\/uploads\/2014\/01\/hpfixseparat_nw136001.jpg 508w, https:\/\/joh-nrw.com\/blog\/wp-content\/uploads\/2014\/01\/hpfixseparat_nw136001-300x261.jpg 300w, https:\/\/joh-nrw.com\/blog\/wp-content\/uploads\/2014\/01\/hpfixseparat_nw136001-344x300.jpg 344w\" sizes=\"(max-width: 508px) 100vw, 508px\" \/><\/a><\/p>\n<p>Die offenkundigen L\u00fcgen des B\u00fcndnis &#8222;Gemeinsam f\u00fcr Vielfalt&#8220; in L\u00f6hne<br \/>\nhaben ihr j\u00e4hes Ende doch l\u00e4ngst gefunden.<br \/>\n<a href=\"https:\/\/joh-nrw.com\/pdf\/JOH-Aktuell-NL.pdf\" target=\"_blank\" rel=\"noopener\"><img loading=\"lazy\" class=\"alignnone size-full wp-image-435\" src=\"http:\/\/www.joh-nrw.com\/blog\/wp-content\/uploads\/2014\/01\/hpfixseparat_1p_menubutton1.gif\" alt=\"hpfixseparat_1p_menubutton1\" width=\"180\" height=\"50\" \/><\/a> <img loading=\"lazy\" class=\"alignnone size-full wp-image-404\" src=\"http:\/\/www.joh-nrw.com\/blog\/wp-content\/uploads\/2014\/01\/hpfixsme_19.gif\" alt=\"hpfixsme_19\" width=\"15\" height=\"15\" \/><\/p>\n<p>Strebt das &#8222;B\u00fcndnis f\u00fcr Vielfalt&#8220; aus L\u00f6hne vielleicht solche Zust\u00e4nde<br \/>\nin Deutschland an?<br \/>\n<a href=\"http:\/\/www.liveleak.com\/ll_embed?f=a3f7d10e5348\" target=\"_blank\" rel=\"noopener\"><img loading=\"lazy\" class=\"alignnone size-full wp-image-435\" src=\"http:\/\/www.joh-nrw.com\/blog\/wp-content\/uploads\/2014\/01\/hpfixseparat_1p_menubutton1.gif\" alt=\"hpfixseparat_1p_menubutton1\" width=\"180\" height=\"50\" \/><\/a> <img loading=\"lazy\" class=\"alignnone size-full wp-image-404\" src=\"http:\/\/www.joh-nrw.com\/blog\/wp-content\/uploads\/2014\/01\/hpfixsme_19.gif\" alt=\"hpfixsme_19\" width=\"15\" height=\"15\" \/><\/p>\n<p>Deutsche W\u00e4hler, die in Zukunft auch weiterhin NGO-BRiD Parteien w\u00e4hlen werden, die machen sich nicht nur des Hochverrates und des Verfassungsbruches schuldig, sondern diese Deutschen verhindern auch weiterhin einen Friedensvertag f\u00fcr das deutsche Volk mit den Alliierten und\u00a0sie verhindern eine echte Wiedervereinigung des Staates Deutschland in den Grenzen von min. dem 31.12.1937.<br \/>\n<a href=\"https:\/\/joh-nrw.com\/pdf\/JOH-Aktuell-DBiv.pdf\" target=\"_blank\" rel=\"noopener\"><img loading=\"lazy\" class=\"alignnone size-full wp-image-435\" src=\"http:\/\/www.joh-nrw.com\/blog\/wp-content\/uploads\/2014\/01\/hpfixseparat_1p_menubutton1.gif\" alt=\"hpfixseparat_1p_menubutton1\" width=\"180\" height=\"50\" \/><\/a><\/p>\n<p><a href=\"http:\/\/www.joh-nrw.com\/blog\/wp-content\/uploads\/2014\/01\/hpfixseparat_1weg_frei_.jpg\" target=\"_blank\" rel=\"noopener\"><img loading=\"lazy\" class=\"alignnone size-full wp-image-415\" src=\"http:\/\/www.joh-nrw.com\/blog\/wp-content\/uploads\/2014\/01\/hpfixseparat_1weg_frei_.jpg\" alt=\"hpfixseparat_1weg_frei_\" width=\"340\" height=\"252\" srcset=\"https:\/\/joh-nrw.com\/blog\/wp-content\/uploads\/2014\/01\/hpfixseparat_1weg_frei_.jpg 340w, https:\/\/joh-nrw.com\/blog\/wp-content\/uploads\/2014\/01\/hpfixseparat_1weg_frei_-300x222.jpg 300w\" sizes=\"(max-width: 340px) 100vw, 340px\" \/><\/a><\/p>\n","protected":false},"excerpt":{"rendered":"<p>Menschenliebe beginnt mit der Verantwortung zum eigenen Volk! Wenn ich in der BRD NAZI genannt werde, nur weil ich mich als Staatsb\u00fcrger mit Leib und Seele f\u00fcr Deutschland einbringe, dann bin ich sehr stolz darauf, hier und heute\u00a0NAZI genannt zu werden.! Deutscher Stolz \u00a0 Geh Denken Deutscher! BRD-Politiker wollen keinen Friedensvertrag f\u00fcr das deutsche Staatsvolk! Kunststaat BRD! Aufruf zum V\u00f6lkermord am j\u00fcdischen Volk! Zitat vom JOH-Wolkenschieber zu dem Aufruf zum V\u00f6lkermord am j\u00fcdischen Volk: Hier gibt es somit auch nur einen Schuldigen\/Verantwortlichen und um den ins Gesicht sehen zu k\u00f6nnen braucht der J\u00fcrgen Justavitz aus Vlotho nur in seinen eigenen Spiegel zu sehen. Mit den Gewaltfantasien des J\u00fcrgen Justavitz aus Vlotho hat die VG Germaniten und die JOH NRW\/Deutschland jedenfalls nichts zu tun. Alles andere sind doch nur offenkundige L\u00fcgen und Nebenreden und die haben doch bekanntlich \u00fcberhaupt keine G\u00fcltigkeit. Einfach immer bei der Wahrheit bleiben, dann klappt es auch mit der eigenen Einsicht\u00a0in dieser Angelegenheit nun ausschlie\u00dflich selbst Verantwortung \u00fcbernehmen zu m\u00fcssen.\u00a0Da helfen dann nat\u00fcrlich auch keine nachtr\u00e4glichen L\u00fcgen \u00fcber Personen des Vorstandes der WAG\/JOH\/VG Germaniten mehr. Die Bundesrepublik in Deutschland ist kein Staat. \u00a0 Die offenkundigen L\u00fcgen des B\u00fcndnis &#8222;Gemeinsam f\u00fcr Vielfalt&#8220; in L\u00f6hne haben ihr j\u00e4hes Ende [&hellip;]<\/p>\n","protected":false},"author":1,"featured_media":0,"parent":0,"menu_order":0,"comment_status":"closed","ping_status":"closed","template":"","meta":{"_links_to":"","_links_to_target":""},"_links":{"self":[{"href":"https:\/\/joh-nrw.com\/blog\/wp-json\/wp\/v2\/pages\/52"}],"collection":[{"href":"https:\/\/joh-nrw.com\/blog\/wp-json\/wp\/v2\/pages"}],"about":[{"href":"https:\/\/joh-nrw.com\/blog\/wp-json\/wp\/v2\/types\/page"}],"author":[{"embeddable":true,"href":"https:\/\/joh-nrw.com\/blog\/wp-json\/wp\/v2\/users\/1"}],"replies":[{"embeddable":true,"href":"https:\/\/joh-nrw.com\/blog\/wp-json\/wp\/v2\/comments?post=52"}],"version-history":[{"count":12,"href":"https:\/\/joh-nrw.com\/blog\/wp-json\/wp\/v2\/pages\/52\/revisions"}],"predecessor-version":[{"id":3988,"href":"https:\/\/joh-nrw.com\/blog\/wp-json\/wp\/v2\/pages\/52\/revisions\/3988"}],"wp:attachment":[{"href":"https:\/\/joh-nrw.com\/blog\/wp-json\/wp\/v2\/media?parent=52"}],"curies":[{"name":"wp","href":"https:\/\/api.w.org\/{rel}","templated":true}]}}