{"id":56,"date":"2014-01-29T14:54:27","date_gmt":"2014-01-29T13:54:27","guid":{"rendered":"http:\/\/joh-nrw.com\/blog\/?page_id=56"},"modified":"2018-03-25T15:18:19","modified_gmt":"2018-03-25T13:18:19","slug":"nsu","status":"publish","type":"page","link":"https:\/\/joh-nrw.com\/blog\/nsu","title":{"rendered":"NSU"},"content":{"rendered":"<p><a href=\"http:\/\/www.joh-nrw.com\/blog\/wp-content\/uploads\/2014\/01\/2banner2013_1.jpg\" target=\"_blank\"><img loading=\"lazy\" class=\"alignnone size-full wp-image-429\" alt=\"2banner2013_1\" src=\"http:\/\/www.joh-nrw.com\/blog\/wp-content\/uploads\/2014\/01\/2banner2013_1.jpg\" width=\"822\" height=\"82\" srcset=\"https:\/\/joh-nrw.com\/blog\/wp-content\/uploads\/2014\/01\/2banner2013_1.jpg 822w, https:\/\/joh-nrw.com\/blog\/wp-content\/uploads\/2014\/01\/2banner2013_1-300x29.jpg 300w, https:\/\/joh-nrw.com\/blog\/wp-content\/uploads\/2014\/01\/2banner2013_1-500x49.jpg 500w\" sizes=\"(max-width: 822px) 100vw, 822px\" \/><\/a><a href=\"https:\/\/joh-nrw.com\/buecher\/NSU-Spezial\/index.html\" target=\"_blank\"><img loading=\"lazy\" class=\"alignnone size-full wp-image-606\" alt=\"hpfixseparat_nsu\" src=\"http:\/\/www.joh-nrw.com\/blog\/wp-content\/uploads\/2014\/01\/hpfixseparat_nsu.jpg\" width=\"602\" height=\"842\" srcset=\"https:\/\/joh-nrw.com\/blog\/wp-content\/uploads\/2014\/01\/hpfixseparat_nsu.jpg 602w, https:\/\/joh-nrw.com\/blog\/wp-content\/uploads\/2014\/01\/hpfixseparat_nsu-214x300.jpg 214w\" sizes=\"(max-width: 602px) 100vw, 602px\" \/><\/a><strong>Zitat von Dr. Alexander Kleinemeyer:<\/strong><br \/>\nNSU-Prozess als BRD-&#8222;Kriegserkl\u00e4rung&#8220; gegen Menschenrechtler\/Wahrheitssuchende als Staatsb\u00fcrger des Staates Deutschland\/Deutsches Reich.<br \/>\n<a href=\"http:\/\/www.joh-nrw.com\/blog\/wp-content\/uploads\/2014\/01\/hpfixseparat_1banner_wmdwf.jpg\" target=\"_blank\"><img loading=\"lazy\" class=\"alignnone size-full wp-image-485\" alt=\"hpfixseparat_1banner_wmdwf\" src=\"http:\/\/www.joh-nrw.com\/blog\/wp-content\/uploads\/2014\/01\/hpfixseparat_1banner_wmdwf.jpg\" width=\"980\" height=\"98\" srcset=\"https:\/\/joh-nrw.com\/blog\/wp-content\/uploads\/2014\/01\/hpfixseparat_1banner_wmdwf.jpg 980w, https:\/\/joh-nrw.com\/blog\/wp-content\/uploads\/2014\/01\/hpfixseparat_1banner_wmdwf-300x30.jpg 300w, https:\/\/joh-nrw.com\/blog\/wp-content\/uploads\/2014\/01\/hpfixseparat_1banner_wmdwf-500x50.jpg 500w\" sizes=\"(max-width: 980px) 100vw, 980px\" \/><\/a><\/p>\n<p>Ex-Agent des Verfassungsschutz D\u00fcsseldorf bestreitet NSU Morde!<br \/>\n<a href=\"http:\/\/www.youtube.com\/watch?feature=player_embedded&amp;v=eWB70Befjc4\" target=\"_blank\"><img loading=\"lazy\" class=\"alignnone size-full wp-image-435\" alt=\"hpfixseparat_1p_menubutton1\" src=\"http:\/\/www.joh-nrw.com\/blog\/wp-content\/uploads\/2014\/01\/hpfixseparat_1p_menubutton1.gif\" width=\"180\" height=\"50\" \/><\/a><\/p>\n<p>Vater des ermordeten Uwe Mundlos klagt an!<br \/>\n<a href=\"https:\/\/joh-nrw.com\/pdf\/VdeUM.pdf\" target=\"_blank\"><img loading=\"lazy\" class=\"alignnone  wp-image-435\" alt=\"hpfixseparat_1p_menubutton1\" src=\"http:\/\/www.joh-nrw.com\/blog\/wp-content\/uploads\/2014\/01\/hpfixseparat_1p_menubutton1.gif\" width=\"180\" height=\"50\" \/><\/a><\/p>\n<p>Strafantrag\/Strafverfolgung wegen Volksverhetzung!<br \/>\n<a href=\"https:\/\/joh-nrw.com\/buecher\/Strafantrag\/index.html\" target=\"_blank\"><img loading=\"lazy\" class=\"alignnone size-full wp-image-435\" alt=\"hpfixseparat_1p_menubutton1\" src=\"http:\/\/www.joh-nrw.com\/blog\/wp-content\/uploads\/2014\/01\/hpfixseparat_1p_menubutton1.gif\" width=\"180\" height=\"50\" \/><\/a><\/p>\n<p>NSU &#8211; ein Konstrukt des Verfassungsschutzes<br \/>\n<a href=\"http:\/\/www.youtube.com\/watch?v=VDI_sKcnmjg\" target=\"_blank\"><img loading=\"lazy\" class=\"alignnone size-full wp-image-435\" alt=\"hpfixseparat_1p_menubutton1\" src=\"http:\/\/www.joh-nrw.com\/blog\/wp-content\/uploads\/2014\/01\/hpfixseparat_1p_menubutton1.gif\" width=\"180\" height=\"50\" \/><\/a><\/p>\n<p>NSU und RAF &#8211; die Geheimdienstzwillinge?<br \/>\n<a href=\"http:\/\/www.youtube.com\/watch?v=C4aoyqnNsEA\" target=\"_blank\"><img loading=\"lazy\" class=\"alignnone size-full wp-image-435\" alt=\"hpfixseparat_1p_menubutton1\" src=\"http:\/\/www.joh-nrw.com\/blog\/wp-content\/uploads\/2014\/01\/hpfixseparat_1p_menubutton1.gif\" width=\"180\" height=\"50\" \/><\/a><\/p>\n<p>Holger Apfel (NPD) zum U-Ausschu\u00df zur &#8222;Zwickauer NSU-Zelle&#8220;<br \/>\n<a href=\"http:\/\/www.youtube.com\/watch?v=x5fkz_zMbvE\" target=\"_blank\"><img loading=\"lazy\" class=\"alignnone size-full wp-image-435\" alt=\"hpfixseparat_1p_menubutton1\" src=\"http:\/\/www.joh-nrw.com\/blog\/wp-content\/uploads\/2014\/01\/hpfixseparat_1p_menubutton1.gif\" width=\"180\" height=\"50\" \/><\/a><\/p>\n<p>NSU Moritat<br \/>\n<a href=\"http:\/\/juergenelsaesser.wordpress.com\/2013\/01\/20\/die-nsu-morde-eine-geheimdienstoperation\/\" target=\"_blank\"><img loading=\"lazy\" class=\"alignnone size-full wp-image-435\" alt=\"hpfixseparat_1p_menubutton1\" src=\"http:\/\/www.joh-nrw.com\/blog\/wp-content\/uploads\/2014\/01\/hpfixseparat_1p_menubutton1.gif\" width=\"180\" height=\"50\" \/><\/a><\/p>\n<p>NSU-Untersuchungsausschuss wurde nach Strich und Faden verarscht<br \/>\n<a href=\"http:\/\/www.wsws.org\/de\/articles\/2013\/07\/18\/nsu-j18.html\" target=\"_blank\"><img loading=\"lazy\" class=\"alignnone size-full wp-image-435\" alt=\"hpfixseparat_1p_menubutton1\" src=\"http:\/\/www.joh-nrw.com\/blog\/wp-content\/uploads\/2014\/01\/hpfixseparat_1p_menubutton1.gif\" width=\"180\" height=\"50\" \/><\/a><\/p>\n<p>D\u00f6ner Morde &#8211; Welche Rolle spielen Beh\u00f6rden?<br \/>\n<a href=\"http:\/\/www.youtube.com\/watch?v=71R1IQvVxm0\" target=\"_blank\"><img loading=\"lazy\" class=\"alignnone size-full wp-image-435\" alt=\"hpfixseparat_1p_menubutton1\" src=\"http:\/\/www.joh-nrw.com\/blog\/wp-content\/uploads\/2014\/01\/hpfixseparat_1p_menubutton1.gif\" width=\"180\" height=\"50\" \/><\/a><\/p>\n<p><strong>Wer erscho\u00df Mich\u00e8le Kiesewetter?<\/strong><br \/>\nNach einem Bericht vom Stern vom 30. November 2011 hat der US-amerikanische Milit\u00e4rgeheimdienst DIA am 25.April 2007 in Heilbronn zwei vermutlich t\u00fcrkische M\u00e4nner beobachtet, einer davon Mevl\u00fct K. bzw. Mevl\u00fct. Kar, wie diese, nachdem sie in einer Bank in Heilbronn 2,3 Millionen Euro eingezahlt hatten, genau zu dem Zeitpunkt auf der Theresienwiese in Heilbronn waren, als dort die t\u00f6dlichen Sch\u00fcsse fielen, denen die Polizistin Mich\u00e8le Kiesewetter zum Opfer fiel.<\/p>\n<p>Danach waren also nicht die angeblichen sog. NSU-Terroristen Uwe B\u00f6hnhardt und Uwe Mundlos die Todessch\u00fctzen, sondern eben diese beiden T\u00fcrken.<\/p>\n<p><strong>Quelle:<br \/>\n<\/strong><a href=\"http:\/\/www.youtube.com\/watch?v=72-QsWy5F7Q\" target=\"_blank\"><img loading=\"lazy\" class=\"alignnone size-full wp-image-435\" alt=\"hpfixseparat_1p_menubutton1\" src=\"http:\/\/www.joh-nrw.com\/blog\/wp-content\/uploads\/2014\/01\/hpfixseparat_1p_menubutton1.gif\" width=\"180\" height=\"50\" \/><\/a><br \/>\n<strong><br \/>\n<\/strong>DER SPIEGEL im NSU-Wunderland! &#8211; T\u00e4gliche BRD-Volksverhetzung!<strong><br \/>\n<\/strong><a href=\"http:\/\/www.youtube.com\/watch?v=7OahHlP1TfU&amp;feature=relmfu\" target=\"_blank\"><img loading=\"lazy\" class=\"alignnone size-full wp-image-435\" alt=\"hpfixseparat_1p_menubutton1\" src=\"http:\/\/www.joh-nrw.com\/blog\/wp-content\/uploads\/2014\/01\/hpfixseparat_1p_menubutton1.gif\" width=\"180\" height=\"50\" \/><\/a><br \/>\n<a href=\"http:\/\/www.youtube.com\/watch?v=-9wvpnWlRh8&amp;feature=relmfu\" target=\"_blank\"><img loading=\"lazy\" class=\"alignnone size-full wp-image-435\" alt=\"hpfixseparat_1p_menubutton1\" src=\"http:\/\/www.joh-nrw.com\/blog\/wp-content\/uploads\/2014\/01\/hpfixseparat_1p_menubutton1.gif\" width=\"180\" height=\"50\" \/><\/a><br \/>\n<a href=\"http:\/\/www.youtube.com\/watch?v=lrGT9cZN6IM&amp;feature=relmfu\" target=\"_blank\"><img loading=\"lazy\" class=\"alignnone size-full wp-image-435\" alt=\"hpfixseparat_1p_menubutton1\" src=\"http:\/\/www.joh-nrw.com\/blog\/wp-content\/uploads\/2014\/01\/hpfixseparat_1p_menubutton1.gif\" width=\"180\" height=\"50\" \/><\/a><br \/>\n<a href=\"http:\/\/www.youtube.com\/watch?v=qDyetqHJDRs\" target=\"_blank\"><img loading=\"lazy\" class=\"alignnone size-full wp-image-435\" alt=\"hpfixseparat_1p_menubutton1\" src=\"http:\/\/www.joh-nrw.com\/blog\/wp-content\/uploads\/2014\/01\/hpfixseparat_1p_menubutton1.gif\" width=\"180\" height=\"50\" \/><\/a><br \/>\n<a href=\"http:\/\/www.youtube.com\/watch?v=LTkOyH7lC8U\" target=\"_blank\"><img loading=\"lazy\" class=\"alignnone size-full wp-image-435\" alt=\"hpfixseparat_1p_menubutton1\" src=\"http:\/\/www.joh-nrw.com\/blog\/wp-content\/uploads\/2014\/01\/hpfixseparat_1p_menubutton1.gif\" width=\"180\" height=\"50\" \/><\/a><br \/>\n<a href=\"http:\/\/www.youtube.com\/watch?v=Q2mvJxl7fZk&amp;feature=relmfu\" target=\"_blank\"><img loading=\"lazy\" class=\"alignnone size-full wp-image-435\" alt=\"hpfixseparat_1p_menubutton1\" src=\"http:\/\/www.joh-nrw.com\/blog\/wp-content\/uploads\/2014\/01\/hpfixseparat_1p_menubutton1.gif\" width=\"180\" height=\"50\" \/><\/a><br \/>\n<a href=\"http:\/\/www.youtube.com\/watch?v=72-QsWy5F7Q&amp;feature=relmfu\" target=\"_blank\"><img loading=\"lazy\" class=\"alignnone size-full wp-image-435\" alt=\"hpfixseparat_1p_menubutton1\" src=\"http:\/\/www.joh-nrw.com\/blog\/wp-content\/uploads\/2014\/01\/hpfixseparat_1p_menubutton1.gif\" width=\"180\" height=\"50\" \/><\/a><br \/>\n<strong><br \/>\n<\/strong>DIE WAHRHEIT SIEHT SO AUS!<br \/>\n<a href=\"http:\/\/www.youtube.com\/watch?feature=player_embedded&amp;v=eWB70Befjc4\" target=\"_blank\"><img loading=\"lazy\" class=\"alignnone size-full wp-image-435\" alt=\"hpfixseparat_1p_menubutton1\" src=\"http:\/\/www.joh-nrw.com\/blog\/wp-content\/uploads\/2014\/01\/hpfixseparat_1p_menubutton1.gif\" width=\"180\" height=\"50\" \/><\/a><\/p>\n<p>&#8222;NSU&#8220; &#8211; Schwindel &#8211; Neue Erkentnisse<strong><br \/>\n<\/strong><a href=\"http:\/\/www.youtube.com\/watch?feature=player_embedded&amp;v=KNygEQMsLRg\" target=\"_blank\"><img loading=\"lazy\" class=\"alignnone size-full wp-image-435\" alt=\"hpfixseparat_1p_menubutton1\" src=\"http:\/\/www.joh-nrw.com\/blog\/wp-content\/uploads\/2014\/01\/hpfixseparat_1p_menubutton1.gif\" width=\"180\" height=\"50\" \/><\/a><\/p>\n<p>KenFM im Gespr\u00e4ch mit: Wolf Wetzel (&#8222;Der NSU-VS-Komplex&#8220;)<strong><br \/>\n<\/strong><a href=\"http:\/\/www.youtube.com\/watch?v=urNJ2HxFrUs&amp;feature=player_embedded\" target=\"_blank\"><img loading=\"lazy\" class=\"alignnone size-full wp-image-435\" alt=\"hpfixseparat_1p_menubutton1\" src=\"http:\/\/www.joh-nrw.com\/blog\/wp-content\/uploads\/2014\/01\/hpfixseparat_1p_menubutton1.gif\" width=\"180\" height=\"50\" \/><\/a><br \/>\n<strong><br \/>\n<\/strong>NSU-Prozess: Erster-Klasse-Begr\u00e4bnis f\u00fcr die Wahrheit<strong><br \/>\n<\/strong><a href=\"http:\/\/info.kopp-verlag.de\/hintergruende\/deutschland\/gerhard-wisnewski\/nsu-prozess-erster-klasse-begraebnis-fuer-die-wahrheit.html\" target=\"_blank\"><img loading=\"lazy\" class=\"alignnone size-full wp-image-435\" alt=\"hpfixseparat_1p_menubutton1\" src=\"http:\/\/www.joh-nrw.com\/blog\/wp-content\/uploads\/2014\/01\/hpfixseparat_1p_menubutton1.gif\" width=\"180\" height=\"50\" \/><\/a><\/p>\n<p>Offener Brief an Beate Zsch\u00e4pe von J\u00fcrgen Els\u00e4sser.<br \/>\n<strong><a href=\"http:\/\/lupocattivoblog.com\/2013\/05\/05\/nsu-prozess-beate-zschape-offener-brief-an-beate-zschape-von-jurgen-elsasser\/\" target=\"_blank\"><img loading=\"lazy\" class=\"alignnone size-full wp-image-435\" alt=\"hpfixseparat_1p_menubutton1\" src=\"http:\/\/www.joh-nrw.com\/blog\/wp-content\/uploads\/2014\/01\/hpfixseparat_1p_menubutton1.gif\" width=\"180\" height=\"50\" \/><\/a><br \/>\n<\/strong><\/p>\n<p><strong>Fazit:<\/strong><\/p>\n<p>Die T\u00f6tungen liegen 12 Jahre zur\u00fcck\u2026\u2026..<\/p>\n<p>als RA kann ich sozusagen den Prozess \u201clesen\u201d. Es ist eindeutig, dass es kein gerechtes Verfahren geben wird.<\/p>\n<p>Die mediale Vor-Verhetzung ist radikal, menschenverachtend und jenseits jeder Menschen-Rechte-Charta.<\/p>\n<p>Es gibt keinerlei Beweise f\u00fcr die Schuld der Angeklagten, explizit null standfeste Indizien gegen Beate Zsch\u00e4pe.<\/p>\n<p>Egal was Zsch\u00e4pe macht, sie wird in der Luft zerrissen.<\/p>\n<p>Sogar ihre Kleidung wird als provozierend ausgelegt, dabei tr\u00e4gt sie nur das was Merkel jeden Tag tr\u00e4gt:<\/p>\n<p>einen Hosenanzug.<\/p>\n<p>Sitzt Zsch\u00e4pe ruhig auf ihrem Platz, sagt nichts und beh\u00e4lt ihre Gef\u00fchle f\u00fcr sich, dann reagieren die Schweine-Medien mit \u201cVerachtung gegen die Opfer\u201d. Was f\u00fcr ein unfassbarer Schmutz wird hier ausgegossen\u2026..<\/p>\n<p>Wenn Zsch\u00e4pes Verteidiger und MA der Verteidiger klare Worte sagen und die Tatsachen beim Wort nehmen, offen dar\u00fcber sprechen, so werden diese MA und Anw\u00e4lte als rassistisch und \u201cAngeh\u00f6rige-Verachtend\u201d dargestellt.<\/p>\n<p>Es ist mit Worten nicht zu beschreiben, was hier abl\u00e4uft.<\/p>\n<p>Es ist dermassen unw\u00fcrdig, dass es eine Klage vor den UN-Menschenrechten geben m\u00fcsste, mit dem klaren Vermerk, den Prozess sofort einzustellen und wenn, dann auf ehrliche Art neu aufzulegen.<\/p>\n<p>Ein Wunsch\u2026\u2026<\/p>\n<p>Nur weil es sich um T\u00fcrken handelte und nur weil diese T\u00fcrken, den Angeh\u00f6rigen, die Medien, die t\u00fcrkische Politik am lautesten schreien\u2026warum \u00fcberhaupt \u201cverhandelt\u201d wird\u2026\u2026.f\u00fcr die scheinheiligen T\u00fcrken und die deutsche\u00a0menschenunw\u00fcrdige, ja rassistische anti-deutsche Justiz, w\u00e4re eine Lynchjustiz aus Justizpolitischen Gr\u00fcnden am liebsten\u2026\u2026. denn genau so verl\u00e4uft dieses schmutzige verachtenswerte Drama.<\/p>\n<p>Lynchjustiz!!!<\/p>\n<p>Weil es tote T\u00fcrken gab! W\u00e4ren die Toten Franzosen, Engl\u00e4nder oder Holl\u00e4nder\u2026\u2026kein Hahn w\u00fcrde kr\u00e4hen.<\/p>\n<p>Die T\u00f6tungen liegen 12 Jahre zur\u00fcck\u2026\u2026..<\/p>\n<p>Weil Beate Zsch\u00e4pe schon seit langem als Opfer auserkoren war\u2026\u2026\u2026\u2026\u2026\u2026<\/p>\n<p>Ich kann nur noch Abscheu vor diesem verkommen Land empfinden. Nicht vor meiner Heimat, sondern vor dem verantwortlichen Zeitgeist und deren Mord-Schergen.<\/p>\n<p>Wiggerl, RA, deutschelobby<\/p>\n<p><strong>Quelle:<\/strong><br \/>\n<a href=\"http:\/\/deutschelobby.com\/nsu-doner-morde-drogen-wett-mafia\/\" target=\"_blank\"><img loading=\"lazy\" class=\"alignnone size-full wp-image-435\" alt=\"hpfixseparat_1p_menubutton1\" src=\"http:\/\/www.joh-nrw.com\/blog\/wp-content\/uploads\/2014\/01\/hpfixseparat_1p_menubutton1.gif\" width=\"180\" height=\"50\" \/><\/a><br \/>\n<a href=\"http:\/\/www.joh-nrw.com\/blog\/wp-content\/uploads\/2014\/01\/hpfixseparat_deutsche.jpg\" target=\"_blank\"><img loading=\"lazy\" class=\"alignnone size-full wp-image-679\" alt=\"hpfixseparat_deutsche\" src=\"http:\/\/www.joh-nrw.com\/blog\/wp-content\/uploads\/2014\/01\/hpfixseparat_deutsche.jpg\" width=\"460\" height=\"686\" srcset=\"https:\/\/joh-nrw.com\/blog\/wp-content\/uploads\/2014\/01\/hpfixseparat_deutsche.jpg 460w, https:\/\/joh-nrw.com\/blog\/wp-content\/uploads\/2014\/01\/hpfixseparat_deutsche-201x300.jpg 201w\" sizes=\"(max-width: 460px) 100vw, 460px\" \/><\/a><\/p>\n<p><strong>Der Verfassungsschutz der NGO-BRiD ist Anstifter und Mitt\u00e4ter!?<br \/>\n<\/strong><span style=\"font-size: 12px;\"><a href=\"http:\/\/www.joh-nrw.com\/pdf\/nsu-und-verfassungsschutz.pdf\" target=\"_blank\"><img loading=\"lazy\" class=\"alignnone size-full wp-image-435\" alt=\"hpfixseparat_1p_menubutton1\" src=\"http:\/\/www.joh-nrw.com\/blog\/wp-content\/uploads\/2014\/01\/hpfixseparat_1p_menubutton1.gif\" width=\"180\" height=\"50\" \/><\/a>\u00a0\u00a0\u00a0<img loading=\"lazy\" class=\"alignnone size-full wp-image-406\" alt=\"hpfixsme_57\" src=\"http:\/\/www.joh-nrw.com\/blog\/wp-content\/uploads\/2014\/01\/hpfixsme_57.gif\" width=\"25\" height=\"29\" \/><\/span><strong><br \/>\n<\/strong><\/p>\n<p><a href=\"https:\/\/joh-nrw.com\/buecher\/NSU-Spezial\/index.html\" target=\"_blank\"><img loading=\"lazy\" class=\"alignnone size-full wp-image-680\" alt=\"hpfixseparat_nsu2013\" src=\"http:\/\/www.joh-nrw.com\/blog\/wp-content\/uploads\/2014\/01\/hpfixseparat_nsu2013.jpg\" width=\"146\" height=\"203\" \/><\/a>\u00a0\u00a0 <img loading=\"lazy\" class=\"alignnone size-full wp-image-404\" alt=\"hpfixsme_19\" src=\"http:\/\/www.joh-nrw.com\/blog\/wp-content\/uploads\/2014\/01\/hpfixsme_19.gif\" width=\"15\" height=\"15\" \/><\/p>\n<p>NSU: Das M\u00e4rchen vom \u201ebraunen Terror&#8220;!<br \/>\n<strong><a href=\"http:\/\/deutschelobby.com\/nsu-doner-morde-drogen-wett-mafia\/\" target=\"_blank\"><img loading=\"lazy\" class=\"alignnone size-full wp-image-435\" alt=\"hpfixseparat_1p_menubutton1\" src=\"http:\/\/www.joh-nrw.com\/blog\/wp-content\/uploads\/2014\/01\/hpfixseparat_1p_menubutton1.gif\" width=\"180\" height=\"50\" \/><\/a><br \/>\n<a href=\"http:\/\/www.youtube.com\/watch?v=LrpP804KLmY\" target=\"_blank\"><img loading=\"lazy\" class=\"alignnone size-full wp-image-435\" alt=\"hpfixseparat_1p_menubutton1\" src=\"http:\/\/www.joh-nrw.com\/blog\/wp-content\/uploads\/2014\/01\/hpfixseparat_1p_menubutton1.gif\" width=\"180\" height=\"50\" \/><\/a><\/strong><\/p>\n<p>Die grauenhafte Bereicherung versetzt die Deutschen in Angst und Schecken. W\u00e4hrend der NSU-Schauprozess gef\u00fchrt wird, dem 10 ber\u00fcchtigte Morde an Ausl\u00e4ndern zugrunde liegen, l\u00e4uft &#8222;das Abschlachten der Deutschen&#8220; ungehindert weiter!<br \/>\n<a href=\"http:\/\/www.thenewsturmer.com\/OnlyGerman\/Bereicherung\/Bereicherung.htm\" target=\"_blank\"><img loading=\"lazy\" class=\"alignnone size-full wp-image-435\" alt=\"hpfixseparat_1p_menubutton1\" src=\"http:\/\/www.joh-nrw.com\/blog\/wp-content\/uploads\/2014\/01\/hpfixseparat_1p_menubutton1.gif\" width=\"180\" height=\"50\" \/><\/a><\/p>\n<p>Mord im Auftrag des Verfassungsschutzes!<br \/>\n<span style=\"font-size: 12px;\"><a href=\"http:\/\/voxpopuliblog.wordpress.com\/2011\/11\/15\/mord-im-auftrag-des-verfassungsschutzes\/\" target=\"_blank\"><img loading=\"lazy\" class=\"alignnone size-full wp-image-435\" alt=\"hpfixseparat_1p_menubutton1\" src=\"http:\/\/www.joh-nrw.com\/blog\/wp-content\/uploads\/2014\/01\/hpfixseparat_1p_menubutton1.gif\" width=\"180\" height=\"50\" \/><\/a> <\/span><strong><br \/>\n<\/strong><\/p>\n<p>&nbsp;<\/p>\n<p>&nbsp;<\/p>\n<p>&nbsp;<\/p>\n<p><a href=\"http:\/\/www.joh-nrw.com\/blog\/wp-content\/uploads\/2014\/01\/hpfixseparat_1weg_frei_.jpg\" target=\"_blank\"><img loading=\"lazy\" class=\"alignnone size-full wp-image-415\" alt=\"hpfixseparat_1weg_frei_\" src=\"http:\/\/www.joh-nrw.com\/blog\/wp-content\/uploads\/2014\/01\/hpfixseparat_1weg_frei_.jpg\" width=\"340\" height=\"252\" srcset=\"https:\/\/joh-nrw.com\/blog\/wp-content\/uploads\/2014\/01\/hpfixseparat_1weg_frei_.jpg 340w, https:\/\/joh-nrw.com\/blog\/wp-content\/uploads\/2014\/01\/hpfixseparat_1weg_frei_-300x222.jpg 300w\" sizes=\"(max-width: 340px) 100vw, 340px\" \/><\/a><\/p>\n","protected":false},"excerpt":{"rendered":"<p>Zitat von Dr. Alexander Kleinemeyer: NSU-Prozess als BRD-&#8222;Kriegserkl\u00e4rung&#8220; gegen Menschenrechtler\/Wahrheitssuchende als Staatsb\u00fcrger des Staates Deutschland\/Deutsches Reich. Ex-Agent des Verfassungsschutz D\u00fcsseldorf bestreitet NSU Morde! Vater des ermordeten Uwe Mundlos klagt an! Strafantrag\/Strafverfolgung wegen Volksverhetzung! NSU &#8211; ein Konstrukt des Verfassungsschutzes NSU und RAF &#8211; die Geheimdienstzwillinge? Holger Apfel (NPD) zum U-Ausschu\u00df zur &#8222;Zwickauer NSU-Zelle&#8220; NSU Moritat NSU-Untersuchungsausschuss wurde nach Strich und Faden verarscht D\u00f6ner Morde &#8211; Welche Rolle spielen Beh\u00f6rden? Wer erscho\u00df Mich\u00e8le Kiesewetter? Nach einem Bericht vom Stern vom 30. November 2011 hat der US-amerikanische Milit\u00e4rgeheimdienst DIA am 25.April 2007 in Heilbronn zwei vermutlich t\u00fcrkische M\u00e4nner beobachtet, einer davon Mevl\u00fct K. bzw. Mevl\u00fct. Kar, wie diese, nachdem sie in einer Bank in Heilbronn 2,3 Millionen Euro eingezahlt hatten, genau zu dem Zeitpunkt auf der Theresienwiese in Heilbronn waren, als dort die t\u00f6dlichen Sch\u00fcsse fielen, denen die Polizistin Mich\u00e8le Kiesewetter zum Opfer fiel. Danach waren also nicht die angeblichen sog. NSU-Terroristen Uwe B\u00f6hnhardt und Uwe Mundlos die Todessch\u00fctzen, sondern eben diese beiden T\u00fcrken. Quelle: DER SPIEGEL im NSU-Wunderland! &#8211; T\u00e4gliche BRD-Volksverhetzung! DIE WAHRHEIT SIEHT SO AUS! &#8222;NSU&#8220; &#8211; Schwindel &#8211; Neue Erkentnisse KenFM im Gespr\u00e4ch mit: Wolf Wetzel (&#8222;Der NSU-VS-Komplex&#8220;) NSU-Prozess: Erster-Klasse-Begr\u00e4bnis f\u00fcr die Wahrheit Offener Brief an Beate Zsch\u00e4pe von [&hellip;]<\/p>\n","protected":false},"author":1,"featured_media":0,"parent":0,"menu_order":0,"comment_status":"closed","ping_status":"closed","template":"","meta":{"_links_to":"","_links_to_target":""},"_links":{"self":[{"href":"https:\/\/joh-nrw.com\/blog\/wp-json\/wp\/v2\/pages\/56"}],"collection":[{"href":"https:\/\/joh-nrw.com\/blog\/wp-json\/wp\/v2\/pages"}],"about":[{"href":"https:\/\/joh-nrw.com\/blog\/wp-json\/wp\/v2\/types\/page"}],"author":[{"embeddable":true,"href":"https:\/\/joh-nrw.com\/blog\/wp-json\/wp\/v2\/users\/1"}],"replies":[{"embeddable":true,"href":"https:\/\/joh-nrw.com\/blog\/wp-json\/wp\/v2\/comments?post=56"}],"version-history":[{"count":11,"href":"https:\/\/joh-nrw.com\/blog\/wp-json\/wp\/v2\/pages\/56\/revisions"}],"predecessor-version":[{"id":3826,"href":"https:\/\/joh-nrw.com\/blog\/wp-json\/wp\/v2\/pages\/56\/revisions\/3826"}],"wp:attachment":[{"href":"https:\/\/joh-nrw.com\/blog\/wp-json\/wp\/v2\/media?parent=56"}],"curies":[{"name":"wp","href":"https:\/\/api.w.org\/{rel}","templated":true}]}}