{"id":58,"date":"2014-01-29T14:55:35","date_gmt":"2014-01-29T13:55:35","guid":{"rendered":"http:\/\/joh-nrw.com\/blog\/?page_id=58"},"modified":"2018-03-25T15:18:49","modified_gmt":"2018-03-25T13:18:49","slug":"offenkundiges","status":"publish","type":"page","link":"https:\/\/joh-nrw.com\/blog\/offenkundiges","title":{"rendered":"Offenkundiges"},"content":{"rendered":"<p style=\"text-align: center;\">Offenkundiges welches keines weiteren Beweises mehr bedarf.<a href=\"http:\/\/www.joh-nrw.com\/blog\/wp-content\/uploads\/2014\/01\/2banner2013_1.jpg\" target=\"_blank\" rel=\"noopener\"><img loading=\"lazy\" class=\"alignnone size-full wp-image-429\" src=\"http:\/\/www.joh-nrw.com\/blog\/wp-content\/uploads\/2014\/01\/2banner2013_1.jpg\" alt=\"2banner2013_1\" width=\"822\" height=\"82\" srcset=\"https:\/\/joh-nrw.com\/blog\/wp-content\/uploads\/2014\/01\/2banner2013_1.jpg 822w, https:\/\/joh-nrw.com\/blog\/wp-content\/uploads\/2014\/01\/2banner2013_1-300x29.jpg 300w, https:\/\/joh-nrw.com\/blog\/wp-content\/uploads\/2014\/01\/2banner2013_1-500x49.jpg 500w\" sizes=\"(max-width: 822px) 100vw, 822px\" \/><\/a><span style=\"font-size: 14px;\"><strong><span style=\"font-size: 17px;\"><a href=\"http:\/\/www.joh-nrw.com\/blog\/wp-content\/uploads\/2014\/01\/hpfixseparat_deutschland_ist___.jpg\" target=\"_blank\" rel=\"noopener\"><img loading=\"lazy\" class=\"size-full wp-image-609 alignleft\" src=\"http:\/\/www.joh-nrw.com\/blog\/wp-content\/uploads\/2014\/01\/hpfixseparat_deutschland_ist___.jpg\" alt=\"hpfixseparat_deutschland_ist___\" width=\"132\" height=\"186\" \/><\/a><\/span><\/strong><\/span><\/p>\n<p>&nbsp;<\/p>\n<p>&nbsp;<\/p>\n<p>&nbsp;<\/p>\n<p>&nbsp;<\/p>\n<p><strong><br \/>\n<\/strong>Wie ein Gerichtstermin und Urteil abgewendet wurde!<br \/>\n<strong><a href=\"http:\/\/revealthetruth.net\/2013\/02\/22\/wie-ein-gerichtstermin-und-urteil-abgewendet-wurde\/\" target=\"_blank\" rel=\"noopener\"><img loading=\"lazy\" class=\"alignnone size-full wp-image-435\" src=\"http:\/\/www.joh-nrw.com\/blog\/wp-content\/uploads\/2014\/01\/hpfixseparat_1p_menubutton1.gif\" alt=\"hpfixseparat_1p_menubutton1\" width=\"180\" height=\"50\" \/><\/a><\/strong><\/p>\n<p>Hausdurchsuchung beim Deutschen Polizei Hilfswerk<br \/>\n<strong><a href=\"http:\/\/www.lvz-online.de\/leipzig\/polizeiticker\/polizeiticker-mitteldeutschland\/hausdurchsuchung-beim-deutschen-polizei-hilfswerk-verbindung-zu-den-reichsbuergern\/r-polizeiticker-mitteldeutschland-a-176802.html\" target=\"_blank\" rel=\"noopener\"><img loading=\"lazy\" class=\"alignnone size-full wp-image-435\" src=\"http:\/\/www.joh-nrw.com\/blog\/wp-content\/uploads\/2014\/01\/hpfixseparat_1p_menubutton1.gif\" alt=\"hpfixseparat_1p_menubutton1\" width=\"180\" height=\"50\" \/><\/a><\/strong><br \/>\n<a href=\"http:\/\/www.doebelner-allgemeine.de\/web\/daz\/nachrichten\/detail\/-\/specific\/Hausdurchsuchung-beim-Deutschen-Polizei-Hilfswerk-Verbindung-zu-den-Reichsbuergern-3681905898\" target=\"_blank\" rel=\"noopener\"><img loading=\"lazy\" class=\"alignnone size-full wp-image-435\" src=\"http:\/\/www.joh-nrw.com\/blog\/wp-content\/uploads\/2014\/01\/hpfixseparat_1p_menubutton1.gif\" alt=\"hpfixseparat_1p_menubutton1\" width=\"180\" height=\"50\" \/><\/a><\/p>\n<p>TheTrueAssociation bekam Besuch vom SEK<br \/>\n<strong><a href=\"http:\/\/www.youtube.com\/watch?v=yDrvJdjwp8E&amp;feature=youtu.be\" target=\"_blank\" rel=\"noopener\"><img loading=\"lazy\" class=\"alignnone size-full wp-image-435\" src=\"http:\/\/www.joh-nrw.com\/blog\/wp-content\/uploads\/2014\/01\/hpfixseparat_1p_menubutton1.gif\" alt=\"hpfixseparat_1p_menubutton1\" width=\"180\" height=\"50\" \/><\/a><\/strong><\/p>\n<p>&#8222;Spitzbuben in schwarzen Roben&#8220;!<br \/>\n<strong><a href=\"http:\/\/www.youtube.com\/watch?feature=player_embedded&amp;v=OGBm_WOlHUY\" target=\"_blank\" rel=\"noopener\"><img loading=\"lazy\" class=\"alignnone size-full wp-image-435\" src=\"http:\/\/www.joh-nrw.com\/blog\/wp-content\/uploads\/2014\/01\/hpfixseparat_1p_menubutton1.gif\" alt=\"hpfixseparat_1p_menubutton1\" width=\"180\" height=\"50\" \/><\/a><\/strong><br \/>\n<a href=\"http:\/\/www.admin.ch\/ch\/d\/sr\/i1\/0.101.de.pdf\" target=\"_blank\" rel=\"noopener\"><img loading=\"lazy\" class=\"alignnone size-full wp-image-435\" src=\"http:\/\/www.joh-nrw.com\/blog\/wp-content\/uploads\/2014\/01\/hpfixseparat_1p_menubutton1.gif\" alt=\"hpfixseparat_1p_menubutton1\" width=\"180\" height=\"50\" \/><\/a><br \/>\n<a href=\"http:\/\/www.kanzlei-dahm.de\/rechtsberatungsgesetz.pdf\" target=\"_blank\" rel=\"noopener\"><img loading=\"lazy\" class=\"alignnone size-full wp-image-435\" src=\"http:\/\/www.joh-nrw.com\/blog\/wp-content\/uploads\/2014\/01\/hpfixseparat_1p_menubutton1.gif\" alt=\"hpfixseparat_1p_menubutton1\" width=\"180\" height=\"50\" \/><\/a><\/p>\n<p>Hausdurchsuchung mit acht Mann!<br \/>\n<a href=\"http:\/\/deutsche-wirtschafts-nachrichten.de\/2013\/04\/18\/bloggerin-macht-einen-scherz-hausdurchsuchung-mit-acht-mann\/\" target=\"_blank\" rel=\"noopener\"><img loading=\"lazy\" class=\"alignnone size-full wp-image-435\" src=\"http:\/\/www.joh-nrw.com\/blog\/wp-content\/uploads\/2014\/01\/hpfixseparat_1p_menubutton1.gif\" alt=\"hpfixseparat_1p_menubutton1\" width=\"180\" height=\"50\" \/><\/a><\/p>\n<p>Hausdurchsuchung wegen Beschneidungskommentar!<strong><br \/>\n<a href=\"http:\/\/www.heise.de\/tp\/blogs\/8\/154145\" target=\"_blank\" rel=\"noopener\"><img loading=\"lazy\" class=\"alignnone size-full wp-image-435\" src=\"http:\/\/www.joh-nrw.com\/blog\/wp-content\/uploads\/2014\/01\/hpfixseparat_1p_menubutton1.gif\" alt=\"hpfixseparat_1p_menubutton1\" width=\"180\" height=\"50\" \/><\/a><\/strong><\/p>\n<p>Deutschland ist ein amerikanisches Protektorat und ein tributpflichtiger Vasallenstaat<br \/>\n<strong><a href=\"http:\/\/brd-schwindel.org\/us-sicherheitsberater-zbigniew-brzezinski-deutschland-ist-ein-amerikanisches-protektorat-und-ein-tributpflichtiger-vasallenstaat\/\" target=\"_blank\" rel=\"noopener\"><img loading=\"lazy\" class=\"alignnone size-full wp-image-435\" src=\"http:\/\/www.joh-nrw.com\/blog\/wp-content\/uploads\/2014\/01\/hpfixseparat_1p_menubutton1.gif\" alt=\"hpfixseparat_1p_menubutton1\" width=\"180\" height=\"50\" \/><\/a><\/strong><\/p>\n<p>Schlie\u00dflich ist \u201cObama bin Laden\u201d einer der gr\u00f6\u00dften Terroristen der Welt!<br \/>\n<strong><a href=\"http:\/\/www.democratic-republicans.us\/deutsch\/german-29-der-amerikaner-glauben-dass-eine-gewaltsame-revolution-bevorsteht-sogar-44-der-konservativen-fast-nur-weissen-republicans\" target=\"_blank\" rel=\"noopener\"><img loading=\"lazy\" class=\"alignnone size-full wp-image-435\" src=\"http:\/\/www.joh-nrw.com\/blog\/wp-content\/uploads\/2014\/01\/hpfixseparat_1p_menubutton1.gif\" alt=\"hpfixseparat_1p_menubutton1\" width=\"180\" height=\"50\" \/><\/a><\/strong><\/p>\n<p>Ende des Sparkurses: EU stellt Weichen f\u00fcr die Inflation<strong><br \/>\n<a href=\"http:\/\/deutsche-wirtschafts-nachrichten.de\/2013\/05\/06\/pimco-chef-el-erian-es-wird-einen-gigantischen-boersen-crash-geben\/\" target=\"_blank\" rel=\"noopener\"><img loading=\"lazy\" class=\"alignnone size-full wp-image-435\" src=\"http:\/\/www.joh-nrw.com\/blog\/wp-content\/uploads\/2014\/01\/hpfixseparat_1p_menubutton1.gif\" alt=\"hpfixseparat_1p_menubutton1\" width=\"180\" height=\"50\" \/><\/a><br \/>\n<\/strong><br \/>\nTheo Waigel &#8211; Das Deutsche Reich existiert!<strong><br \/>\n<a href=\"http:\/\/www.youtube.com\/watch?v=6HjBB6sZrBc\" target=\"_blank\" rel=\"noopener\"><img loading=\"lazy\" class=\"alignnone size-full wp-image-435\" src=\"http:\/\/www.joh-nrw.com\/blog\/wp-content\/uploads\/2014\/01\/hpfixseparat_1p_menubutton1.gif\" alt=\"hpfixseparat_1p_menubutton1\" width=\"180\" height=\"50\" \/><\/a><\/strong><\/p>\n<p>Sahra Wagenknecht kl\u00e4rt auf!<br \/>\n<strong><a href=\"http:\/\/www.youtube.com\/watch?v=7qYheFyUUBA\" target=\"_blank\" rel=\"noopener\"><img loading=\"lazy\" class=\"alignnone size-full wp-image-435\" src=\"http:\/\/www.joh-nrw.com\/blog\/wp-content\/uploads\/2014\/01\/hpfixseparat_1p_menubutton1.gif\" alt=\"hpfixseparat_1p_menubutton1\" width=\"180\" height=\"50\" \/><\/a><br \/>\n<a href=\"http:\/\/www.youtube.com\/results?search_query=Sara+Wagenknecht&amp;oq=Sara+Wagenknecht&amp;gs_l=youtube-reduced.3..0i10.5199.10247.0.10801.16.15.0.1.1.0.231.1426.7j3j2.12.0...0.0...1ac.1.11.youtube-reduced.PojiWut_B1E\" target=\"_blank\" rel=\"noopener\"><img loading=\"lazy\" class=\"alignnone size-full wp-image-435\" src=\"http:\/\/www.joh-nrw.com\/blog\/wp-content\/uploads\/2014\/01\/hpfixseparat_1p_menubutton1.gif\" alt=\"hpfixseparat_1p_menubutton1\" width=\"180\" height=\"50\" \/><\/a><\/strong><\/p>\n<p>BRD\u00a0 &#8211; Ausweise ab 1949 mit Nazi &#8211; Staatsangeh\u00f6rigkeit 1934!<br \/>\n<strong><a href=\"http:\/\/staatenlos.info\/index.php\/ausweis-dokumentation\" target=\"_blank\" rel=\"noopener\"><img loading=\"lazy\" class=\"alignnone size-full wp-image-435\" src=\"http:\/\/www.joh-nrw.com\/blog\/wp-content\/uploads\/2014\/01\/hpfixseparat_1p_menubutton1.gif\" alt=\"hpfixseparat_1p_menubutton1\" width=\"180\" height=\"50\" \/><\/a><\/strong><\/p>\n<p>Darf ein deutscher B\u00fcrger in die USA ausgeliefert werden?<br \/>\n<strong><a href=\"http:\/\/www.auslieferungsverfahren.de\/laenderliste\/auslieferungsverfahren-usa.htm\" target=\"_blank\" rel=\"noopener\"><img loading=\"lazy\" class=\"alignnone size-full wp-image-435\" src=\"http:\/\/www.joh-nrw.com\/blog\/wp-content\/uploads\/2014\/01\/hpfixseparat_1p_menubutton1.gif\" alt=\"hpfixseparat_1p_menubutton1\" width=\"180\" height=\"50\" \/><\/a><\/strong><\/p>\n<p><strong>Offenkundigkeiten!<\/strong><br \/>\n<a href=\"https:\/\/joh-nrw.com\/daten\/Offenkundigkeiten.zip\"><img loading=\"lazy\" class=\"alignnone size-full wp-image-435\" src=\"http:\/\/www.joh-nrw.com\/blog\/wp-content\/uploads\/2014\/01\/hpfixseparat_1p_menubutton1.gif\" alt=\"hpfixseparat_1p_menubutton1\" width=\"180\" height=\"50\" \/><\/a>\u00a0\u00a0<img loading=\"lazy\" class=\"alignnone size-full wp-image-404\" src=\"http:\/\/www.joh-nrw.com\/blog\/wp-content\/uploads\/2014\/01\/hpfixsme_19.gif\" alt=\"hpfixsme_19\" width=\"15\" height=\"15\" \/><\/p>\n<p>Am 10. Mai 2005 ver\u00f6ffentlichte die FAZ auf Seite 14 unter dem Titel<\/p>\n<p>&#8222;Versteinertes Besatzungsrecht&#8220; einen Artikel, der neben vielem Bekannten auch eine \u00e4u\u00dferst beachtliche Information enthielt.<\/p>\n<p>&#8230;.., da\u00df auf ein auch heute noch &#8222;fortgeltendes Besatzungsrecht&#8220; hingewiesen wird, insbesondere abzuleiten aus den von der Adenauerregierung mit den westlichen Siegerm\u00e4chten abgeschlossenen Bestimmungen des \u00dcberleitungsvertrages aus dem Jahre 1953.<\/p>\n<p>Angeblich &#8211; nach FAZ &#8211; Ausf\u00fchrungen &#8211; bleiben von diesem Vertrag insbesondere die Ma\u00dfnahmen in Kraft, die f\u00fcr&#8230;., &#8222;Zwecke der Reparation oder Restitution oder aufgrund des Kriegszustandes&#8220; gegen das &#8222;deutsche Auslands- oder sonstige Verm\u00f6gen durchgef\u00fchrt worden sind&#8220;.<\/p>\n<p>Gegen diese Ma\u00dfnahmen darf die Bundesregierung keine Einwendungen erheben.<\/p>\n<p>Anspr\u00fcche gegen Klagen und Klagen gegen Personen, die aufgrund solcher Ma\u00dfnahmen Eigentum erworben haben, sowie Klagen gegen internationale Organisationen oder ausl\u00e4ndische Regierungen &#8222;werden nicht zugelassen&#8220;.<\/p>\n<p>Zun\u00e4chst ist die irritierende Formulierung &#8222;Auslands- und sonstige Verm\u00f6gen&#8220; dahingehend richtigzustellen, da\u00df korrekterweise hierunter &#8222;jegliches deutsche Verm\u00f6gen&#8220; zu verstehen ist; mit anderen Worten, alles was sich \u00fcberhaupt nur im Eigentum des Deutschen Volkes befand oder auch in Zukunft befindet.<\/p>\n<p>Wird dar\u00fcber hinaus noch die zeitliche Bezugnahme in dieser Formulierung, das &#8222;worden sind&#8220;, so betrachtet, da\u00df hier immer von dem Zeitpunkt ausgegangen wird, an dem jemand einen rechtlichen Einspruch dagegen geltend machen w\u00fcrde, so fallen alle bis zum heutigen Tage stattgefundenen Zugriffe auf deutsches Verm\u00f6gen in diesen f\u00fcr alles Deutsche rechtsfreien Raum.<\/p>\n<p>Um es hier auf den Punkt zu bringen: die FAZ schreibt in ihrem Artikel vom 10. Mai 2005, da\u00df jeder bis heute stattgefundene und auch k\u00fcnftig stattfindene Abgriff deutschen Verm\u00f6gens zum &#8222;Zwecke der Reparation und Restitution&#8220; anerkanntes und wirksames Recht der Siegerm\u00e4chte ist.<\/p>\n<p>Die Konsequenz einer solchen &#8222;rechtlichen Definition&#8220; besagt nun nichts geringeres, als die Widerlegung jeglichen deutschen Anspruchs auf Eigentum \u00fcberhaupt.!<\/p>\n<p>Nun ist damit aber l\u00e4ngst noch nicht der gesamte Umfang dieser Machenschaften dargelegt. Der d\u00fcrfte vielleicht dann deutlich werden, wenn wir es einmal von der anderen Seite betrachten und an dieser Stelle die berechtigte Frage stellen, n\u00e4mlich: Auf was hat ein Deutscher denn \u00fcberhaupt noch einen Rechtsanspruch?<\/p>\n<p>Da es die Geistesk\u00fcnstler der Demokratien l\u00e4ngst geschafft haben, Alles und Jedes als Bestandteil des Eigentums-Materialismus zu deklarieren, Deutsche aber keinen Rechtsanspruch auf materielles Eigentum haben, bedeutet das doch nichts anderes, als da\u00df Deutsche nicht nur keinen Rechtsanspruch auf Eigentum haben, sondern das sie \u00fcberhaupt keinerlei Rechte haben!<\/p>\n<p>Jeder Deutsche ist danach nicht nur de fakto eigentumslos, sondern somit auch vollst\u00e4ndig rechtlos.<\/p>\n<p>Dort, wo nun so mancher B\u00fcrger hier im Land und vielleicht auch Sie als Leser dieser Zeilen nun meint, da\u00df der von ihm erlebte Zustand aber doch etwas v\u00f6llig anderes zeige, da\u00df er doch noch in &#8222;seinem&#8220; Haus wohne und auch noch mit &#8222;seinem&#8220; Auto fahre, so liegt die Ursache f\u00fcr diesen gl\u00fccklichen Zustand einzig darin, da\u00df sich noch niemand auf der Seite der Nicht-Deutschen gefunden hat, der einen Reparations- oder Restitutionsanspruch darauf erhoben hat.<\/p>\n<p>Bleibt an dieser Stelle vielleicht noch eine Frage zur Souver\u00e4nit\u00e4t der &#8222;BRD&#8220; oder zu deren demokratisch gew\u00e4hlten Politikern!? M\u00f6chte jemand wissen, woher die Drehb\u00fccher stammen, denen die &#8222;BRD&#8220;-Politschauspieler ihre korrupten Texte entnehmen, oder ob wir selbst als Komparsen in einem Drama oder Lustspiel mitspielen?, so setzt das die F\u00e4higkeit voraus, auch \u00fcber den &#8222;Tellerrand&#8220; schauen zu k\u00f6nnen.<\/p>\n<p>Nur wer die Wahrheit erkennt ist in der Lage das gesamte Ausma\u00df der korrupten Politik der letzten 25 Jahre zu erkennen.<\/p>\n<p>Wenn dem nicht so sein sollte, geh\u00f6ren Sie meiner Meinung nach zu den Menschen, die die Realit\u00e4t fr\u00fchestens dann als solche erfassen, wenn Sie existentiell final aus ihr ausgeschlossen werden.<\/p>\n<p>Liebe Gr\u00fc\u00dfe&#8230;<\/p>\n<p><strong>Zitat:<\/strong><br \/>\nEs gibt kein Verbrechen, keinen Kniff, keinen Trick, keinen Schwindel, kein Laster, das nicht von Geheimhaltung lebt. Bringt diese Heimlichkeiten ans Tageslicht, beschreibt sie, macht sie vor aller Augen l\u00e4cherlich, und fr\u00fcher oder sp\u00e4ter wird die \u00f6ffentliche Meinung sie hinwegfegen. Bekanntmachung allein gen\u00fcgt vielleicht nicht; aber es ist das einzige Mittel, ohne das alle anderen versagen.<\/p>\n<p>Geheimsache BRD<br \/>\n<a href=\"http:\/\/totoweise.wordpress.com\/2012\/01\/29\/der-brd-schwindel\/\" target=\"_blank\" rel=\"noopener\"><img loading=\"lazy\" class=\"alignnone size-full wp-image-435\" src=\"http:\/\/www.joh-nrw.com\/blog\/wp-content\/uploads\/2014\/01\/hpfixseparat_1p_menubutton1.gif\" alt=\"hpfixseparat_1p_menubutton1\" width=\"180\" height=\"50\" \/><\/a><\/p>\n<p align=\"left\">Die BRD ist kein Staat und f\u00fcr B\u00fcrger des Staates Deutschland\/Deutsches Reich (RuStAG von 1913) nicht zust\u00e4ndig. B\u00fcrger die sich auch in Zukunft weiterhin mit BRD-Dokumenten gegen\u00fcber BRD-Beh\u00f6rden und BRD-Dienstausweistr\u00e4gern ausweisen, begehen Hochverrat am deutschen Volk und unterwerfen sich freiwillig der BRD-Staatenlosigkeit &#8222;Deutsch&#8220;. Staatenlose werden in der BRD als juristische Personen (Sache) v\u00f6llig Rechtlos gehalten und vor BRD-Sondergerichten (vgl. GVG \u00a7 15 &#8211; Gerichte sind Staatsgerichte &#8211; seit 1950 aufgehoben) nach HANDELSRECHT abgeurteilt.<\/p>\n<p align=\"left\"><a href=\"http:\/\/www.joh-nrw.com\/blog\/wp-content\/uploads\/2014\/01\/hpfixseparat_paragraph_symbol.jpg\" target=\"_blank\" rel=\"noopener\"><img loading=\"lazy\" class=\"alignnone size-full wp-image-682\" src=\"http:\/\/www.joh-nrw.com\/blog\/wp-content\/uploads\/2014\/01\/hpfixseparat_paragraph_symbol.jpg\" alt=\"Symbolbild Rechtssprechung\" width=\"424\" height=\"283\" srcset=\"https:\/\/joh-nrw.com\/blog\/wp-content\/uploads\/2014\/01\/hpfixseparat_paragraph_symbol.jpg 424w, https:\/\/joh-nrw.com\/blog\/wp-content\/uploads\/2014\/01\/hpfixseparat_paragraph_symbol-300x200.jpg 300w\" sizes=\"(max-width: 424px) 100vw, 424px\" \/><\/a><\/p>\n<p><strong>Protokoll Nr. 4 zur Konvention zum Schutze der Menschenrechte und Grundfreiheiten, durch das gewisse Recht und Freiheiten gew\u00e4hrleistet werden, die nicht bereits in der Konvention oder im ersten Zusatzprotokoll enthalten sind in der Fassung des Protokolls Nr. 11 &#8211; Stra\u00dfburg, 16. IX. 1963<br \/>\nArtikel 1 &#8211; Verbot der Freiheitsentziehung wegen Schulden<br \/>\n&#8222;Niemand darf die Freiheit allein deshalb entzogen werden, weil er nicht in der Lage ist, eine vertragliche Verpflichtung zu erf\u00fcllen&#8220;.<br \/>\n<\/strong><\/p>\n<p><strong><a href=\"http:\/\/www.joh-nrw.com\/blog\/wp-content\/uploads\/2014\/01\/hpfixseparat_joh_wahrheit.jpg\" target=\"_blank\" rel=\"noopener\"><img loading=\"lazy\" class=\"alignnone size-full wp-image-683\" src=\"http:\/\/www.joh-nrw.com\/blog\/wp-content\/uploads\/2014\/01\/hpfixseparat_joh_wahrheit.jpg\" alt=\"hpfixseparat_joh_wahrheit\" width=\"528\" height=\"778\" srcset=\"https:\/\/joh-nrw.com\/blog\/wp-content\/uploads\/2014\/01\/hpfixseparat_joh_wahrheit.jpg 528w, https:\/\/joh-nrw.com\/blog\/wp-content\/uploads\/2014\/01\/hpfixseparat_joh_wahrheit-203x300.jpg 203w\" sizes=\"(max-width: 528px) 100vw, 528px\" \/><\/a><\/strong><\/p>\n<p>&nbsp;<\/p>\n<p><strong><a href=\"http:\/\/www.joh-nrw.com\/blog\/wp-content\/uploads\/2014\/01\/hpfixseparat_1weg_frei_.jpg\" target=\"_blank\" rel=\"noopener\"><img loading=\"lazy\" class=\"alignnone size-full wp-image-415\" src=\"http:\/\/www.joh-nrw.com\/blog\/wp-content\/uploads\/2014\/01\/hpfixseparat_1weg_frei_.jpg\" alt=\"hpfixseparat_1weg_frei_\" width=\"340\" height=\"252\" srcset=\"https:\/\/joh-nrw.com\/blog\/wp-content\/uploads\/2014\/01\/hpfixseparat_1weg_frei_.jpg 340w, https:\/\/joh-nrw.com\/blog\/wp-content\/uploads\/2014\/01\/hpfixseparat_1weg_frei_-300x222.jpg 300w\" sizes=\"(max-width: 340px) 100vw, 340px\" \/><\/a><\/strong><\/p>\n","protected":false},"excerpt":{"rendered":"<p>Offenkundiges welches keines weiteren Beweises mehr bedarf. &nbsp; &nbsp; &nbsp; &nbsp; Wie ein Gerichtstermin und Urteil abgewendet wurde! Hausdurchsuchung beim Deutschen Polizei Hilfswerk TheTrueAssociation bekam Besuch vom SEK &#8222;Spitzbuben in schwarzen Roben&#8220;! Hausdurchsuchung mit acht Mann! Hausdurchsuchung wegen Beschneidungskommentar! Deutschland ist ein amerikanisches Protektorat und ein tributpflichtiger Vasallenstaat Schlie\u00dflich ist \u201cObama bin Laden\u201d einer der gr\u00f6\u00dften Terroristen der Welt! Ende des Sparkurses: EU stellt Weichen f\u00fcr die Inflation Theo Waigel &#8211; Das Deutsche Reich existiert! Sahra Wagenknecht kl\u00e4rt auf! BRD\u00a0 &#8211; Ausweise ab 1949 mit Nazi &#8211; Staatsangeh\u00f6rigkeit 1934! Darf ein deutscher B\u00fcrger in die USA ausgeliefert werden? Offenkundigkeiten! \u00a0\u00a0 Am 10. Mai 2005 ver\u00f6ffentlichte die FAZ auf Seite 14 unter dem Titel &#8222;Versteinertes Besatzungsrecht&#8220; einen Artikel, der neben vielem Bekannten auch eine \u00e4u\u00dferst beachtliche Information enthielt. &#8230;.., da\u00df auf ein auch heute noch &#8222;fortgeltendes Besatzungsrecht&#8220; hingewiesen wird, insbesondere abzuleiten aus den von der Adenauerregierung mit den westlichen Siegerm\u00e4chten abgeschlossenen Bestimmungen des \u00dcberleitungsvertrages aus dem Jahre 1953. Angeblich &#8211; nach FAZ &#8211; Ausf\u00fchrungen &#8211; bleiben von diesem Vertrag insbesondere die Ma\u00dfnahmen in Kraft, die f\u00fcr&#8230;., &#8222;Zwecke der Reparation oder Restitution oder aufgrund des Kriegszustandes&#8220; gegen das &#8222;deutsche Auslands- oder sonstige Verm\u00f6gen durchgef\u00fchrt worden sind&#8220;. Gegen diese Ma\u00dfnahmen darf die Bundesregierung [&hellip;]<\/p>\n","protected":false},"author":1,"featured_media":0,"parent":0,"menu_order":0,"comment_status":"closed","ping_status":"closed","template":"","meta":{"_links_to":"","_links_to_target":""},"_links":{"self":[{"href":"https:\/\/joh-nrw.com\/blog\/wp-json\/wp\/v2\/pages\/58"}],"collection":[{"href":"https:\/\/joh-nrw.com\/blog\/wp-json\/wp\/v2\/pages"}],"about":[{"href":"https:\/\/joh-nrw.com\/blog\/wp-json\/wp\/v2\/types\/page"}],"author":[{"embeddable":true,"href":"https:\/\/joh-nrw.com\/blog\/wp-json\/wp\/v2\/users\/1"}],"replies":[{"embeddable":true,"href":"https:\/\/joh-nrw.com\/blog\/wp-json\/wp\/v2\/comments?post=58"}],"version-history":[{"count":7,"href":"https:\/\/joh-nrw.com\/blog\/wp-json\/wp\/v2\/pages\/58\/revisions"}],"predecessor-version":[{"id":3991,"href":"https:\/\/joh-nrw.com\/blog\/wp-json\/wp\/v2\/pages\/58\/revisions\/3991"}],"wp:attachment":[{"href":"https:\/\/joh-nrw.com\/blog\/wp-json\/wp\/v2\/media?parent=58"}],"curies":[{"name":"wp","href":"https:\/\/api.w.org\/{rel}","templated":true}]}}