{"id":62,"date":"2014-01-29T14:58:35","date_gmt":"2014-01-29T13:58:35","guid":{"rendered":"http:\/\/joh-nrw.com\/blog\/?page_id=62"},"modified":"2018-03-25T15:21:38","modified_gmt":"2018-03-25T13:21:38","slug":"regressforderungen","status":"publish","type":"page","link":"https:\/\/joh-nrw.com\/blog\/regressforderungen","title":{"rendered":"Regre\u00dfforderungen"},"content":{"rendered":"<div align=\"center\"><a href=\"http:\/\/www.joh-nrw.com\/blog\/wp-content\/uploads\/2014\/01\/2banner2013_1.jpg\" target=\"_blank\"><img loading=\"lazy\" class=\"alignnone size-full wp-image-429\" alt=\"2banner2013_1\" src=\"http:\/\/www.joh-nrw.com\/blog\/wp-content\/uploads\/2014\/01\/2banner2013_1.jpg\" width=\"822\" height=\"82\" srcset=\"https:\/\/joh-nrw.com\/blog\/wp-content\/uploads\/2014\/01\/2banner2013_1.jpg 822w, https:\/\/joh-nrw.com\/blog\/wp-content\/uploads\/2014\/01\/2banner2013_1-300x29.jpg 300w, https:\/\/joh-nrw.com\/blog\/wp-content\/uploads\/2014\/01\/2banner2013_1-500x49.jpg 500w\" sizes=\"(max-width: 822px) 100vw, 822px\" \/><\/a><strong><span style=\"font-size: 22px;\">Regressforderungen und Strafantr\u00e4ge\u00a0gegen BRD-Kriminelle<\/span><\/strong><a href=\"http:\/\/www.joh-nrw.com\/blog\/wp-content\/uploads\/2014\/01\/hpfixseparat_hochverraeter.jpg\" target=\"_blank\"><img loading=\"lazy\" class=\"alignnone size-full wp-image-615\" alt=\"hpfixseparat_hochverraeter\" src=\"http:\/\/www.joh-nrw.com\/blog\/wp-content\/uploads\/2014\/01\/hpfixseparat_hochverraeter.jpg\" width=\"512\" height=\"585\" srcset=\"https:\/\/joh-nrw.com\/blog\/wp-content\/uploads\/2014\/01\/hpfixseparat_hochverraeter.jpg 512w, https:\/\/joh-nrw.com\/blog\/wp-content\/uploads\/2014\/01\/hpfixseparat_hochverraeter-262x300.jpg 262w\" sizes=\"(max-width: 512px) 100vw, 512px\" \/><\/a>\n<\/div>\n<p>Alle BRD-Dienstausweistr\u00e4ger (Angestellten\/Beamten), die gegen\u00a0den Abschlu\u00df eines Friedensvertrages des Deutschen Reiches mit den Alliierten arbeiten\u00a0und somit auch die Sicherheit des deutschen Volkes aus niederen Beweggr\u00fcnden gef\u00e4hrden, begehen nach Offenkundigkeit u. a. auch den Tatbestand des\u00a0Landes und des Hochverrates. Nach einer Verurteilung wegen Landes- und Hochverrates vor einem staatlichen deutschen Gericht, wird das gesamte Privatverm\u00f6gen dieser Kriminellen eingezogen. Desweiteren m\u00fcssen die Verurteilten mit einer 25-j\u00e4hrigen Haftstrafe, in besonders schweren F\u00e4llen sogar mit der Todesstrafe rechnen (vgl. SHAEF-Gesetz Nr. 52, Art. VIII, Abs. 10 &#8211; Strafverfolgung, ggf. Todesstrafe f\u00fcr alle Hochverr\u00e4ter am Staat Deutschland\/Deutsches Reich).<\/p>\n<p align=\"center\"><a href=\"http:\/\/www.joh-nrw.com\/blog\/wp-content\/uploads\/2014\/01\/hpfixseparat_strafantrag.jpg\" target=\"_blank\"><img loading=\"lazy\" class=\"alignnone size-full wp-image-616\" alt=\"hpfixseparat_strafantrag\" src=\"http:\/\/www.joh-nrw.com\/blog\/wp-content\/uploads\/2014\/01\/hpfixseparat_strafantrag.jpg\" width=\"555\" height=\"764\" srcset=\"https:\/\/joh-nrw.com\/blog\/wp-content\/uploads\/2014\/01\/hpfixseparat_strafantrag.jpg 555w, https:\/\/joh-nrw.com\/blog\/wp-content\/uploads\/2014\/01\/hpfixseparat_strafantrag-217x300.jpg 217w\" sizes=\"(max-width: 555px) 100vw, 555px\" \/><\/a><\/p>\n<p align=\"center\"><a href=\"https:\/\/joh-nrw.com\/daten\/JN.zip\"><img loading=\"lazy\" class=\"alignnone size-full wp-image-435\" alt=\"hpfixseparat_1p_menubutton1\" src=\"http:\/\/www.joh-nrw.com\/blog\/wp-content\/uploads\/2014\/01\/hpfixseparat_1p_menubutton1.gif\" width=\"180\" height=\"50\" \/><\/a><\/p>\n<p align=\"center\"><a href=\"http:\/\/www.joh-nrw.com\/blog\/wp-content\/uploads\/2014\/01\/hpfixseparat_hausdurchsuchung.jpg\" target=\"_blank\"><img loading=\"lazy\" class=\"alignnone size-full wp-image-617\" alt=\"hpfixseparat_hausdurchsuchung\" src=\"http:\/\/www.joh-nrw.com\/blog\/wp-content\/uploads\/2014\/01\/hpfixseparat_hausdurchsuchung.jpg\" width=\"362\" height=\"831\" \/><\/a><\/p>\n<p align=\"center\"><a href=\"http:\/\/www.joh-nrw.com\/blog\/wp-content\/uploads\/2014\/01\/hpfixseparat_2mro2013.jpg\" target=\"_blank\"><img loading=\"lazy\" class=\"alignnone size-full wp-image-618\" alt=\"hpfixseparat_2mro2013\" src=\"http:\/\/www.joh-nrw.com\/blog\/wp-content\/uploads\/2014\/01\/hpfixseparat_2mro2013.jpg\" width=\"1218\" height=\"248\" srcset=\"https:\/\/joh-nrw.com\/blog\/wp-content\/uploads\/2014\/01\/hpfixseparat_2mro2013.jpg 1218w, https:\/\/joh-nrw.com\/blog\/wp-content\/uploads\/2014\/01\/hpfixseparat_2mro2013-300x61.jpg 300w, https:\/\/joh-nrw.com\/blog\/wp-content\/uploads\/2014\/01\/hpfixseparat_2mro2013-1024x208.jpg 1024w, https:\/\/joh-nrw.com\/blog\/wp-content\/uploads\/2014\/01\/hpfixseparat_2mro2013-500x101.jpg 500w\" sizes=\"(max-width: 1218px) 100vw, 1218px\" \/><\/a><\/p>\n<p align=\"left\">Amtsgericht Detmold &#8211; 2 Gs 1572\/12<br \/>\n<a href=\"https:\/\/joh-nrw.com\/pdf\/Beschluss-23.08.2012.pdf\" target=\"_blank\"><img loading=\"lazy\" class=\"alignnone size-full wp-image-435\" alt=\"hpfixseparat_1p_menubutton1\" src=\"http:\/\/www.joh-nrw.com\/blog\/wp-content\/uploads\/2014\/01\/hpfixseparat_1p_menubutton1.gif\" width=\"180\" height=\"50\" \/><\/a><\/p>\n<p align=\"left\">Durchsuchungs-\/Sicherstellungsprotokoll<br \/>\n<a href=\"https:\/\/joh-nrw.com\/pdf\/Protokoll-27.09.2012.pdf\" target=\"_blank\"><img loading=\"lazy\" class=\"alignnone size-full wp-image-435\" alt=\"hpfixseparat_1p_menubutton1\" src=\"http:\/\/www.joh-nrw.com\/blog\/wp-content\/uploads\/2014\/01\/hpfixseparat_1p_menubutton1.gif\" width=\"180\" height=\"50\" \/><\/a><\/p>\n<p align=\"left\">Hausdurchsuchung und Polizeigewalt<br \/>\n<a href=\"https:\/\/joh-nrw.com\/pdf\/AaJOHL.pdf\" target=\"_blank\"><img loading=\"lazy\" class=\"alignnone size-full wp-image-435\" alt=\"hpfixseparat_1p_menubutton1\" src=\"http:\/\/www.joh-nrw.com\/blog\/wp-content\/uploads\/2014\/01\/hpfixseparat_1p_menubutton1.gif\" width=\"180\" height=\"50\" \/><\/a><\/p>\n<p align=\"left\">Vorladung wegen angeblicher Gefangenenbefreiung<br \/>\n<a href=\"https:\/\/joh-nrw.com\/pdf\/Vorladung.pdf\" target=\"_blank\"><img loading=\"lazy\" class=\"alignnone size-full wp-image-435\" alt=\"hpfixseparat_1p_menubutton1\" src=\"http:\/\/www.joh-nrw.com\/blog\/wp-content\/uploads\/2014\/01\/hpfixseparat_1p_menubutton1.gif\" width=\"180\" height=\"50\" \/><\/a><\/p>\n<p align=\"left\">Gedankenprotokoll vom JOH-Wolkenschieber<br \/>\n<a href=\"https:\/\/joh-nrw.com\/pdf\/Protokoll.pdf\" target=\"_blank\"><img loading=\"lazy\" class=\"alignnone size-full wp-image-435\" alt=\"hpfixseparat_1p_menubutton1\" src=\"http:\/\/www.joh-nrw.com\/blog\/wp-content\/uploads\/2014\/01\/hpfixseparat_1p_menubutton1.gif\" width=\"180\" height=\"50\" \/><\/a><\/p>\n<p align=\"left\">Vertrag \u00fcber Schadenersatz &#8211; Sendebericht<br \/>\n<a href=\"https:\/\/joh-nrw.com\/pdf\/SVB.pdf\" target=\"_blank\"><img loading=\"lazy\" class=\"alignnone size-full wp-image-435\" alt=\"hpfixseparat_1p_menubutton1\" src=\"http:\/\/www.joh-nrw.com\/blog\/wp-content\/uploads\/2014\/01\/hpfixseparat_1p_menubutton1.gif\" width=\"180\" height=\"50\" \/><\/a><\/p>\n<p align=\"left\">Strafantrag mit Strafverfolgung gegen BRD-Polizeibeamte<br \/>\n<a href=\"https:\/\/joh-nrw.com\/pdf\/Strafantrag772013.pdf\" target=\"_blank\"><img loading=\"lazy\" class=\"alignnone size-full wp-image-435\" alt=\"hpfixseparat_1p_menubutton1\" src=\"http:\/\/www.joh-nrw.com\/blog\/wp-content\/uploads\/2014\/01\/hpfixseparat_1p_menubutton1.gif\" width=\"180\" height=\"50\" \/><\/a><\/p>\n<p align=\"left\"><a href=\"http:\/\/www.joh-nrw.com\/blog\/wp-content\/uploads\/2014\/01\/hpfixseparat_schmutz.jpg\" target=\"_blank\"><img loading=\"lazy\" class=\"alignnone size-full wp-image-619\" alt=\"hpfixseparat_schmutz\" src=\"http:\/\/www.joh-nrw.com\/blog\/wp-content\/uploads\/2014\/01\/hpfixseparat_schmutz.jpg\" width=\"787\" height=\"144\" srcset=\"https:\/\/joh-nrw.com\/blog\/wp-content\/uploads\/2014\/01\/hpfixseparat_schmutz.jpg 787w, https:\/\/joh-nrw.com\/blog\/wp-content\/uploads\/2014\/01\/hpfixseparat_schmutz-300x54.jpg 300w, https:\/\/joh-nrw.com\/blog\/wp-content\/uploads\/2014\/01\/hpfixseparat_schmutz-500x91.jpg 500w\" sizes=\"(max-width: 787px) 100vw, 787px\" \/><\/a><\/p>\n<p><strong>Regressforderungen und Strafantr\u00e4ge gegen BRD Kriminelle<br \/>\n<\/strong>Michael Szuzs aus L\u00fcdenscheid gibt am 07.02.2014 eine Erkl\u00e4rung an Eides statt ab, der zu entnehmen ist, da\u00df die WAG-Justiz-Opfer-Hilfe in L\u00f6hne am 27.09.2012 ohne einen erkennbaren juristischen Grund vom Staatsschutz Bielefeld ausgeraubt, bzw. leergepl\u00fcndert worden ist.<br \/>\n<strong>Die Kriminellen vom Staatsschutz Bielefeld<\/strong><div style=\"width: 576px;\" class=\"wp-video\"><!--[if lt IE 9]><script>document.createElement('video');<\/script><![endif]-->\n<video class=\"wp-video-shortcode\" id=\"video-62-1\" width=\"576\" height=\"324\" preload=\"metadata\" controls=\"controls\"><source type=\"video\/mp4\" src=\"http:\/\/www.joh-nrw.com\/blog\/wp-content\/uploads\/2014\/02\/Die-Kriminellen-vom-Staatsschutz-Bielefeld.mp4?_=1\" \/><a href=\"http:\/\/www.joh-nrw.com\/blog\/wp-content\/uploads\/2014\/02\/Die-Kriminellen-vom-Staatsschutz-Bielefeld.mp4\">http:\/\/www.joh-nrw.com\/blog\/wp-content\/uploads\/2014\/02\/Die-Kriminellen-vom-Staatsschutz-Bielefeld.mp4<\/a><\/video><\/div><strong><br \/>\noder<\/strong><br \/>\n<a href=\"http:\/\/www.youtube.com\/watch?v=Z3QtdqrShz8\" target=\"_blank\"><img loading=\"lazy\" class=\"alignnone size-full wp-image-435\" alt=\"hpfixseparat_1p_menubutton1\" src=\"http:\/\/www.joh-nrw.com\/blog\/wp-content\/uploads\/2014\/01\/hpfixseparat_1p_menubutton1.gif\" width=\"180\" height=\"50\" \/><\/a><br \/>\n<strong>Die Kriminellen vom Staatsschutz Bielefeld<\/strong><br \/>\n<strong><\/strong><\/p>\n<p><strong>DIESEN LINK BITTE IM GESAMTEN REICH VERTEILEN!!!<\/strong><\/p>\n<p>Mehr Infomationen erfolgen in K\u00fcrze<\/p>\n<p align=\"left\"><strong>Hier werden\u00a0nun in K\u00fcrze nach und nach, alle Regressforderungen und Strafantr\u00e4ge die von Personen der JOH gegen BRD-Kriminelle gestellt worden sind\u00a0incl. der Faxbest\u00e4tigungen, ver\u00f6ffentlicht. <\/strong><\/p>\n<p>Die Ver\u00f6ffentlichung erfolgt auf Grundlage des GG Art. 20 (4) &#8211; Widerstandspflicht, i. V. mit StGB \u00a7 32 &#8211; Notwehr, i. V. mit StGB 138 (3) &#8211; B\u00fcrgerpflicht, damit zu einem sp\u00e4teren Zeitpunkt niemand mehr sagen kann, er h\u00e4tte ja von nichts gewu\u00dft.<\/p>\n<p><strong>Melden Sie Straftaten im Amt<\/strong><br \/>\n<a href=\"https:\/\/joh-nrw.com\/blog\/wp-content\/uploads\/2014\/01\/profile_picture_by_polizei_bielefeld-d77piwx.jpg\" target=\"_blank\"><img loading=\"lazy\" class=\"alignnone size-full wp-image-944\" alt=\"profile_picture_by_polizei_bielefeld-d77piwx\" src=\"https:\/\/joh-nrw.com\/blog\/wp-content\/uploads\/2014\/01\/profile_picture_by_polizei_bielefeld-d77piwx.jpg\" width=\"300\" height=\"261\" \/><\/a><br \/>\n<strong>&#8222;FR\u00dcHER WAR ICH BRD-BEAMTER UND HEUTE<br \/>\nSITZE ICH IM <\/strong><strong>KNAST&#8220;<\/strong><\/p>\n<p>&nbsp;<\/p>\n<p>&nbsp;<\/p>\n<p align=\"left\"><a href=\"http:\/\/www.joh-nrw.com\/blog\/wp-content\/uploads\/2014\/01\/hpfixseparat_1weg_frei_.jpg\" target=\"_blank\"><img loading=\"lazy\" class=\"alignnone size-full wp-image-415\" alt=\"hpfixseparat_1weg_frei_\" src=\"http:\/\/www.joh-nrw.com\/blog\/wp-content\/uploads\/2014\/01\/hpfixseparat_1weg_frei_.jpg\" width=\"340\" height=\"252\" srcset=\"https:\/\/joh-nrw.com\/blog\/wp-content\/uploads\/2014\/01\/hpfixseparat_1weg_frei_.jpg 340w, https:\/\/joh-nrw.com\/blog\/wp-content\/uploads\/2014\/01\/hpfixseparat_1weg_frei_-300x222.jpg 300w\" sizes=\"(max-width: 340px) 100vw, 340px\" \/><\/a><\/p>\n","protected":false},"excerpt":{"rendered":"<p>Regressforderungen und Strafantr\u00e4ge\u00a0gegen BRD-Kriminelle Alle BRD-Dienstausweistr\u00e4ger (Angestellten\/Beamten), die gegen\u00a0den Abschlu\u00df eines Friedensvertrages des Deutschen Reiches mit den Alliierten arbeiten\u00a0und somit auch die Sicherheit des deutschen Volkes aus niederen Beweggr\u00fcnden gef\u00e4hrden, begehen nach Offenkundigkeit u. a. auch den Tatbestand des\u00a0Landes und des Hochverrates. Nach einer Verurteilung wegen Landes- und Hochverrates vor einem staatlichen deutschen Gericht, wird das gesamte Privatverm\u00f6gen dieser Kriminellen eingezogen. Desweiteren m\u00fcssen die Verurteilten mit einer 25-j\u00e4hrigen Haftstrafe, in besonders schweren F\u00e4llen sogar mit der Todesstrafe rechnen (vgl. SHAEF-Gesetz Nr. 52, Art. VIII, Abs. 10 &#8211; Strafverfolgung, ggf. Todesstrafe f\u00fcr alle Hochverr\u00e4ter am Staat Deutschland\/Deutsches Reich). Amtsgericht Detmold &#8211; 2 Gs 1572\/12 Durchsuchungs-\/Sicherstellungsprotokoll Hausdurchsuchung und Polizeigewalt Vorladung wegen angeblicher Gefangenenbefreiung Gedankenprotokoll vom JOH-Wolkenschieber Vertrag \u00fcber Schadenersatz &#8211; Sendebericht Strafantrag mit Strafverfolgung gegen BRD-Polizeibeamte Regressforderungen und Strafantr\u00e4ge gegen BRD Kriminelle Michael Szuzs aus L\u00fcdenscheid gibt am 07.02.2014 eine Erkl\u00e4rung an Eides statt ab, der zu entnehmen ist, da\u00df die WAG-Justiz-Opfer-Hilfe in L\u00f6hne am 27.09.2012 ohne einen erkennbaren juristischen Grund vom Staatsschutz Bielefeld ausgeraubt, bzw. leergepl\u00fcndert worden ist. Die Kriminellen vom Staatsschutz Bielefeld oder Die Kriminellen vom Staatsschutz Bielefeld DIESEN LINK BITTE IM GESAMTEN REICH VERTEILEN!!! Mehr Infomationen erfolgen in K\u00fcrze Hier werden\u00a0nun in K\u00fcrze nach und nach, alle Regressforderungen und [&hellip;]<\/p>\n","protected":false},"author":1,"featured_media":0,"parent":0,"menu_order":0,"comment_status":"closed","ping_status":"closed","template":"","meta":{"_links_to":"","_links_to_target":""},"_links":{"self":[{"href":"https:\/\/joh-nrw.com\/blog\/wp-json\/wp\/v2\/pages\/62"}],"collection":[{"href":"https:\/\/joh-nrw.com\/blog\/wp-json\/wp\/v2\/pages"}],"about":[{"href":"https:\/\/joh-nrw.com\/blog\/wp-json\/wp\/v2\/types\/page"}],"author":[{"embeddable":true,"href":"https:\/\/joh-nrw.com\/blog\/wp-json\/wp\/v2\/users\/1"}],"replies":[{"embeddable":true,"href":"https:\/\/joh-nrw.com\/blog\/wp-json\/wp\/v2\/comments?post=62"}],"version-history":[{"count":12,"href":"https:\/\/joh-nrw.com\/blog\/wp-json\/wp\/v2\/pages\/62\/revisions"}],"predecessor-version":[{"id":945,"href":"https:\/\/joh-nrw.com\/blog\/wp-json\/wp\/v2\/pages\/62\/revisions\/945"}],"wp:attachment":[{"href":"https:\/\/joh-nrw.com\/blog\/wp-json\/wp\/v2\/media?parent=62"}],"curies":[{"name":"wp","href":"https:\/\/api.w.org\/{rel}","templated":true}]}}