{"id":64,"date":"2014-01-29T14:59:15","date_gmt":"2014-01-29T13:59:15","guid":{"rendered":"http:\/\/joh-nrw.com\/blog\/?page_id=64"},"modified":"2018-03-25T15:22:20","modified_gmt":"2018-03-25T13:22:20","slug":"rheinwiesenlager","status":"publish","type":"page","link":"https:\/\/joh-nrw.com\/blog\/rheinwiesenlager","title":{"rendered":"Rheinwiesenlager"},"content":{"rendered":"<div align=\"center\"><a href=\"http:\/\/www.joh-nrw.com\/blog\/wp-content\/uploads\/2014\/01\/2banner2013_1.jpg\" target=\"_blank\"><img loading=\"lazy\" class=\"alignnone size-full wp-image-429\" alt=\"2banner2013_1\" src=\"http:\/\/www.joh-nrw.com\/blog\/wp-content\/uploads\/2014\/01\/2banner2013_1.jpg\" width=\"822\" height=\"82\" srcset=\"https:\/\/joh-nrw.com\/blog\/wp-content\/uploads\/2014\/01\/2banner2013_1.jpg 822w, https:\/\/joh-nrw.com\/blog\/wp-content\/uploads\/2014\/01\/2banner2013_1-300x29.jpg 300w, https:\/\/joh-nrw.com\/blog\/wp-content\/uploads\/2014\/01\/2banner2013_1-500x49.jpg 500w\" sizes=\"(max-width: 822px) 100vw, 822px\" \/><\/a>\n<\/div>\n<p><a href=\"http:\/\/www.joh-nrw.com\/blog\/wp-content\/uploads\/2014\/01\/hpfixseparat_kriegsverbrechen2013_1.jpg\" target=\"_blank\"><img loading=\"lazy\" class=\"alignnone size-full wp-image-628\" alt=\"hpfixseparat_kriegsverbrechen2013_1\" src=\"http:\/\/www.joh-nrw.com\/blog\/wp-content\/uploads\/2014\/01\/hpfixseparat_kriegsverbrechen2013_1.jpg\" width=\"822\" height=\"502\" srcset=\"https:\/\/joh-nrw.com\/blog\/wp-content\/uploads\/2014\/01\/hpfixseparat_kriegsverbrechen2013_1.jpg 822w, https:\/\/joh-nrw.com\/blog\/wp-content\/uploads\/2014\/01\/hpfixseparat_kriegsverbrechen2013_1-300x183.jpg 300w, https:\/\/joh-nrw.com\/blog\/wp-content\/uploads\/2014\/01\/hpfixseparat_kriegsverbrechen2013_1-491x300.jpg 491w\" sizes=\"(max-width: 822px) 100vw, 822px\" \/><\/a><\/p>\n<p align=\"center\"><strong>ICH BIN STOLZ DARAUF EIN DEUTSCHER ZU SEIN!<br \/>\n<\/strong><strong>Um\u00a0Deutschland besiegen zu k\u00f6nnen, ben\u00f6tigte man alle Soldaten dieser Welt.!<\/strong><\/p>\n<p>Rheinwiesenlager &#8211; Gr\u00e4ueltaten der Alliierten!<br \/>\n<strong><a href=\"http:\/\/www.youtube.com\/watch?v=R_zXIaJQUxg&amp;list=PLvFvTSg14RJ9gQ65YSgXiOzg0eDidI483\" target=\"_blank\"><img loading=\"lazy\" class=\"alignnone size-full wp-image-435\" alt=\"hpfixseparat_1p_menubutton1\" src=\"http:\/\/www.joh-nrw.com\/blog\/wp-content\/uploads\/2014\/01\/hpfixseparat_1p_menubutton1.gif\" width=\"180\" height=\"50\" \/><\/a><\/strong><br \/>\n<a href=\"http:\/\/www.youtube.com\/watch?v=oi3oCDgSTPE\" target=\"_blank\"><img loading=\"lazy\" class=\"alignnone size-full wp-image-435\" alt=\"hpfixseparat_1p_menubutton1\" src=\"http:\/\/www.joh-nrw.com\/blog\/wp-content\/uploads\/2014\/01\/hpfixseparat_1p_menubutton1.gif\" width=\"180\" height=\"50\" \/><\/a><\/p>\n<p>Sommers Sonntag 29 &#8211; Rheinwiesenlager<br \/>\n<a href=\"http:\/\/www.youtube.com\/watch?v=oRd3K4JHctE&amp;feature=em-uploademail-subject3\" target=\"_blank\"><img loading=\"lazy\" class=\"alignnone size-full wp-image-435\" alt=\"hpfixseparat_1p_menubutton1\" src=\"http:\/\/www.joh-nrw.com\/blog\/wp-content\/uploads\/2014\/01\/hpfixseparat_1p_menubutton1.gif\" width=\"180\" height=\"50\" \/><\/a><\/p>\n<p><a href=\"http:\/\/www.joh-nrw.com\/blog\/wp-content\/uploads\/2014\/01\/hpfixseparat_8__mai_karte.jpg\" target=\"_blank\"><img loading=\"lazy\" class=\"alignnone size-full wp-image-629\" alt=\"hpfixseparat_8__mai_karte\" src=\"http:\/\/www.joh-nrw.com\/blog\/wp-content\/uploads\/2014\/01\/hpfixseparat_8__mai_karte.jpg\" width=\"815\" height=\"567\" srcset=\"https:\/\/joh-nrw.com\/blog\/wp-content\/uploads\/2014\/01\/hpfixseparat_8__mai_karte.jpg 815w, https:\/\/joh-nrw.com\/blog\/wp-content\/uploads\/2014\/01\/hpfixseparat_8__mai_karte-300x208.jpg 300w, https:\/\/joh-nrw.com\/blog\/wp-content\/uploads\/2014\/01\/hpfixseparat_8__mai_karte-431x300.jpg 431w\" sizes=\"(max-width: 815px) 100vw, 815px\" \/><\/a><\/p>\n<p>&nbsp;<\/p>\n<p><a href=\"http:\/\/www.joh-nrw.com\/blog\/wp-content\/uploads\/2014\/01\/hpfixseparat_1weg_frei_.jpg\" target=\"_blank\"><img loading=\"lazy\" class=\"alignnone size-full wp-image-415\" alt=\"hpfixseparat_1weg_frei_\" src=\"http:\/\/www.joh-nrw.com\/blog\/wp-content\/uploads\/2014\/01\/hpfixseparat_1weg_frei_.jpg\" width=\"340\" height=\"252\" srcset=\"https:\/\/joh-nrw.com\/blog\/wp-content\/uploads\/2014\/01\/hpfixseparat_1weg_frei_.jpg 340w, https:\/\/joh-nrw.com\/blog\/wp-content\/uploads\/2014\/01\/hpfixseparat_1weg_frei_-300x222.jpg 300w\" sizes=\"(max-width: 340px) 100vw, 340px\" \/><\/a><\/p>\n","protected":false},"excerpt":{"rendered":"<p>ICH BIN STOLZ DARAUF EIN DEUTSCHER ZU SEIN! Um\u00a0Deutschland besiegen zu k\u00f6nnen, ben\u00f6tigte man alle Soldaten dieser Welt.! Rheinwiesenlager &#8211; Gr\u00e4ueltaten der Alliierten! Sommers Sonntag 29 &#8211; Rheinwiesenlager &nbsp;<\/p>\n","protected":false},"author":1,"featured_media":0,"parent":0,"menu_order":0,"comment_status":"closed","ping_status":"closed","template":"","meta":{"_links_to":"","_links_to_target":""},"_links":{"self":[{"href":"https:\/\/joh-nrw.com\/blog\/wp-json\/wp\/v2\/pages\/64"}],"collection":[{"href":"https:\/\/joh-nrw.com\/blog\/wp-json\/wp\/v2\/pages"}],"about":[{"href":"https:\/\/joh-nrw.com\/blog\/wp-json\/wp\/v2\/types\/page"}],"author":[{"embeddable":true,"href":"https:\/\/joh-nrw.com\/blog\/wp-json\/wp\/v2\/users\/1"}],"replies":[{"embeddable":true,"href":"https:\/\/joh-nrw.com\/blog\/wp-json\/wp\/v2\/comments?post=64"}],"version-history":[{"count":6,"href":"https:\/\/joh-nrw.com\/blog\/wp-json\/wp\/v2\/pages\/64\/revisions"}],"predecessor-version":[{"id":913,"href":"https:\/\/joh-nrw.com\/blog\/wp-json\/wp\/v2\/pages\/64\/revisions\/913"}],"wp:attachment":[{"href":"https:\/\/joh-nrw.com\/blog\/wp-json\/wp\/v2\/media?parent=64"}],"curies":[{"name":"wp","href":"https:\/\/api.w.org\/{rel}","templated":true}]}}