{"id":66,"date":"2014-01-29T15:00:40","date_gmt":"2014-01-29T14:00:40","guid":{"rendered":"http:\/\/joh-nrw.com\/blog\/?page_id=66"},"modified":"2018-03-25T15:22:02","modified_gmt":"2018-03-25T13:22:02","slug":"religion","status":"publish","type":"page","link":"https:\/\/joh-nrw.com\/blog\/religion","title":{"rendered":"Religion"},"content":{"rendered":"<div align=\"center\"><a href=\"http:\/\/www.joh-nrw.com\/blog\/wp-content\/uploads\/2014\/01\/2banner2013_1.jpg\" target=\"_blank\"><img loading=\"lazy\" class=\"alignnone size-full wp-image-429\" src=\"http:\/\/www.joh-nrw.com\/blog\/wp-content\/uploads\/2014\/01\/2banner2013_1.jpg\" alt=\"2banner2013_1\" width=\"822\" height=\"82\" srcset=\"https:\/\/joh-nrw.com\/blog\/wp-content\/uploads\/2014\/01\/2banner2013_1.jpg 822w, https:\/\/joh-nrw.com\/blog\/wp-content\/uploads\/2014\/01\/2banner2013_1-300x29.jpg 300w, https:\/\/joh-nrw.com\/blog\/wp-content\/uploads\/2014\/01\/2banner2013_1-500x49.jpg 500w\" sizes=\"(max-width: 822px) 100vw, 822px\" \/><\/a>\n<\/div>\n<div align=\"center\"><a href=\"http:\/\/www.joh-nrw.com\/blog\/wp-content\/uploads\/2014\/01\/externsteine1.jpg\" target=\"_blank\"><img loading=\"lazy\" class=\"alignnone size-full wp-image-624\" src=\"http:\/\/www.joh-nrw.com\/blog\/wp-content\/uploads\/2014\/01\/externsteine1.jpg\" alt=\"externsteine1\" width=\"465\" height=\"644\" srcset=\"https:\/\/joh-nrw.com\/blog\/wp-content\/uploads\/2014\/01\/externsteine1.jpg 465w, https:\/\/joh-nrw.com\/blog\/wp-content\/uploads\/2014\/01\/externsteine1-216x300.jpg 216w\" sizes=\"(max-width: 465px) 100vw, 465px\" \/><\/a>\n<\/div>\n<p>An den EXTERNSTEINEN bei Detmold finden Sie neben der Grabkammer auch ein Bildnis der Kreuzabnahme, wobei die germanischen J\u00fcnger auf der IRMINSUL stehen. Mit\u00a0 pausenloser Geschichtsverf\u00e4lschung und Volksverhetzung\u00a0wird das deutsche Volk bis heute um seine wahre Identit\u00e4t beraubt\/betrogen. Lesen Sie zu diesem Thema bitte das Buch &#8222;ATLANTIS, EDDA UND BIBEL&#8220; welches Sie \u00fcber den nachstehenden LINK aufrufen k\u00f6nnen.<\/p>\n<p><a href=\"https:\/\/joh-nrw.com\/buecher\/Atlantis-Edda-und-Bibel\/index.html\" target=\"_blank\"><img loading=\"lazy\" class=\"alignnone size-full wp-image-435\" src=\"http:\/\/www.joh-nrw.com\/blog\/wp-content\/uploads\/2014\/01\/hpfixseparat_1p_menubutton1.gif\" alt=\"hpfixseparat_1p_menubutton1\" width=\"180\" height=\"50\" \/><\/a>\u00a0 <img loading=\"lazy\" class=\"alignnone size-full wp-image-404\" src=\"http:\/\/www.joh-nrw.com\/blog\/wp-content\/uploads\/2014\/01\/hpfixsme_19.gif\" alt=\"hpfixsme_19\" width=\"15\" height=\"15\" \/><\/p>\n<p>In der B\u00fccherecke finden Sie dann auch noch Lesestoff zu dem Thema &#8222;ATLANTIS&#8220; !<\/p>\n<p>Das H\u00f6rbuch gibt es hier!<br \/>\n<strong><a href=\"http:\/\/www.youtube.com\/watch?v=qZVMxzKIapE\" target=\"_blank\"><img loading=\"lazy\" class=\"alignnone size-full wp-image-435\" src=\"http:\/\/www.joh-nrw.com\/blog\/wp-content\/uploads\/2014\/01\/hpfixseparat_1p_menubutton1.gif\" alt=\"hpfixseparat_1p_menubutton1\" width=\"180\" height=\"50\" \/><\/a>\u00a0 <img loading=\"lazy\" class=\"alignnone size-full wp-image-404\" src=\"http:\/\/www.joh-nrw.com\/blog\/wp-content\/uploads\/2014\/01\/hpfixsme_19.gif\" alt=\"hpfixsme_19\" width=\"15\" height=\"15\" \/><\/strong><\/p>\n<p>Die grausame Bibel!<br \/>\n<strong><a href=\"https:\/\/joh-nrw.com\/buecher\/Die-grausame-Bibel\/index.html\" target=\"_blank\"><img loading=\"lazy\" class=\"alignnone size-full wp-image-435\" src=\"http:\/\/www.joh-nrw.com\/blog\/wp-content\/uploads\/2014\/01\/hpfixseparat_1p_menubutton1.gif\" alt=\"hpfixseparat_1p_menubutton1\" width=\"180\" height=\"50\" \/><\/a> <img loading=\"lazy\" class=\"alignnone size-full wp-image-404\" src=\"http:\/\/www.joh-nrw.com\/blog\/wp-content\/uploads\/2014\/01\/hpfixsme_19.gif\" alt=\"hpfixsme_19\" width=\"15\" height=\"15\" \/><\/strong><\/p>\n<p>Der Minority-Report<br \/>\n<strong><a href=\"https:\/\/joh-nrw.com\/pdf\/Minority-Report.pdf\" target=\"_blank\"><img loading=\"lazy\" class=\"alignnone size-full wp-image-435\" src=\"http:\/\/www.joh-nrw.com\/blog\/wp-content\/uploads\/2014\/01\/hpfixseparat_1p_menubutton1.gif\" alt=\"hpfixseparat_1p_menubutton1\" width=\"180\" height=\"50\" \/><\/a>\u00a0 <img loading=\"lazy\" class=\"alignnone size-full wp-image-404\" src=\"http:\/\/www.joh-nrw.com\/blog\/wp-content\/uploads\/2014\/01\/hpfixsme_19.gif\" alt=\"hpfixsme_19\" width=\"15\" height=\"15\" \/><\/strong><\/p>\n<p><strong>Absolut grausam und nichts f\u00fcr schlechte Nerven<\/strong>!! <strong>Grausame Bluttat, wie sie in moslemischen L\u00e4ndern leider vorkommt, wird nun in einem Video auf LiveLeaks gezeigt.<\/strong><\/p>\n<p>Darin ist zu sehen wie syrische \u201eRebellen\u201c zwei Christen, einer davon ist ein Priester, die K\u00f6pfe abschneiden. Eine blutberauschte Menge rundherum, darunter auch Kinder, schreit \u201eAllahu-Akbar\u201c (Allah ist gro\u00df) und jubelt. Nach der furchtbaren Abschlachtung des ersten Christen wird dessen Kopf triumphierend in die H\u00f6he gehalten und danach auf den R\u00fccken des Leichnams gestellt. Dem zweiten Christen wird der Kopf mit dem durch die erste Hinrichtung bereits stumpfen Messer abgeschnitten.<\/p>\n<p>Der Islam ist auf dem Vormarsch!In Deutschland sterben die Kirchen! Hunderte christlicher Gottesh\u00e4user stehen vor Verkauf oder Abriss. Der Grund: Mitgliederschwund, sinkende Kirchensteuereinnahmen! Die katholische Kirche will binnen zehn Jahren 700 Gottesh\u00e4user \u201eentwidmen\u201c und f\u00fcr andere Zwecke nutzen (interne Studie).<\/p>\n<p>Ganz anders der Trend bei den Muslimen: J\u00e4hrlich steigt die Zahl der Moscheen. \u201eDerzeit gibt es bundesweit 159, weitere 128 sind im Bau. Dazu kommen 2500 Gebetsh\u00e4user\u201c, so Salim Abdullah vom Zentralinstitut Islam-Archiv Deutschland. Die Zahl deutscher Muslime sei seit Anfang der 80er-Jahre von 56 000 auf fast eine Million gestiegen.<\/p>\n<p>Islamisierung<br \/>\n<a href=\"http:\/\/www.islamisierung.info\/\" target=\"_blank\"><img loading=\"lazy\" class=\"alignnone size-full wp-image-435\" src=\"http:\/\/www.joh-nrw.com\/blog\/wp-content\/uploads\/2014\/01\/hpfixseparat_1p_menubutton1.gif\" alt=\"hpfixseparat_1p_menubutton1\" width=\"180\" height=\"50\" \/><\/a><\/p>\n<p>Drei Dinge, die man \u00fcber den Islam wissen muss!<br \/>\n<a href=\"http:\/\/www.youtube.com\/watch?v=YZHLm9a1gNo\" target=\"_blank\"><img loading=\"lazy\" class=\"alignnone size-full wp-image-435\" src=\"http:\/\/www.joh-nrw.com\/blog\/wp-content\/uploads\/2014\/01\/hpfixseparat_1p_menubutton1.gif\" alt=\"hpfixseparat_1p_menubutton1\" width=\"180\" height=\"50\" \/><\/a><\/p>\n<p>Islam &#8211; Vorsicht Weltkrieg!<br \/>\n<a href=\"http:\/\/www.youtube.com\/watch?v=FKlZ_TJwLcQ\" target=\"_blank\"><img loading=\"lazy\" class=\"alignnone size-full wp-image-435\" src=\"http:\/\/www.joh-nrw.com\/blog\/wp-content\/uploads\/2014\/01\/hpfixseparat_1p_menubutton1.gif\" alt=\"hpfixseparat_1p_menubutton1\" width=\"180\" height=\"50\" \/><\/a><\/p>\n<p>Gewalt im Namen Allahs und des Islam ZDF Reportage Teil 1<br \/>\n<a href=\"http:\/\/www.youtube.com\/watch?v=OOGBaQ3xEF4\" target=\"_blank\"><img loading=\"lazy\" class=\"alignnone size-full wp-image-435\" src=\"http:\/\/www.joh-nrw.com\/blog\/wp-content\/uploads\/2014\/01\/hpfixseparat_1p_menubutton1.gif\" alt=\"hpfixseparat_1p_menubutton1\" width=\"180\" height=\"50\" \/><\/a><\/p>\n<p>Gewalt im Namen Allahs und des Islam ZDF Reportage Teil 2<br \/>\n<a href=\"http:\/\/www.youtube.com\/watch?v=Oo_dD76w60A\" target=\"_blank\"><img loading=\"lazy\" class=\"alignnone size-full wp-image-435\" src=\"http:\/\/www.joh-nrw.com\/blog\/wp-content\/uploads\/2014\/01\/hpfixseparat_1p_menubutton1.gif\" alt=\"hpfixseparat_1p_menubutton1\" width=\"180\" height=\"50\" \/><\/a><\/p>\n<p>Wer nicht betet, wird get\u00f6tet!<br \/>\n<a href=\"http:\/\/www.youtube.com\/watch?v=J8JxG2rXP3c\" target=\"_blank\"><img loading=\"lazy\" class=\"alignnone size-full wp-image-435\" src=\"http:\/\/www.joh-nrw.com\/blog\/wp-content\/uploads\/2014\/01\/hpfixseparat_1p_menubutton1.gif\" alt=\"hpfixseparat_1p_menubutton1\" width=\"180\" height=\"50\" \/><\/a><br \/>\n<strong><br \/>\nIslamisten schneiden Christen die K\u00f6pfe ab!<br \/>\n<a href=\"http:\/\/www.liveleak.com\/ll_embed?f=a3f7d10e5348\" target=\"_blank\"><img loading=\"lazy\" class=\"alignnone size-full wp-image-435\" src=\"http:\/\/www.joh-nrw.com\/blog\/wp-content\/uploads\/2014\/01\/hpfixseparat_1p_menubutton1.gif\" alt=\"hpfixseparat_1p_menubutton1\" width=\"180\" height=\"50\" \/><\/a><\/strong>\u00a0\u00a0 <img loading=\"lazy\" class=\"alignnone size-full wp-image-404\" src=\"http:\/\/www.joh-nrw.com\/blog\/wp-content\/uploads\/2014\/01\/hpfixsme_19.gif\" alt=\"hpfixsme_19\" width=\"15\" height=\"15\" \/><\/p>\n<p><strong>From: Melanie Maier<br \/>\nTo: papa<br \/>\nSent: Saturday, April 20, 2013 5:13 PM<br \/>\nSubject: Brief aus facebook<\/strong><\/p>\n<p><strong>!!!Bitte Durchlesen, gerade unsere Moslems etc. hier!!!<\/strong><\/p>\n<p><strong>Da hat sich Jemand was vom Herzen geschrieben. Und Recht hat sie. Das ist der HAMMER!!! (kommt von einer jungen Lehrerin!)<br \/>\nLiebe verantwortliche Landes- und Bezirksschulr\u00e4te und Politiker, liebe Ausl\u00e4nder! Wenn wir nicht mehr \u201aGr\u00fc\u00df Gott&#8216; sagen d\u00fcrfen, gibt es nur eine Alternative:<\/strong><\/p>\n<p>Ihr habt das RECHT, Deutschland zu verlassen, wenn es euch nicht passt!<\/p>\n<p>Sch\u00f6n langsam sollten auch wir in Deutschland wach werden!<\/p>\n<p>Zu Schulbeginn wurden in Stuttgarter Schulen, die Kinder von ihren Klassenvorst\u00e4nden informiert, wie man sich in der Gesellschaft zu verhalten h\u00e4tte. Gr\u00fc\u00dfen, Bitte und Danke sagen, einfach h\u00f6flich und freundlich sein. Soweit in Ordnung, aber des Weiteren wurde ihnen auch mitgeteilt, dass das uns in Baden W\u00fcrttemberg vertraute \u201aGr\u00fc\u00df Gott&#8216; nicht mehr verwendet werden darf, da das die moslemischen Mitsch\u00fcler beleidigen k\u00f6nnte.<\/p>\n<p>Dazu kann man als Otto Normalb\u00fcrger eigentlich nichts mehr anf\u00fcgen und nur mehr den Kopf sch\u00fctteln.<\/p>\n<p>Ich kann&#8217;s gar nicht glauben. Ist aber wahr. Ihr k\u00f6nnt Euch gerne in Stuttgart in den Volksschulen erkundigen.<\/p>\n<p>EINWANDERER UND NICHT DIE Deutschen SOLLEN SICH ANPASSEN!<\/p>\n<p>Ich bin es leid, zu erleben, wie diese Nation sich Gedanken macht dar\u00fcber, ob wir irgendein Individuum oder seine Kultur beleidigen k\u00f6nnten. Die Mehrheit der Deutschen steht patriotisch zu unserem Land. Aber immer und \u00fcberall h\u00f6rt man Stimmen &#8222;politisch korrekter&#8220; Kreise, die bef\u00fcrchten, unser Patriotismus k\u00f6nnte andere beleidigen.<\/p>\n<p>Versteht das bitte nicht falsch, ich bin keineswegs gegen Einwanderung; die meisten kamen nach Deutschland, weil sie sich hier ein besseres Leben erhofften.<\/p>\n<p>Es gibt aber ein paar Dinge, die sich Neuank\u00f6mmlinge, und offenbar auch hier Geborene, unbedingt hinter die Ohren schreiben sollten. Die Idee von Deutschland als multikultureller Gemeinschaft hat bisher nur eine ziemliche Verw\u00e4sserung unserer Souver\u00e4nit\u00e4t und unserer nationalen Identit\u00e4t gef\u00fchrt.<\/p>\n<p>Als Deutsche haben wir unsere eigene Kultur, unsere eigene Gesellschaftsordnung, unsere eigene Sprache und unseren eigenen Lebensstil. Diese Kultur hat sich w\u00e4hrend Jahrhunderten entwickelt aus K\u00e4mpfen, Versuchen und Siegen von Millionen M\u00e4nnern und Frauen, die Freiheit suchten.<\/p>\n<p>Wir sprechen hier Deutsch, nicht T\u00fcrkisch, Englisch, Spanisch, Libanesisch, Arabisch, Chinesisch, Japanisch, Russisch, oder irgend eine andere Sprache. Wenn Sie also Teil unserer Gesellschaft werden wollen, dann lernen Sie gef\u00e4lligst die Sprache!<\/p>\n<p>&#8222;Im Namen Gottes&#8220; ist unser nationales Motto. Das ist nicht irgendein politischer Slogan der rechten Parteien. Wir haben dieses Motto angenommen, weil christliche M\u00e4nner und Frauen diesen Staat nach christlichen Prinzipien gegr\u00fcndet und entwickelt haben.<\/p>\n<p>Es ist also auch nicht abwegig, dies an den W\u00e4nden unserer Schulen mit einem Kreuz zu manifestieren. Wenn Sie sich durch Gott beleidigt f\u00fchlen, dann schlage ich vor, Sie w\u00e4hlen einen anderen Ort auf der Welt als Ihren neuen Wohnsitz, denn Gott ist nun mal Teil unserer Kultur.<\/p>\n<p>Wenn Sie das Kreuz in der Schule emp\u00f6rt, oder wenn Ihnen der christliche Glaube nicht gef\u00e4llt, dann sollten Sie ernsthaft erw\u00e4gen, in einen anderen Teil dieses Planeten zu ziehen, er ist gro\u00df genug.<\/p>\n<p>Wir sind hier gl\u00fccklich und zufrieden mit unserer Kultur und haben nicht den geringsten Wunsch, uns gro\u00df zu ver\u00e4ndern und es ist uns auch v\u00f6llig egal, wie die Dinge dort liefen, wo Sie herkamen.<\/p>\n<p>Dies ist UNSER STAAT, UNSER LAND, und UNSERE LEBENSART, und wir g\u00f6nnen Ihnen gerne jede M\u00f6glichkeit, dies alles und unseren Wohlstand mit uns zu genie\u00dfen.<\/p>\n<p>Aber wenn Sie nichts anderes tun als reklamieren, st\u00f6hnen und schimpfen \u00fcber unsere Fahne, unser Gel\u00f6bnis, unser nationales Motto oder unseren Lebensstil, dann m\u00f6chte ich Sie ganz dringend ermutigen, von einer anderen, gro\u00dfartigen deutschen Freiheit Gebrauch zu machen, n\u00e4mlich vom &#8222;RECHT UNS ZU VERLASSEN, WENN ES IHNEN NICHT PASST!&#8220;<\/p>\n<p>Wenn Sie hier nicht gl\u00fccklich sind, so wie es ist, dann hauen Sie ab! Wir haben Sie nicht gezwungen, herzukommen. Sie haben uns darum gebeten, hier bleiben zu d\u00fcrfen. Also akzeptieren Sie gef\u00e4lligst das Land, das SIE akzeptiert hat.<\/p>\n<p>Eigentlich ganz einfach, wenn Sie dar\u00fcber nachdenken, oder?<\/p>\n<p>Wenn wir dieses Schreiben an unsere Freunde und Bekannten weiterleiten, dann werden es fr\u00fcher oder sp\u00e4ter auch die Reklamierer in die Finger bekommen. Versuchen k\u00f6nnte man&#8217;s wenigstens. Egal, wie oft Ihr es empfangt&#8230; sendet es einfach weiter an alle, die Ihr kennt! &#8230;<\/p>\n<p><strong>Hinweis:<br \/>\nUNZENSIERT\u00a0VON DER JOH \u00dcBERNOMMEN!, OBWOHL WIR\u00a0DIESEN TEXT GERNE ETWAS ANDERS FORMULIERT H\u00c4TTEN.!!!\u00a0<\/strong><\/p>\n<p>Geh Denken\u00a0\u00a0Michel &#8211;\u00a0\u00a0 Du sollst keine G\u00f6tter neben mir haben! (2 Mo 20,3)<br \/>\nAlles andere w\u00e4re dann ja wohl Gottesl\u00e4sterung!<br \/>\nWollt Ihr Euch denn wirklich an unserem Gott, an Jesus Christus und dem heiligen<\/p>\n<p>Geist vers\u00fcndigen?<br \/>\n<strong><a href=\"https:\/\/joh-nrw.com\/pdf\/GottderEine.pdf\" target=\"_blank\"><img loading=\"lazy\" class=\"alignnone size-full wp-image-435\" src=\"http:\/\/www.joh-nrw.com\/blog\/wp-content\/uploads\/2014\/01\/hpfixseparat_1p_menubutton1.gif\" alt=\"hpfixseparat_1p_menubutton1\" width=\"180\" height=\"50\" \/><\/a>\u00a0\u00a0<img loading=\"lazy\" class=\"alignnone size-full wp-image-406\" src=\"http:\/\/www.joh-nrw.com\/blog\/wp-content\/uploads\/2014\/01\/hpfixsme_57.gif\" alt=\"hpfixsme_57\" width=\"25\" height=\"29\" \/><br \/>\n<\/strong><\/p>\n<p><strong><a href=\"http:\/\/www.joh-nrw.com\/blog\/wp-content\/uploads\/2014\/01\/hpfixseparat_136714785.gif\" target=\"_blank\"><img loading=\"lazy\" class=\"alignnone wp-image-688\" src=\"http:\/\/www.joh-nrw.com\/blog\/wp-content\/uploads\/2014\/01\/hpfixseparat_136714785.gif\" alt=\"hpfixseparat_136714785\" width=\"228\" height=\"277\" \/><\/a><\/strong><\/p>\n<p><strong>Gespr\u00e4che mit Gott Teil 1<\/strong><br \/>\n<strong><a href=\"https:\/\/joh-nrw.com\/buecher\/Religion\/Gespraeche-mit-Gott-Band1\/index.html\" target=\"_blank\"><img loading=\"lazy\" class=\"alignnone size-full wp-image-435\" src=\"http:\/\/www.joh-nrw.com\/blog\/wp-content\/uploads\/2014\/01\/hpfixseparat_1p_menubutton1.gif\" alt=\"hpfixseparat_1p_menubutton1\" width=\"180\" height=\"50\" \/><\/a><\/strong><\/p>\n<p><strong>Gespr\u00e4che mit Gott Teil 2<\/strong><br \/>\n<strong><a href=\"https:\/\/joh-nrw.com\/buecher\/Religion\/Gespraeche-mit-Gott-Band2\/index.html\" target=\"_blank\"><img loading=\"lazy\" class=\"alignnone size-full wp-image-435\" src=\"http:\/\/www.joh-nrw.com\/blog\/wp-content\/uploads\/2014\/01\/hpfixseparat_1p_menubutton1.gif\" alt=\"hpfixseparat_1p_menubutton1\" width=\"180\" height=\"50\" \/><\/a><\/strong><\/p>\n<p><strong>Gemeinschaft mit Gott<\/strong><br \/>\n<strong><a href=\"https:\/\/joh-nrw.com\/buecher\/Religion\/Gemeinschaft-mit-Gott\/index.html\" target=\"_blank\"><img loading=\"lazy\" class=\"alignnone size-full wp-image-435\" src=\"http:\/\/www.joh-nrw.com\/blog\/wp-content\/uploads\/2014\/01\/hpfixseparat_1p_menubutton1.gif\" alt=\"hpfixseparat_1p_menubutton1\" width=\"180\" height=\"50\" \/><\/a><\/strong><\/p>\n<p><strong>Freundschaft mit Gott<\/strong><br \/>\n<strong><a href=\"https:\/\/joh-nrw.com\/buecher\/Religion\/Freundschaft-mit-Gott\/index.html\" target=\"_blank\"><img loading=\"lazy\" class=\"alignnone size-full wp-image-435\" src=\"http:\/\/www.joh-nrw.com\/blog\/wp-content\/uploads\/2014\/01\/hpfixseparat_1p_menubutton1.gif\" alt=\"hpfixseparat_1p_menubutton1\" width=\"180\" height=\"50\" \/><\/a><\/strong><\/p>\n<p>&nbsp;<\/p>\n<p><strong><a href=\"http:\/\/www.joh-nrw.com\/blog\/wp-content\/uploads\/2014\/01\/hpfixseparat_1weg_frei_.jpg\" target=\"_blank\"><img loading=\"lazy\" class=\"alignnone size-full wp-image-415\" src=\"http:\/\/www.joh-nrw.com\/blog\/wp-content\/uploads\/2014\/01\/hpfixseparat_1weg_frei_.jpg\" alt=\"hpfixseparat_1weg_frei_\" width=\"340\" height=\"252\" srcset=\"https:\/\/joh-nrw.com\/blog\/wp-content\/uploads\/2014\/01\/hpfixseparat_1weg_frei_.jpg 340w, https:\/\/joh-nrw.com\/blog\/wp-content\/uploads\/2014\/01\/hpfixseparat_1weg_frei_-300x222.jpg 300w\" sizes=\"(max-width: 340px) 100vw, 340px\" \/><\/a><\/strong><\/p>\n","protected":false},"excerpt":{"rendered":"<p>An den EXTERNSTEINEN bei Detmold finden Sie neben der Grabkammer auch ein Bildnis der Kreuzabnahme, wobei die germanischen J\u00fcnger auf der IRMINSUL stehen. Mit\u00a0 pausenloser Geschichtsverf\u00e4lschung und Volksverhetzung\u00a0wird das deutsche Volk bis heute um seine wahre Identit\u00e4t beraubt\/betrogen. Lesen Sie zu diesem Thema bitte das Buch &#8222;ATLANTIS, EDDA UND BIBEL&#8220; welches Sie \u00fcber den nachstehenden LINK aufrufen k\u00f6nnen. \u00a0 In der B\u00fccherecke finden Sie dann auch noch Lesestoff zu dem Thema &#8222;ATLANTIS&#8220; ! Das H\u00f6rbuch gibt es hier! \u00a0 Die grausame Bibel! Der Minority-Report \u00a0 Absolut grausam und nichts f\u00fcr schlechte Nerven!! Grausame Bluttat, wie sie in moslemischen L\u00e4ndern leider vorkommt, wird nun in einem Video auf LiveLeaks gezeigt. Darin ist zu sehen wie syrische \u201eRebellen\u201c zwei Christen, einer davon ist ein Priester, die K\u00f6pfe abschneiden. Eine blutberauschte Menge rundherum, darunter auch Kinder, schreit \u201eAllahu-Akbar\u201c (Allah ist gro\u00df) und jubelt. Nach der furchtbaren Abschlachtung des ersten Christen wird dessen Kopf triumphierend in die H\u00f6he gehalten und danach auf den R\u00fccken des Leichnams gestellt. Dem zweiten Christen wird der Kopf mit dem durch die erste Hinrichtung bereits stumpfen Messer abgeschnitten. Der Islam ist auf dem Vormarsch!In Deutschland sterben die Kirchen! Hunderte christlicher Gottesh\u00e4user stehen vor Verkauf oder Abriss. Der Grund: Mitgliederschwund, [&hellip;]<\/p>\n","protected":false},"author":1,"featured_media":0,"parent":0,"menu_order":0,"comment_status":"closed","ping_status":"closed","template":"","meta":{"_links_to":"","_links_to_target":""},"_links":{"self":[{"href":"https:\/\/joh-nrw.com\/blog\/wp-json\/wp\/v2\/pages\/66"}],"collection":[{"href":"https:\/\/joh-nrw.com\/blog\/wp-json\/wp\/v2\/pages"}],"about":[{"href":"https:\/\/joh-nrw.com\/blog\/wp-json\/wp\/v2\/types\/page"}],"author":[{"embeddable":true,"href":"https:\/\/joh-nrw.com\/blog\/wp-json\/wp\/v2\/users\/1"}],"replies":[{"embeddable":true,"href":"https:\/\/joh-nrw.com\/blog\/wp-json\/wp\/v2\/comments?post=66"}],"version-history":[{"count":7,"href":"https:\/\/joh-nrw.com\/blog\/wp-json\/wp\/v2\/pages\/66\/revisions"}],"predecessor-version":[{"id":3827,"href":"https:\/\/joh-nrw.com\/blog\/wp-json\/wp\/v2\/pages\/66\/revisions\/3827"}],"wp:attachment":[{"href":"https:\/\/joh-nrw.com\/blog\/wp-json\/wp\/v2\/media?parent=66"}],"curies":[{"name":"wp","href":"https:\/\/api.w.org\/{rel}","templated":true}]}}