{"id":72,"date":"2014-01-29T15:05:01","date_gmt":"2014-01-29T14:05:01","guid":{"rendered":"http:\/\/joh-nrw.com\/blog\/?page_id=72"},"modified":"2018-06-16T12:51:47","modified_gmt":"2018-06-16T10:51:47","slug":"joh-vorstand","status":"publish","type":"page","link":"https:\/\/joh-nrw.com\/blog\/joh-vorstand","title":{"rendered":"JOH-Vorstand"},"content":{"rendered":"<div id=\"main\">\n<div id=\"column_right\">\n<div align=\"center\"><img title=\"WAG-Justiz-Opfer-Hilfe NRW\/Deutschland - Wenn es mehr sein soll, als ein Versuch auf fundierte juristische Hilfe.\" src=\"http:\/\/www.joh-nrw.net\/2ath_obelix_2015_klein.jpg\" alt=\"WAG-Justiz-Opfer-Hilfe NRW\/Deutschland - Wenn es mehr sein soll, als ein Versuch auf fundierte juristische Hilfe.\" border=\"0\" \/>\n<\/div>\n<hr class=\"hr1\" \/>\n<div class=\"clear\">\n<\/div>\n<div>\n<h1><span style=\"color: #ffffff; font-size: 300%;\">Neuer Vorstand 2017!<\/span><\/h1>\n<h1 align=\"justify\">Mit Datum 13.11.2017 wurde ein neuer Vorstand der Gerichtsbest\u00e4tigten Menschenrechtsorganisation WAG-Justiz-Opfer-Hilfe NRW\/Deutschland gew\u00e4hlt. Der alte Vorstand wurde entlastet und fast kmplt. ausgetauscht.<\/h1>\n<h1 align=\"justify\">Aus Gr\u00fcnden des Datenschutzes und um den neuen Vorstand der Gerichtsbest\u00e4tigten Menschenrechtsorganisation WAG-Justiz-Opfer-Hilfe NRW\/Deutschland vor neuen \/ weitere \u00dcbergriffe (vgl. Folter \/ Kriminalisierungen \/ Pl\u00fcnderungen \/ Verunglimpfungen u. a.)\u00a0der Kriminellen als Bedienstete \/ Personal (vgl. Dienstausweis \/ Personalausweis) der\u00a0Bundesrepublik Deutschland zu sch\u00fctzen, werden die Namen der lebenden und beseelten Menschen als Staatsangeh\u00f6rige durch Abstammung und Geburt des am 13.11.2017 neu gew\u00e4hlten Vorstandes, hier nicht mehr ver\u00f6ffentlicht.<\/h1>\n<h1 align=\"justify\">Mit volkssouver\u00e4nen Gr\u00fc\u00dfen<\/h1>\n<h1 align=\"justify\">Mensch max, Mann aus der Familie lohmann<\/h1>\n<p>&nbsp;<\/p>\n<h1>Postanschrift \/ EU-Zentralb\u00fcro:<br \/>\nMenschenrechtsorganisation<br \/>\nWAG-Justiz-Opfer-Hilfe NRW\/Deutschland<br \/>\nz. Hd. Missionschef max lohmann<br \/>\nc\/o Botschafter udo b\u00fcchner<br \/>\nSimsj\u00f6landet Motorp 6<br \/>\n919 91 Asele<br \/>\nSverige<\/h1>\n<p><img title=\"Adresse-SWEDEN\" src=\"http:\/\/www.joh-nrw.net\/hpfixseparat_adresse_sweden_2017.jpg\" alt=\"Adresse-SWEDEN\" border=\"0\" hspace=\"0\" \/><\/p>\n<p>&nbsp;<\/p>\n<p>&nbsp;<\/p>\n<h1>LINKS\u00a0&#8211; Pressefreiheitliche Informationen.<\/h1>\n<p><img title=\"LINK-Button\" src=\"http:\/\/www.joh-nrw.net\/hpfixseparat_5button_2017.jpg\" alt=\"LINK-Button\" border=\"0\" hspace=\"0\" \/><\/p>\n<h1><\/h1>\n<h1><span><img loading=\"lazy\" title=\"Mit Recht in die Zukunft\" src=\"http:\/\/www.joh-nrw.net\/hpfixseparat_grafik_24.jpg\" alt=\"Mit Recht in die Zukunft\" width=\"758\" height=\"170\" border=\"0\" hspace=\"0\" \/><\/span><\/h1>\n<h1 align=\"justify\">Bei allen\u00a0Angeh\u00f6rigen der WAG-Justiz-Opfer-Hilfe Deutschland handelt es sich um\u00a0lebende und beseelte Menschen und Staatsangeh\u00f6rige durch Abstammung und Geburt mit der verbindlichern Staatsangeh\u00f6rigkeit\u00a0nach RuStAG vor 1913 und Germanitien.<\/h1>\n<h1 align=\"justify\">Nicht-BRD(-OMF)-Angeh\u00f6riger\/Personal und als Interim-Staatsbeamter (vgl. Botschafter\/Diplomat) im Auftrag des Staates Deutschland, Deutsches Reich, Germanitien t\u00e4tig (vgl. \u00a7\u00a7 18 &#8211; 20 GVG)\u00a0um u. a. auch einen Friedensvertrag f\u00fcr das deutsche Volk, die Anpassung der bis heute g\u00fcltigen deutschen Verfassung\u00a0und eine Wiedervereinigung des Staates Deutschland, Deutsches Reich in den Grenzen von min. dem 31.12.1937 zu erreichen.\n<p>Somit besteht Exterritorialit\u00e4t nach Ma\u00dfgabe des Wiener \u00dcbereinkommens \u00fcber diplomatische\/konsularische Beziehungen vom 24.04.1963 (Bundesgesetzblatt 1969 II S. 1585 ff) (siehe W\u00fcD, W\u00fcK).<\/p><\/h1>\n<h1 align=\"justify\"><span style=\"color: #ff0000;\">Der Vorstand der Menschenrechtsorganisation WAG-Justiz-Opfer-Hilfe NRW\/Deutschland\u00a0\u00a0<\/span><span style=\"color: #ff0000;\">und die indigene Volksgruppe Germaniten als Teil des Deutschen Volkes fordert auch weiterhin\u00a0alle \u00c4mter, Beh\u00f6rden, Dienststellen, Gerichte und Verwaltungen in der Bundesrepublik Deutschland auf, sich an Gesetz und Recht zu halten und auch das Grundgesetz f\u00fcr die Bundesrepublik Deutschland zu achten und zu beachten.<\/span><\/h1>\n<h1 align=\"justify\"><span style=\"color: #ff0000;\">Jeder Bedienstete\/Personal (vgl. Dienstausweis\/Personalausweis) der \u00c4mter, Beh\u00f6rden, Dienststellen, Gerichte und Verwaltungen in der Bundesrepublik Deutschland hat seine dienstlichen Handlungen\u00a0gegen\u00fcber Staatsangeh\u00f6rigen durch Abstammung und Geburt\u00a0und Angeh\u00f6riger der indigenen Volksgruppe Germaniten zu \u00fcberpr\u00fcfen und dann ggf. auch zu Remonstrieren. Ansonsten besteht die Gefahr f\u00fcr die Bediensteten\/Personal (vgl. Dienstausweis\/Personalausweis) der \u00c4mter, Beh\u00f6rden, Dienststellen, Gerichte und Verwaltungen in der Bundesrepublik Deutschland, \u00a0sich mit jeder weiteren Handlung\u00a0zum Nachteil lebender und beseelter Menschen der indigenen Volksgruppe Germaniten, selbst schwerster Straftaten schuldig zu machen.<\/span><\/h1>\n<h1 align=\"justify\"><span style=\"color: #ff0000;\">Alle Straftaten zum Nachteil lebender und beseelten Menschen als Angeh\u00f6rige der indigenen Volksgruppe Germaniten, werden mittels Vertr\u00e4ge \u00fcber Schadenersatz und Beratungshonorar gegen\u00fcber den Rechtbrechern aus der Vergangenheit und auch in Zukunf mit Verweis\u00a0auf den\u00a0\u00a7 5 VStGB \/analog abgerechnet und sp\u00e4ter dann auch auf unseren Internetseiten ver\u00f6ffentlicht (vgl. Art. 20 (4) GG).<\/span><\/p>\n<p><img loading=\"lazy\" title=\"Redaktionsleitung\" src=\"http:\/\/www.joh-nrw.net\/hpfixseparat_redaktionsleitung.jpg\" alt=\"Redaktionsleitung\" width=\"814\" height=\"262\" border=\"0\" hspace=\"0\" \/><\/h1>\n<p align=\"justify\"><img loading=\"lazy\" title=\"Botschaft Germanitien\" src=\"http:\/\/www.joh-nrw.net\/hpfixseparat__botschaft_germanitien_2017.jpg\" alt=\"Botschaft Germanitien\" width=\"671\" height=\"381\" border=\"0\" hspace=\"0\" \/><\/p>\n<h1>Spendenkonto der Freikirche WAG-Aktive Christen\u00a0 in Deutschland<\/h1>\n<h1><a href=\"http:\/\/www.joh-nrw.net\/pdf\/Konto-2014.pdf\">http:\/\/www.joh-nrw.net\/pdf\/Konto-2014.pdf<\/a><\/h1>\n<p><img loading=\"lazy\" title=\"Von Menschen f\u00fcr Menschen\" src=\"http:\/\/www.joh-nrw.net\/hpfixseparat_1von_menschen_fuer_menschen_joh.jpg\" alt=\"Von Menschen f\u00fcr Menschen\" width=\"1336\" height=\"148\" border=\"0\" hspace=\"0\" \/><\/p>\n<\/div>\n<\/div>\n<\/div>\n","protected":false},"excerpt":{"rendered":"<p>Neuer Vorstand 2017! Mit Datum 13.11.2017 wurde ein neuer Vorstand der Gerichtsbest\u00e4tigten Menschenrechtsorganisation WAG-Justiz-Opfer-Hilfe NRW\/Deutschland gew\u00e4hlt. Der alte Vorstand wurde entlastet und fast kmplt. ausgetauscht. Aus Gr\u00fcnden des Datenschutzes und um den neuen Vorstand der Gerichtsbest\u00e4tigten Menschenrechtsorganisation WAG-Justiz-Opfer-Hilfe NRW\/Deutschland vor neuen \/ weitere \u00dcbergriffe (vgl. Folter \/ Kriminalisierungen \/ Pl\u00fcnderungen \/ Verunglimpfungen u. a.)\u00a0der Kriminellen als Bedienstete \/ Personal (vgl. Dienstausweis \/ Personalausweis) der\u00a0Bundesrepublik Deutschland zu sch\u00fctzen, werden die Namen der lebenden und beseelten Menschen als Staatsangeh\u00f6rige durch Abstammung und Geburt des am 13.11.2017 neu gew\u00e4hlten Vorstandes, hier nicht mehr ver\u00f6ffentlicht. Mit volkssouver\u00e4nen Gr\u00fc\u00dfen Mensch max, Mann aus der Familie lohmann &nbsp; Postanschrift \/ EU-Zentralb\u00fcro: Menschenrechtsorganisation WAG-Justiz-Opfer-Hilfe NRW\/Deutschland z. Hd. Missionschef max lohmann c\/o Botschafter udo b\u00fcchner Simsj\u00f6landet Motorp 6 919 91 Asele Sverige &nbsp; &nbsp; LINKS\u00a0&#8211; Pressefreiheitliche Informationen. Bei allen\u00a0Angeh\u00f6rigen der WAG-Justiz-Opfer-Hilfe Deutschland handelt es sich um\u00a0lebende und beseelte Menschen und Staatsangeh\u00f6rige durch Abstammung und Geburt mit der verbindlichern Staatsangeh\u00f6rigkeit\u00a0nach RuStAG vor 1913 und Germanitien. Nicht-BRD(-OMF)-Angeh\u00f6riger\/Personal und als Interim-Staatsbeamter (vgl. Botschafter\/Diplomat) im Auftrag des Staates Deutschland, Deutsches Reich, Germanitien t\u00e4tig (vgl. \u00a7\u00a7 18 &#8211; 20 GVG)\u00a0um u. a. auch einen Friedensvertrag f\u00fcr das deutsche Volk, die Anpassung der bis heute g\u00fcltigen deutschen Verfassung\u00a0und eine Wiedervereinigung des Staates Deutschland, Deutsches [&hellip;]<\/p>\n","protected":false},"author":1,"featured_media":0,"parent":0,"menu_order":0,"comment_status":"closed","ping_status":"closed","template":"","meta":{"_links_to":"","_links_to_target":""},"_links":{"self":[{"href":"https:\/\/joh-nrw.com\/blog\/wp-json\/wp\/v2\/pages\/72"}],"collection":[{"href":"https:\/\/joh-nrw.com\/blog\/wp-json\/wp\/v2\/pages"}],"about":[{"href":"https:\/\/joh-nrw.com\/blog\/wp-json\/wp\/v2\/types\/page"}],"author":[{"embeddable":true,"href":"https:\/\/joh-nrw.com\/blog\/wp-json\/wp\/v2\/users\/1"}],"replies":[{"embeddable":true,"href":"https:\/\/joh-nrw.com\/blog\/wp-json\/wp\/v2\/comments?post=72"}],"version-history":[{"count":12,"href":"https:\/\/joh-nrw.com\/blog\/wp-json\/wp\/v2\/pages\/72\/revisions"}],"predecessor-version":[{"id":4036,"href":"https:\/\/joh-nrw.com\/blog\/wp-json\/wp\/v2\/pages\/72\/revisions\/4036"}],"wp:attachment":[{"href":"https:\/\/joh-nrw.com\/blog\/wp-json\/wp\/v2\/media?parent=72"}],"curies":[{"name":"wp","href":"https:\/\/api.w.org\/{rel}","templated":true}]}}