{"id":76,"date":"2014-01-29T15:06:54","date_gmt":"2014-01-29T14:06:54","guid":{"rendered":"http:\/\/joh-nrw.com\/blog\/?page_id=76"},"modified":"2018-03-25T15:24:26","modified_gmt":"2018-03-25T13:24:26","slug":"wissenswertes-ueber-die-kriminelle-brd-justiz","status":"publish","type":"page","link":"https:\/\/joh-nrw.com\/blog\/wissenswertes-ueber-die-kriminelle-brd-justiz","title":{"rendered":"Wissenswertes \u00fcber die kriminelle BRD-Justiz !"},"content":{"rendered":"<p>Hier werden in K\u00fcrze Tatsachen \u00fcber die <strong>kriminelle BRD-Justiz<\/strong> ver\u00f6ffentlicht, die <strong>u<\/strong>. <strong>a<\/strong>. auch mit der <strong>Firma<\/strong> Amtsgericht Bad Oeynhausen, Rinteln und der <strong>Firma<\/strong> Landgericht Bielefeld und B\u00fcckeburg zu tun haben werden. Die Erfahrungen mit den BRD-Kriminellen die dem unten stehenden <strong>Zitat<\/strong> des <strong>Herrn Frank Fahsel<\/strong>\u00a0ganz klar zu entnehmen sind, die k\u00f6nnen wir von der <strong>WAG-Justiz-Opfer-Hilfe NRW\/Deutschland<\/strong> als Zutreffend nur noch voll und ganz best\u00e4tigen. In der <strong>BRD-Justiz<\/strong> herrscht nach unseren eigenen Erfahrungen nur noch <strong>Anarchie <\/strong>(vgl. Amtsanma\u00dfung, Betrug, Erpressung, N\u00f6tigung, Folter etc. pp..).<\/p>\n<h1 class=\"yt watch-title-container\">Zitat:<\/h1>\n<p>&#8222;Ich war von 1973 bis 2004 Richter am Landgericht Stuttgart und habe in dieser Zeit ebenso unglaubliche wie unz\u00e4hlige, vom System organisierte Rechtsbr\u00fcche und Rechtsbeugungen erlebt, gegen die nicht anzukommen war\/ist, weil sie systemkonform sind. Ich habe unz\u00e4hlige Richterinnen und Richter, Staatsanw\u00e4ltinnen und Staatsanw\u00e4lte erleben m\u00fcssen, die man schlicht &#8218;kriminell&#8216; nennen kann. Sie waren\/sind aber sakrosankt, weil sie per Ordre de Mufti gehandelt haben oder vom System gedeckt wurden, um der Reputation willen &#8230; In der Justiz gegen solche Kollegen vorzugehen, ist nicht m\u00f6glich, denn das System sch\u00fctzt sich vor einem Outing selbst &#8211; durch konsequente Manipulation. Wenn ich an meinen Beruf zur\u00fcckdenke (ich bin im Ruhestand), dann \u00fcberkommt mich ein tiefer Ekel vor meinesgleichen.&#8220; &#8211; Frank Fahsel, Fellbach, in der S\u00fcddeutschen Zeitung am 9. April 2008<\/p>\n<p><strong>Anarchie &amp; Gesetzlosigkeit am Amtsgericht Hagenow!<\/strong><br \/>\n<a href=\"https:\/\/www.youtube.com\/watch?v=SjJsVmA4LD4\"><img src=\"http:\/\/www.joh-nrw.com\/blog\/wp-content\/uploads\/2014\/01\/hpfixseparat_1p_menubutton1.gif\" alt=\"hpfixseparat_1p_menubutton1\" \/><\/a><\/p>\n<p><strong>Die kriminelle BRD f\u00fchrt das 3. Reich weiter! &#8211; http:\/\/www.staatenlos.info\/<\/strong><br \/>\n<a href=\"https:\/\/www.youtube.com\/watch?v=c296Jtld6ts\"><img src=\"http:\/\/www.joh-nrw.com\/blog\/wp-content\/uploads\/2014\/01\/hpfixseparat_1p_menubutton1.gif\" alt=\"hpfixseparat_1p_menubutton1\" \/><\/a><\/p>\n<p><strong>BRD-Rechtsnachfolger des Dritten Reiches<\/strong><br \/>\n<a href=\"https:\/\/www.youtube.com\/watch?v=ws4JuLOH8Ks\"><img src=\"http:\/\/www.joh-nrw.com\/blog\/wp-content\/uploads\/2014\/01\/hpfixseparat_1p_menubutton1.gif\" alt=\"hpfixseparat_1p_menubutton1\" \/><\/a><\/p>\n<p><strong>Die kriminellen Staatsanwaltschaften der BRD!<\/strong><br \/>\n<a href=\"https:\/\/www.youtube.com\/watch?v=DFAYVfXeM5c\"><img src=\"http:\/\/www.joh-nrw.com\/blog\/wp-content\/uploads\/2014\/01\/hpfixseparat_1p_menubutton1.gif\" alt=\"hpfixseparat_1p_menubutton1\" \/><\/a><\/p>\n<p><img src=\"http:\/\/commons.wikimannia.org\/images\/Frank_Fahsel_Manipulation.gif\" alt=\"\" \/><\/p>\n<p><strong>Der Fantasiestaat \/ Kunststaat Bundesrepublik Deutschland!<\/strong><br \/>\n<a href=\"http:\/\/www.joh-nrw.com\/pdf\/Kunststaat-BRD.pdf\"><img src=\"http:\/\/www.joh-nrw.com\/blog\/wp-content\/uploads\/2014\/01\/hpfixseparat_1p_menubutton1.gif\" alt=\"hpfixseparat_1p_menubutton1\" \/><\/a><\/p>\n<p><strong>Der Fantasiestaat BRD wendet auch heute noch NAZI-Gesetze an.<\/strong><br \/>\n<a href=\"http:\/\/www.joh-nrw.com\/pdf\/NAZI-GESETZ-DEUTSCH.pdf\"><img src=\"http:\/\/www.joh-nrw.com\/blog\/wp-content\/uploads\/2014\/01\/hpfixseparat_1p_menubutton1.gif\" alt=\"hpfixseparat_1p_menubutton1\" \/><\/a><\/p>\n<p><strong>Offenkundiges \u00fcber den Fantasiestaat BRD. (H\u00f6rbeitrag aus 2014)<\/strong><br \/>\n<a href=\"http:\/\/www.joh-nrw.com\/audio\/Fantasiestaat.mp3\"><img src=\"http:\/\/www.joh-nrw.com\/blog\/wp-content\/uploads\/2014\/01\/hpfixseparat_1p_menubutton1.gif\" alt=\"hpfixseparat_1p_menubutton1\" \/><\/a><\/p>\n<p><strong>Hessischer Rundfunk best\u00e4tigt den Hochverrat der BRD-Politiker.<\/strong><br \/>\n<a href=\"http:\/\/www.joh-nrw.com\/audio\/NHR-1990.mp3\"><img src=\"http:\/\/www.joh-nrw.com\/blog\/wp-content\/uploads\/2014\/01\/hpfixseparat_1p_menubutton1.gif\" alt=\"hpfixseparat_1p_menubutton1\" \/><\/a><\/p>\n<p><strong>Versteinertes Besatzungsrecht in Deutschland. (H\u00f6rbeitrag aus 2015)<\/strong><br \/>\n<a href=\"http:\/\/www.joh-nrw.com\/audio\/FAZ-2005.mp3\"><img src=\"http:\/\/www.joh-nrw.com\/blog\/wp-content\/uploads\/2014\/01\/hpfixseparat_1p_menubutton1.gif\" alt=\"hpfixseparat_1p_menubutton1\" \/><\/a><\/p>\n<p><strong>Stimmen der Emp\u00f6rung bzgl. der Zwangsversteigerung vom 30.09.2015!<\/strong><br \/>\n<a href=\"http:\/\/www.joh-nrw.com\/pdf\/MaxPeuker.pdf\"><img src=\"http:\/\/www.joh-nrw.com\/blog\/wp-content\/uploads\/2014\/01\/hpfixseparat_1p_menubutton1.gif\" alt=\"hpfixseparat_1p_menubutton1\" \/><\/a><\/p>\n<p><strong>Auch mal Danke sagen bei der WAG-JOH!<\/strong><br \/>\n<a href=\"http:\/\/www.joh-nrw.com\/pdf\/Danke-JOH.pdf\"><img src=\"http:\/\/www.joh-nrw.com\/blog\/wp-content\/uploads\/2014\/01\/hpfixseparat_1p_menubutton1.gif\" alt=\"hpfixseparat_1p_menubutton1\" \/><\/a><\/p>\n<p><strong>Zwangsversteigerung 30.09.2015 \u2013 Firma Amtsgericht Bad Oeynhausen<\/strong><br \/>\n<a href=\"http:\/\/www.joh-nrw.com\/zwangsversteigerung-30-09-2015-firma-amtsgericht-bad-oeynhausen\"><img src=\"http:\/\/www.joh-nrw.com\/blog\/wp-content\/uploads\/2014\/01\/hpfixseparat_1p_menubutton1.gif\" alt=\"hpfixseparat_1p_menubutton1\" \/><\/a><\/p>\n<p>Demn\u00e4chst dann hier auch <strong>UNZENSIERTE Informationen<\/strong> per <strong>Videobeitrag<\/strong> zur <strong>juristischen Lage<\/strong> \u00a0in dem <strong>Kriegsgefangenenlager BUNDESREPUBLIK<\/strong> im<br \/>\nStaat DEUTSCHLAND (vgl. <strong>GERMANY<\/strong>) durch <strong>Angeh\u00f6rige<\/strong> des Vorstandes<br \/>\nder <strong>Menschenrechtsorganisation<\/strong> WAG-Justiz-Opfer-Hilfe NRW\/Deutschland,<br \/>\n<strong>u<\/strong>. <strong>a<\/strong>. dann auch von den lebenden und beseelten <strong>Menschen<\/strong> als Angeh\u00f6rige des<br \/>\nWAG-<strong>JOH<\/strong> Vorstandes\u00a0<strong>j\u00fcrgen niemeyer<\/strong>, <strong>j\u00f6rg pagels<\/strong> und <strong>axel thiesmeier<\/strong>.<\/p>\n<p>Dabei werden dann auch <strong>Themen<\/strong> behandelt, die mit dem <strong>korrupten<\/strong> Staatsschutz<br \/>\nund dem <strong>kriminellen Verfassungsschutz<\/strong> der Bundesrepublik im Staat Deutschland<br \/>\nzu tun haben. <strong>JEDERMANN<\/strong> sollte somit gespannt sein auf die Ver\u00f6ffentlichungen in der n\u00e4chsten Zeit von den <strong>Experten<\/strong>\/<strong>Kennern<\/strong> der <strong>BRD-NAZI-LIGA<\/strong>\u00a0aus dem <strong>Vorstand<\/strong> der <strong>WAG-Justiz-Opfer-Hilfe NRW\/Deutschland<\/strong> in [<strong>32584<\/strong>] <strong>L\u00f6hne<\/strong>.<\/p>\n<p>&nbsp;<\/p>\n<p><strong>T\u00e4uschung des Deutschen Volkes!<\/strong><br \/>\n<a href=\"http:\/\/equapio.com\"><img src=\"http:\/\/www.joh-nrw.com\/blog\/wp-content\/uploads\/2014\/01\/hpfixseparat_1p_menubutton1.gif\" alt=\"hpfixseparat_1p_menubutton1\" \/><\/a><\/p>\n<p><img src=\"http:\/\/www.joh-nrw.com\/blog\/wp-content\/uploads\/2014\/01\/hpfixseparat_1weg_frei_-300x222.jpg\" alt=\"hpfixseparat_1weg_frei_\" \/><\/p>\n<p>&nbsp;<\/p>\n","protected":false},"excerpt":{"rendered":"<p>Hier werden in K\u00fcrze Tatsachen \u00fcber die kriminelle BRD-Justiz ver\u00f6ffentlicht, die u. a. auch mit der Firma Amtsgericht Bad Oeynhausen, Rinteln und der Firma Landgericht Bielefeld und B\u00fcckeburg zu tun haben werden. Die Erfahrungen mit den BRD-Kriminellen die dem unten stehenden Zitat des Herrn Frank Fahsel\u00a0ganz klar zu entnehmen sind, die k\u00f6nnen wir von der WAG-Justiz-Opfer-Hilfe NRW\/Deutschland als Zutreffend nur noch voll und ganz best\u00e4tigen. In der BRD-Justiz herrscht nach unseren eigenen Erfahrungen nur noch Anarchie (vgl. Amtsanma\u00dfung, Betrug, Erpressung, N\u00f6tigung, Folter etc. pp..). Zitat: &#8222;Ich war von 1973 bis 2004 Richter am Landgericht Stuttgart und habe in dieser Zeit ebenso unglaubliche wie unz\u00e4hlige, vom System organisierte Rechtsbr\u00fcche und Rechtsbeugungen erlebt, gegen die nicht anzukommen war\/ist, weil sie systemkonform sind. Ich habe unz\u00e4hlige Richterinnen und Richter, Staatsanw\u00e4ltinnen und Staatsanw\u00e4lte erleben m\u00fcssen, die man schlicht &#8218;kriminell&#8216; nennen kann. Sie waren\/sind aber sakrosankt, weil sie per Ordre de Mufti gehandelt haben oder vom System gedeckt wurden, um der Reputation willen &#8230; In der Justiz gegen solche Kollegen vorzugehen, ist nicht m\u00f6glich, denn das System sch\u00fctzt sich vor einem Outing selbst &#8211; durch konsequente Manipulation. Wenn ich an meinen Beruf zur\u00fcckdenke (ich bin im Ruhestand), dann \u00fcberkommt mich ein tiefer Ekel vor meinesgleichen.&#8220; [&hellip;]<\/p>\n","protected":false},"author":1,"featured_media":0,"parent":0,"menu_order":0,"comment_status":"closed","ping_status":"closed","template":"","meta":{"_links_to":"","_links_to_target":""},"_links":{"self":[{"href":"https:\/\/joh-nrw.com\/blog\/wp-json\/wp\/v2\/pages\/76"}],"collection":[{"href":"https:\/\/joh-nrw.com\/blog\/wp-json\/wp\/v2\/pages"}],"about":[{"href":"https:\/\/joh-nrw.com\/blog\/wp-json\/wp\/v2\/types\/page"}],"author":[{"embeddable":true,"href":"https:\/\/joh-nrw.com\/blog\/wp-json\/wp\/v2\/users\/1"}],"replies":[{"embeddable":true,"href":"https:\/\/joh-nrw.com\/blog\/wp-json\/wp\/v2\/comments?post=76"}],"version-history":[{"count":5,"href":"https:\/\/joh-nrw.com\/blog\/wp-json\/wp\/v2\/pages\/76\/revisions"}],"predecessor-version":[{"id":3833,"href":"https:\/\/joh-nrw.com\/blog\/wp-json\/wp\/v2\/pages\/76\/revisions\/3833"}],"wp:attachment":[{"href":"https:\/\/joh-nrw.com\/blog\/wp-json\/wp\/v2\/media?parent=76"}],"curies":[{"name":"wp","href":"https:\/\/api.w.org\/{rel}","templated":true}]}}