{"id":817,"date":"2014-02-18T12:00:44","date_gmt":"2014-02-18T11:00:44","guid":{"rendered":"http:\/\/www.joh-nrw.com\/?page_id=817"},"modified":"2017-10-19T14:26:30","modified_gmt":"2017-10-19T12:26:30","slug":"gez","status":"publish","type":"page","link":"https:\/\/joh-nrw.com\/blog\/gez","title":{"rendered":"GEZ"},"content":{"rendered":"<div align=\"center\"><a href=\"http:\/\/www.joh-nrw.com\/blog\/wp-content\/uploads\/2014\/01\/1banner2013_1.jpg\" target=\"_blank\"><img loading=\"lazy\" class=\"alignnone size-full wp-image-391\" src=\"http:\/\/www.joh-nrw.com\/blog\/wp-content\/uploads\/2014\/01\/1banner2013_1.jpg\" alt=\"1banner2013_1\" width=\"822\" height=\"82\" srcset=\"https:\/\/joh-nrw.com\/blog\/wp-content\/uploads\/2014\/01\/1banner2013_1.jpg 822w, https:\/\/joh-nrw.com\/blog\/wp-content\/uploads\/2014\/01\/1banner2013_1-300x29.jpg 300w, https:\/\/joh-nrw.com\/blog\/wp-content\/uploads\/2014\/01\/1banner2013_1-500x49.jpg 500w\" sizes=\"(max-width: 822px) 100vw, 822px\" \/><\/a><a href=\"http:\/\/www.rep.de\/\" target=\"_blank\"><img loading=\"lazy\" class=\"alignnone size-full wp-image-487\" src=\"http:\/\/www.joh-nrw.com\/blog\/wp-content\/uploads\/2014\/01\/hpfixseparat_gez_abzocke001.jpg\" alt=\"hpfixseparat_gez_abzocke001\" width=\"2461\" height=\"1732\" srcset=\"https:\/\/joh-nrw.com\/blog\/wp-content\/uploads\/2014\/01\/hpfixseparat_gez_abzocke001.jpg 2461w, https:\/\/joh-nrw.com\/blog\/wp-content\/uploads\/2014\/01\/hpfixseparat_gez_abzocke001-300x211.jpg 300w, https:\/\/joh-nrw.com\/blog\/wp-content\/uploads\/2014\/01\/hpfixseparat_gez_abzocke001-1024x720.jpg 1024w, https:\/\/joh-nrw.com\/blog\/wp-content\/uploads\/2014\/01\/hpfixseparat_gez_abzocke001-426x300.jpg 426w\" sizes=\"(max-width: 2461px) 100vw, 2461px\" \/><\/a>\n<\/div>\n<p><a href=\"http:\/\/www.joh-nrw.com\/blog\/wp-content\/uploads\/2014\/01\/hpfixseparat_gez_nein.jpg\" target=\"_blank\"><img loading=\"lazy\" class=\"alignnone size-full wp-image-488\" src=\"http:\/\/www.joh-nrw.com\/blog\/wp-content\/uploads\/2014\/01\/hpfixseparat_gez_nein.jpg\" alt=\"hpfixseparat_gez_nein\" width=\"160\" height=\"160\" srcset=\"https:\/\/joh-nrw.com\/blog\/wp-content\/uploads\/2014\/01\/hpfixseparat_gez_nein.jpg 160w, https:\/\/joh-nrw.com\/blog\/wp-content\/uploads\/2014\/01\/hpfixseparat_gez_nein-150x150.jpg 150w\" sizes=\"(max-width: 160px) 100vw, 160px\" \/><\/a><\/p>\n<p>GEZ nein danke<br \/>\n<a href=\"http:\/\/gez-nein-danke.de\/\" target=\"_blank\"><img loading=\"lazy\" class=\"alignnone size-full wp-image-435\" src=\"http:\/\/www.joh-nrw.com\/blog\/wp-content\/uploads\/2014\/01\/hpfixseparat_1p_menubutton1.gif\" alt=\"hpfixseparat_1p_menubutton1\" width=\"180\" height=\"50\" \/><\/a><br \/>\n<a href=\"http:\/\/www.gez-abschaffen.de\/\" target=\"_blank\"><img loading=\"lazy\" class=\"alignnone size-full wp-image-435\" src=\"http:\/\/www.joh-nrw.com\/blog\/wp-content\/uploads\/2014\/01\/hpfixseparat_1p_menubutton1.gif\" alt=\"hpfixseparat_1p_menubutton1\" width=\"180\" height=\"50\" \/><\/a><br \/>\n<a href=\"http:\/\/www.piratenpartei.de\/node\/183\" target=\"_blank\"><img loading=\"lazy\" class=\"alignnone size-full wp-image-435\" src=\"http:\/\/www.joh-nrw.com\/blog\/wp-content\/uploads\/2014\/01\/hpfixseparat_1p_menubutton1.gif\" alt=\"hpfixseparat_1p_menubutton1\" width=\"180\" height=\"50\" \/><\/a><\/p>\n<p>Abschalten der (GEZ) &#8211; NaZi \u2013 Gleichschaltungsmedien!<br \/>\n<a href=\"http:\/\/staatenlos.info\/index.php\/gez-zwang\" target=\"_blank\"><img loading=\"lazy\" class=\"alignnone size-full wp-image-435\" src=\"http:\/\/www.joh-nrw.com\/blog\/wp-content\/uploads\/2014\/01\/hpfixseparat_1p_menubutton1.gif\" alt=\"hpfixseparat_1p_menubutton1\" width=\"180\" height=\"50\" \/><\/a><\/p>\n<p>F\u00fcr diesen Rundfunk zahlen wir nicht!<br \/>\n<a href=\"http:\/\/www.zahlungsstreik.net\/\" target=\"_blank\"><img loading=\"lazy\" class=\"alignnone size-full wp-image-435\" src=\"http:\/\/www.joh-nrw.com\/blog\/wp-content\/uploads\/2014\/01\/hpfixseparat_1p_menubutton1.gif\" alt=\"hpfixseparat_1p_menubutton1\" width=\"180\" height=\"50\" \/><\/a><\/p>\n<p>Warum ich keine GEZ-Geb\u00fchren zahle!<br \/>\n<a href=\"http:\/\/www.youtube.com\/watch?v=OWUsEus3JTk&amp;list=PL0EA385BEBD472669\" target=\"_blank\"><img loading=\"lazy\" class=\"alignnone size-full wp-image-435\" src=\"http:\/\/www.joh-nrw.com\/blog\/wp-content\/uploads\/2014\/01\/hpfixseparat_1p_menubutton1.gif\" alt=\"hpfixseparat_1p_menubutton1\" width=\"180\" height=\"50\" \/><\/a><\/p>\n<p>Auf welche Rechtsgrundlage will sich ARD\/ZDF bei der Einziehung von Rundfunkgeb\u00fchren denn berufen? Der Staatsvertrag jedenfalls ist eine offenkundige L\u00fcge und die BRD ist kein Staat sondern eine Firma!<br \/>\n<a href=\"http:\/\/www.youtube.com\/watch?v=OWUsEus3JTk&amp;list=PL0EA385BEBD472669\" target=\"_blank\"><img loading=\"lazy\" class=\"alignnone size-full wp-image-435\" src=\"http:\/\/www.joh-nrw.com\/blog\/wp-content\/uploads\/2014\/01\/hpfixseparat_1p_menubutton1.gif\" alt=\"hpfixseparat_1p_menubutton1\" width=\"180\" height=\"50\" \/><\/a><\/p>\n<p><strong>Beitragsservice und kein Ende\u2026 oder doch?<\/strong><br \/>\n<span style=\"font-size: 12px;\"><a href=\"http:\/\/revealthetruth.net\/2014\/02\/20\/4088\/#\" target=\"_blank\"><img loading=\"lazy\" class=\"alignnone size-full wp-image-435\" src=\"http:\/\/www.joh-nrw.com\/blog\/wp-content\/uploads\/2014\/01\/hpfixseparat_1p_menubutton1.gif\" alt=\"hpfixseparat_1p_menubutton1\" width=\"180\" height=\"50\" \/><\/a> <\/span><\/p>\n<p><strong>Vollstreckungsbeamter wurde von GEZ geschickt und abgewiesen !<\/strong><br \/>\n<span style=\"font-size: 12px;\"><a href=\"http:\/\/www.youtube.com\/watch?v=dsVhJTVxixM\" target=\"_blank\"><img loading=\"lazy\" class=\"alignnone size-full wp-image-435\" src=\"http:\/\/www.joh-nrw.com\/blog\/wp-content\/uploads\/2014\/01\/hpfixseparat_1p_menubutton1.gif\" alt=\"hpfixseparat_1p_menubutton1\" width=\"180\" height=\"50\" \/><\/a> <\/span><strong><br \/>\n<\/strong><\/p>\n<p>GEZ der Rundfunkbeitrag ist verfassungswidrig! &#8211; Anna Tersch\u00fcren<br \/>\n<iframe loading=\"lazy\" src=\"\/\/www.youtube.com\/embed\/BIdjm-8J5XI\" width=\"640\" height=\"360\" frameborder=\"0\" allowfullscreen=\"allowfullscreen\"><\/iframe><\/p>\n<p><strong>\u00d6ffentlicher Brief an den OB der Stadt Halle(Saale)<\/strong><br \/>\nHinweise, wie Sie sich gegen verschiedene Grundrechteverletzungen wehren k\u00f6nnen, finden Sie in unseren Expertisen zur Frage: \u00bbIst die Bundesrepublik Deutschland ein\u2026<br \/>\n<a href=\"http:\/\/grundrechtebeschwerde.de\/thema\/brief-an-ob-hallesaale\/\" target=\"_blank\"><img loading=\"lazy\" class=\"alignnone size-full wp-image-435\" src=\"http:\/\/www.joh-nrw.com\/blog\/wp-content\/uploads\/2014\/01\/hpfixseparat_1p_menubutton1.gif\" alt=\"hpfixseparat_1p_menubutton1\" width=\"180\" height=\"50\" \/><\/a><\/p>\n<p><strong>Wenn IHR WISSEN WOLLT WOF\u00dcR EURE GEZ <\/strong><br \/>\n<strong> ZWANGSABGABEN HINGEHEN :<\/strong><br \/>\n<strong>Millionen-Pension f\u00fcr WDR-Intendant Tom Buhrow<br \/>\n<\/strong>Rund 1,8 Millionen Euro hat der Westdeutsche Rundfunk (WDR) im vergangenen Jahr f\u00fcr die Pension seines Intendanten Tom Buhrow bereitgestellt &#8211; obwohl der Sender rote Zahlen schreibt. Finanziert wird die Altersversorgung durch Rundfunkbeitr\u00e4ge.<strong>&#8230;<br \/>\n<a href=\"http:\/\/web.de\/magazine\/tv\/sender\/19162924-millionen-pension-wdr-intendant-tom-buhrow.html\" target=\"_blank\"><img loading=\"lazy\" class=\"alignnone size-full wp-image-435\" src=\"http:\/\/www.joh-nrw.com\/blog\/wp-content\/uploads\/2014\/01\/hpfixseparat_1p_menubutton1.gif\" alt=\"hpfixseparat_1p_menubutton1\" width=\"180\" height=\"50\" \/><\/a><br \/>\n<\/strong><\/p>\n<p><strong>\u2026GEZ? NEIN DANKE! 1 &#8211; Grundlegendes<\/strong><br \/>\nIn diesem Video beschreibe ich die Grundlagen, die wir wissen sollten und m\u00fcssten, um uns gegen die Zwangsfinanzierung der \u00f6ffentlich rechten Medien zu wehren.<br \/>\n<iframe loading=\"lazy\" src=\"\/\/www.youtube.com\/embed\/pt87HyOvciY?list=UUu2ihVNvuG8kgfnvmB_qAqw\" width=\"640\" height=\"360\" frameborder=\"0\" allowfullscreen=\"allowfullscreen\"><\/iframe><\/p>\n<p><strong>\u2026GEZ? NEIN DANKE! 2 &#8211; So wirds gemacht 1<\/strong><br \/>\nHier nun Handlungsm\u00f6glichkeiten auf den Beitragsbescheid zu reagieren.<br \/>\n<iframe loading=\"lazy\" src=\"\/\/www.youtube.com\/embed\/D2RSXLCltSU?list=UUu2ihVNvuG8kgfnvmB_qAqw\" width=\"640\" height=\"360\" frameborder=\"0\" allowfullscreen=\"allowfullscreen\"><\/iframe><\/p>\n<p><strong>\u2026GEZ? NEIN DANKE! 3 &#8211; So wirds gemacht 2 &#8211; Die AGB<\/strong><br \/>\nHier erkl\u00e4re ich nun die AGB und warum\/wozu wir diese brauchen.<br \/>\n<iframe loading=\"lazy\" src=\"\/\/www.youtube.com\/embed\/fgnaFW8AQtI?list=UUu2ihVNvuG8kgfnvmB_qAqw\" width=\"640\" height=\"360\" frameborder=\"0\" allowfullscreen=\"allowfullscreen\"><\/iframe><\/p>\n<p><strong>\u2026GEZ? NEIN DANKE! 4 &#8211; Gerichtsvollzieher 1 <\/strong><br \/>\nEs geht hier nun um die rechtliche Situation der GV in der BRD anhand ihrer eigenen Gerichtsvollzieher-Ordnung<br \/>\n<iframe loading=\"lazy\" src=\"\/\/www.youtube.com\/embed\/j6i-pauxLRI?list=UUu2ihVNvuG8kgfnvmB_qAqw\" width=\"640\" height=\"360\" frameborder=\"0\" allowfullscreen=\"allowfullscreen\"><\/iframe><\/p>\n<p><strong>LG T\u00fcbingen Beschluss vom 19. Mai 2014 Az. 5 T 81\/14<\/strong><br \/>\n<a href=\"http:\/\/openjur.de\/u\/708173.html\" target=\"_blank\"><img loading=\"lazy\" class=\"alignnone size-full wp-image-435\" src=\"https:\/\/joh-nrw.com\/blog\/wp-content\/uploads\/2014\/01\/hpfixseparat_1p_menubutton1.gif\" alt=\"hpfixseparat_1p_menubutton1\" width=\"180\" height=\"50\" \/><\/a><\/p>\n<p><strong>DIE GEZ IST ILLEGAL! &#8211; Gr\u00fcnde gegen den Rundfunkbeitrag!<\/strong><br \/>\n<iframe loading=\"lazy\" src=\"\/\/www.youtube.com\/embed\/pt51arpuXoQ?list=UUMn3nuH--makwvpbue_L9Vg\" width=\"640\" height=\"360\" frameborder=\"0\" allowfullscreen=\"allowfullscreen\"><\/iframe><\/p>\n<p>&nbsp;<\/p>\n<p>ARD ZDF Beitragsservice (GEZ) &#8211; DER FALL LANDSHUT<\/p>\n<p>Ver\u00f6ffentlicht am 12.06.2015<\/p>\n<p>Die Staatsanwaltschaft Landshut ermittelt gegen den Beitragsservice. Ihm werden eine Reihe an Straftaten vorgeworfen. In diesem Video gehe ich mit euch den Strafantrag durch, damit wir die wunderh\u00fcbsche Bundesrepublik demn\u00e4chst mit Strafantr\u00e4gen pflastern k\u00f6nnen \ud83d\ude09 Dieser Strafantrag ist ein Meisterwerk. Da hat jemand genau den richtigen Durchblick. Und deshalb taugt er als &#8222;Muster-Strafantrag&#8220;. Lasst uns eine riesige \u00d6ffentlichkeit herstellen, sodass sich hier kein Staatsanwalt und kein Richter traut, Bockmist zu machen. WIR SIND DIE 99% Leute \ud83d\ude09<\/p>\n<p>Und diese 99% kommen langsam ins Brodeln! das sieht man schon daran, dass unsere liebe Frau Merkel nun schon \u00f6ffentlich von ZWANGSMITGLIEDSCHAFT redet \ud83d\ude09<br \/>\n&#8230;. woher auf einmal dieser juristisch korrekte Gerechtigkeitssinn Frau Merkelino ? \ud83d\ude09<\/p>\n<p>&#8222;Aber doch nicht, dass man wie beim Fernsehen so ne Art Zwangsmitgliedschaft hat, oder? Also, naja, also ich meine, das wird man schwer heute rechtlich noch rechtfertigen k\u00f6nnen. Dass ich das als ein ANGEBOT habe (hier spricht sie von der Befugnis, die FIRMEN haben), wof\u00fcr ich dann zahle -und wer das mitmachen will- ok, aber nicht unter der Ma\u00dfgabe: jeder Deutsche muss sozusagen sich beteiligen&#8220;. (Zitat Angela Merkel)<\/p>\n<p>Das Video dazu wird grad \u00fcberall geteilt, aber auf meiner inibini Facebookseite k\u00f6nnt ihr es euch auch ansehen.<\/p>\n<p>Hier noch ein paar Links:<\/p>\n<p>Kraftzeitung<br \/>\nhttp:\/\/www.kraftzeitung.net\/news\/verm&#8230;<\/p>\n<p>Eine Reise ins wundersame UPIK Land<br \/>\nhttps:\/\/www.youtube.com\/watch?v=BUcnc&#8230;<\/p>\n<p>&#8230;zieht euch das Video rein, pr\u00fcft die Dinge selbst nach und bildet euch einfach eure ganz eigene Meinung \ud83d\ude09<\/p>\n<p>Mein Facebook<br \/>\nhttps:\/\/www.facebook.com\/pages\/Inibin&#8230;<\/p>\n<p>Mein Instagram<br \/>\nhttps:\/\/instagram.com\/inibinitv\/<\/p>\n<p>https:\/\/www.youtube.com\/watch?v=6ceTtWtvtjo&#038;feature=youtu.be<\/p>\n<p><strong>Tipp:<\/strong><\/p>\n<p>Der alles entscheidene Brief von der Menschenrechtsorganisation WAG-JOH, L\u00fcbbecker Str. 35-39, 32584 L\u00f6hne an den Beitragsservice: (Dannach sollte Ruhe einkehren)<\/p>\n<p>ARD ZDF Deutschlandradio, Beitragsservice, 50656 K\u00f6ln<\/p>\n<p>Betreff: Barzahlung von Rundfunkgeb\u00fchr zum Beitragsnummer: __________________<\/p>\n<p>Sehr geehrte Damen und Herren,<\/p>\n<p>Sie haben mit Schreiben vom ________ die Zahlung des zum __________ f\u00e4lligen Rundfunkbeitrag f\u00fcr den Haushalt, in dem ich wohne, eingefordert.<br \/>\nBitte teilen Sie uns mit, wo wir den Rundfunkbeitrag bar bezahlen k\u00f6nnen. Laut \u00a714 Bundesbankgesetz sind in Deutschland auf Euro lautende Banknoten das einzige unbeschr\u00e4nkte gesetzliche Zahlungsmittel. Das bedeutet meines Wissens nach, dass Sie die Bezahlung einer angeblichen Schuld mit diesem unbeschr\u00e4nkten gesetzlichen Zahlungsmittel nicht ablehnen d\u00fcrfen.<\/p>\n<p>Sollten Sie stattdessen auch weiterhin auf Begleichung per Bank\u00fcberweisung oder Einzug von Giralgeld bestehen, bitten wir um Angabe der gesetzlichen Grundlage hierf\u00fcr um dann ebenfalls umgehend justiziabel reagieren zu k\u00f6nnen.<\/p>\n<p>Mit freundlichen Gr\u00fc\u00dfen<\/p>\n<p><a href=\"http:\/\/www.joh-nrw.com\/blog\/wp-content\/uploads\/2014\/01\/hpfixseparat_1weg_frei_.jpg\" target=\"_blank\"><img loading=\"lazy\" class=\"alignnone size-medium wp-image-415\" src=\"http:\/\/www.joh-nrw.com\/blog\/wp-content\/uploads\/2014\/01\/hpfixseparat_1weg_frei_-300x222.jpg\" alt=\"hpfixseparat_1weg_frei_\" width=\"300\" height=\"222\" srcset=\"https:\/\/joh-nrw.com\/blog\/wp-content\/uploads\/2014\/01\/hpfixseparat_1weg_frei_-300x222.jpg 300w, https:\/\/joh-nrw.com\/blog\/wp-content\/uploads\/2014\/01\/hpfixseparat_1weg_frei_.jpg 340w\" sizes=\"(max-width: 300px) 100vw, 300px\" \/><\/a><\/p>\n","protected":false},"excerpt":{"rendered":"<p>GEZ nein danke Abschalten der (GEZ) &#8211; NaZi \u2013 Gleichschaltungsmedien! F\u00fcr diesen Rundfunk zahlen wir nicht! Warum ich keine GEZ-Geb\u00fchren zahle! Auf welche Rechtsgrundlage will sich ARD\/ZDF bei der Einziehung von Rundfunkgeb\u00fchren denn berufen? Der Staatsvertrag jedenfalls ist eine offenkundige L\u00fcge und die BRD ist kein Staat sondern eine Firma! Beitragsservice und kein Ende\u2026 oder doch? Vollstreckungsbeamter wurde von GEZ geschickt und abgewiesen ! GEZ der Rundfunkbeitrag ist verfassungswidrig! &#8211; Anna Tersch\u00fcren \u00d6ffentlicher Brief an den OB der Stadt Halle(Saale) Hinweise, wie Sie sich gegen verschiedene Grundrechteverletzungen wehren k\u00f6nnen, finden Sie in unseren Expertisen zur Frage: \u00bbIst die Bundesrepublik Deutschland ein\u2026 Wenn IHR WISSEN WOLLT WOF\u00dcR EURE GEZ ZWANGSABGABEN HINGEHEN : Millionen-Pension f\u00fcr WDR-Intendant Tom Buhrow Rund 1,8 Millionen Euro hat der Westdeutsche Rundfunk (WDR) im vergangenen Jahr f\u00fcr die Pension seines Intendanten Tom Buhrow bereitgestellt &#8211; obwohl der Sender rote Zahlen schreibt. Finanziert wird die Altersversorgung durch Rundfunkbeitr\u00e4ge.&#8230; \u2026GEZ? NEIN DANKE! 1 &#8211; Grundlegendes In diesem Video beschreibe ich die Grundlagen, die wir wissen sollten und m\u00fcssten, um uns gegen die Zwangsfinanzierung der \u00f6ffentlich rechten Medien zu wehren. \u2026GEZ? NEIN DANKE! 2 &#8211; So wirds gemacht 1 Hier nun Handlungsm\u00f6glichkeiten auf den Beitragsbescheid zu reagieren. \u2026GEZ? NEIN DANKE! 3 [&hellip;]<\/p>\n","protected":false},"author":1,"featured_media":0,"parent":0,"menu_order":0,"comment_status":"closed","ping_status":"closed","template":"","meta":{"_links_to":"","_links_to_target":""},"_links":{"self":[{"href":"https:\/\/joh-nrw.com\/blog\/wp-json\/wp\/v2\/pages\/817"}],"collection":[{"href":"https:\/\/joh-nrw.com\/blog\/wp-json\/wp\/v2\/pages"}],"about":[{"href":"https:\/\/joh-nrw.com\/blog\/wp-json\/wp\/v2\/types\/page"}],"author":[{"embeddable":true,"href":"https:\/\/joh-nrw.com\/blog\/wp-json\/wp\/v2\/users\/1"}],"replies":[{"embeddable":true,"href":"https:\/\/joh-nrw.com\/blog\/wp-json\/wp\/v2\/comments?post=817"}],"version-history":[{"count":14,"href":"https:\/\/joh-nrw.com\/blog\/wp-json\/wp\/v2\/pages\/817\/revisions"}],"predecessor-version":[{"id":3822,"href":"https:\/\/joh-nrw.com\/blog\/wp-json\/wp\/v2\/pages\/817\/revisions\/3822"}],"wp:attachment":[{"href":"https:\/\/joh-nrw.com\/blog\/wp-json\/wp\/v2\/media?parent=817"}],"curies":[{"name":"wp","href":"https:\/\/api.w.org\/{rel}","templated":true}]}}