{"id":82,"date":"2014-01-29T15:25:05","date_gmt":"2014-01-29T14:25:05","guid":{"rendered":"http:\/\/joh-nrw.com\/blog\/?page_id=82"},"modified":"2021-08-04T19:23:54","modified_gmt":"2021-08-04T17:23:54","slug":"alruna","status":"publish","type":"page","link":"https:\/\/joh-nrw.com\/blog\/alruna","title":{"rendered":"Alruna"},"content":{"rendered":"<p>In schweren Zeiten wie diesen ist es <strong>unerl\u00e4sslich<\/strong>, dass Du beginnst, f\u00fcr Deine <strong>Gesundheit<\/strong> selbst zu sorgen, um Dir Dein Leben und Deine Tatkraft f\u00fcr ein souver\u00e4nes Deutsches Volk nach V\u00f6lkerrecht zu erhalten. Die <strong>WAG-JOH<\/strong> unterst\u00fctzt Dich dabei mit <strong>Alruna`s bioenergetischer Germanitentrunk<\/strong><span style=\"font-size: medium;\">.<br \/>\n<a href=\"https:\/\/joh-nrw.com\/pdf\/JOH-GT.pdf\" target=\"_blank\" rel=\"noopener noreferrer\"><img loading=\"lazy\" class=\"alignnone size-full wp-image-702\" src=\"http:\/\/www.joh-nrw.com\/blog\/wp-content\/uploads\/2014\/01\/JOH-GTR.jpg\" alt=\"JOH-GTR\" width=\"323\" height=\"453\" srcset=\"https:\/\/joh-nrw.com\/blog\/wp-content\/uploads\/2014\/01\/JOH-GTR.jpg 323w, https:\/\/joh-nrw.com\/blog\/wp-content\/uploads\/2014\/01\/JOH-GTR-213x300.jpg 213w\" sizes=\"(max-width: 323px) 100vw, 323px\" \/><\/a><br \/>\n<strong>Alruna jetzt verf\u00fcgbar<br \/>\n<\/strong><a href=\"https:\/\/joh-nrw.com\/blog\/wp-content\/uploads\/2014\/01\/Alruna1.jpg\" target=\"_blank\" rel=\"noopener noreferrer\"><img loading=\"lazy\" class=\"alignnone size-full wp-image-771\" src=\"https:\/\/joh-nrw.com\/blog\/wp-content\/uploads\/2014\/01\/Alruna1.jpg\" alt=\"Alruna1\" width=\"2048\" height=\"1536\" srcset=\"https:\/\/joh-nrw.com\/blog\/wp-content\/uploads\/2014\/01\/Alruna1.jpg 2048w, https:\/\/joh-nrw.com\/blog\/wp-content\/uploads\/2014\/01\/Alruna1-300x225.jpg 300w, https:\/\/joh-nrw.com\/blog\/wp-content\/uploads\/2014\/01\/Alruna1-1024x768.jpg 1024w, https:\/\/joh-nrw.com\/blog\/wp-content\/uploads\/2014\/01\/Alruna1-400x300.jpg 400w\" sizes=\"(max-width: 2048px) 100vw, 2048px\" \/><\/a><br \/>\n<a href=\"https:\/\/joh-nrw.com\/blog\/wp-content\/uploads\/2014\/01\/Alruna2.jpg\" target=\"_blank\" rel=\"noopener noreferrer\"><img loading=\"lazy\" class=\"alignnone size-full wp-image-772\" src=\"https:\/\/joh-nrw.com\/blog\/wp-content\/uploads\/2014\/01\/Alruna2.jpg\" alt=\"Alruna2\" width=\"2048\" height=\"1536\" srcset=\"https:\/\/joh-nrw.com\/blog\/wp-content\/uploads\/2014\/01\/Alruna2.jpg 2048w, https:\/\/joh-nrw.com\/blog\/wp-content\/uploads\/2014\/01\/Alruna2-300x225.jpg 300w, https:\/\/joh-nrw.com\/blog\/wp-content\/uploads\/2014\/01\/Alruna2-1024x768.jpg 1024w, https:\/\/joh-nrw.com\/blog\/wp-content\/uploads\/2014\/01\/Alruna2-400x300.jpg 400w\" sizes=\"(max-width: 2048px) 100vw, 2048px\" \/><\/a><br \/>\n<\/span><\/p>\n<p><strong>Mehr Informationen, sowie Bestellm\u00f6glichkeit, Preis etc.&nbsp;im nachfolgendem Link:<\/strong><\/p>\n<p align=\"LEFT\"><strong>Alruna`s bioenergetischer Germanitentrunk!<\/strong><br \/>\n<a href=\"https:\/\/joh-nrw.com\/pdf\/JOH-GT.pdf\" target=\"_blank\" rel=\"noopener noreferrer\"><img loading=\"lazy\" class=\"alignnone size-full wp-image-435\" src=\"https:\/\/joh-nrw.com\/blog\/wp-content\/uploads\/2014\/01\/hpfixseparat_1p_menubutton1.gif\" alt=\"hpfixseparat_1p_menubutton1\" width=\"180\" height=\"50\"\/><\/a><\/p>\n<p><strong>Erfahrungsberichte von Kunden<\/strong>:<br \/>\n<strong>T<\/strong>.<strong>A<\/strong>. aus <strong>L<\/strong>.<br \/>\nHallo JOH,<br \/>\nseit ca.<strong> 09.2013<\/strong> nehme ich nun regelm\u00e4\u00dfig <strong>Alruna<\/strong> ein. Im Oktober 2013 sollte ich mich wegen eines <strong>akuten<\/strong> Venenverschlusses im linken Bein einer <strong>OP<\/strong> unterziehen. Heute bin ich froh, dass ich damals dieser Aufforderung nicht nachgekommen bin. Der Venenverschluss hat sich dank <strong>Alruna<\/strong> aufgel\u00f6st und selbst die h\u00e4ssliche Verf\u00e4rbung am Bein (<a href=\"http:\/\/upload.wikimedia.org\/wikipedia\/commons\/a\/a5\/Ulcus_cruris_01.jpg\" target=\"_blank\" rel=\"noopener noreferrer\">hier klicken<\/a>) sind mittlerweile <strong>fast<\/strong> v\u00f6llig ausgeheilt. Ich kann <strong>Alruna<\/strong> zur eigenen Gesunderhaltung des K\u00f6rpers somit nur w\u00e4rmstens empfehlen.<\/p>\n<p><strong>Dr. med. B. Hanschmann aus Basel<\/strong><\/p>\n<p>Alruna hilft gegen CORONA \/ COVID 19 und allen kommenden (uns namentlich auch schon bekannten) Varianten. Laut CORONA-AUSSCHUSS stirbt in K\u00fcrze jeder Geimpfte an der Impfung, denn bei der Impfung selbst, handelt es sich um keine Impfung gegen den CORONA \/ COVID 19 Virus, sondern es handelt sich bei der Impfung um eine DNA-ver\u00e4nderndes und um ein TOD bringendes Gift, weil das genbasierte Design dieses Giftes, den K\u00f6rper dazu bringt, selbst\u00e4ndig Virus-Spike-Proteine herzustellen, die den Geimpften binnen 12-24 Monate t\u00f6ten wird. <a href=\"https:\/\/www.joh-nrw.net\/daten\/0621\/Fleyer-Delta.pdf\">https:\/\/www.joh-nrw.net\/daten\/0621\/Fleyer-Delta.pdf<\/a><\/p>\n<p><strong>Der Grund, warum ihr alle im September tot seid!<\/strong> (Dr. Coldwell, 01.08.2021)<br \/>\n<a href=\"https:\/\/terraherz.wpcomstaging.com\/2021\/08\/03\/der-grund-warum-ihr-alle-im-september-tot-seid-dr-coldwell-01-08-2021\/\">https:\/\/terraherz.wpcomstaging.com\/2021\/08\/03\/der-grund-warum-ihr-alle-im-september-tot-seid-dr-coldwell-01-08-2021\/<\/a><\/p>\n<p align=\"LEFT\">Wissenschaftlerin:<strong> Impfstofffe sind voller Gift !!!<\/strong><br \/>\n<a href=\"https:\/\/terraherz.wpcomstaging.com\/2021\/08\/03\/wissenschaftlerin-impfstofffe-sind-voller-gift\/\">https:\/\/terraherz.wpcomstaging.com\/2021\/08\/03\/wissenschaftlerin-impfstofffe-sind-voller-gift\/<\/a><\/p>\n<p align=\"LEFT\"><strong>Verhexung Der Welt \u2013 Covid 19<\/strong><br \/>\n<a href=\"https:\/\/terraherz.wpcomstaging.com\/2021\/08\/03\/verhexung-der-welt-covid-19\/\">https:\/\/terraherz.wpcomstaging.com\/2021\/08\/03\/verhexung-der-welt-covid-19\/<\/a><\/p>\n<p align=\"LEFT\">\n","protected":false},"excerpt":{"rendered":"<p>In schweren Zeiten wie diesen ist es unerl\u00e4sslich, dass Du beginnst, f\u00fcr Deine Gesundheit selbst zu sorgen, um Dir Dein Leben und Deine Tatkraft f\u00fcr ein souver\u00e4nes Deutsches Volk nach V\u00f6lkerrecht zu erhalten. Die WAG-JOH unterst\u00fctzt Dich dabei mit Alruna`s bioenergetischer Germanitentrunk. Alruna jetzt verf\u00fcgbar Mehr Informationen, sowie Bestellm\u00f6glichkeit, Preis etc.&nbsp;im nachfolgendem Link: Alruna`s bioenergetischer Germanitentrunk! Erfahrungsberichte von Kunden: T.A. aus L. Hallo JOH, seit ca. 09.2013 nehme ich nun regelm\u00e4\u00dfig Alruna ein. Im Oktober 2013 sollte ich mich wegen eines akuten Venenverschlusses im linken Bein einer OP unterziehen. Heute bin ich froh, dass ich damals dieser Aufforderung nicht nachgekommen bin. Der Venenverschluss hat sich dank Alruna aufgel\u00f6st und selbst die h\u00e4ssliche Verf\u00e4rbung am Bein (hier klicken) sind mittlerweile fast v\u00f6llig ausgeheilt. Ich kann Alruna zur eigenen Gesunderhaltung des K\u00f6rpers somit nur w\u00e4rmstens empfehlen. Dr. med. B. Hanschmann aus Basel Alruna hilft gegen CORONA \/ COVID 19 und allen kommenden (uns namentlich auch schon bekannten) Varianten. Laut CORONA-AUSSCHUSS stirbt in K\u00fcrze jeder Geimpfte an der Impfung, denn bei der Impfung selbst, handelt es sich um keine Impfung gegen den CORONA \/ COVID 19 Virus, sondern es handelt sich bei der Impfung um eine DNA-ver\u00e4nderndes und um ein TOD bringendes Gift, [&hellip;]<\/p>\n","protected":false},"author":1,"featured_media":0,"parent":0,"menu_order":0,"comment_status":"closed","ping_status":"closed","template":"","meta":{"_links_to":"","_links_to_target":""},"_links":{"self":[{"href":"https:\/\/joh-nrw.com\/blog\/wp-json\/wp\/v2\/pages\/82"}],"collection":[{"href":"https:\/\/joh-nrw.com\/blog\/wp-json\/wp\/v2\/pages"}],"about":[{"href":"https:\/\/joh-nrw.com\/blog\/wp-json\/wp\/v2\/types\/page"}],"author":[{"embeddable":true,"href":"https:\/\/joh-nrw.com\/blog\/wp-json\/wp\/v2\/users\/1"}],"replies":[{"embeddable":true,"href":"https:\/\/joh-nrw.com\/blog\/wp-json\/wp\/v2\/comments?post=82"}],"version-history":[{"count":12,"href":"https:\/\/joh-nrw.com\/blog\/wp-json\/wp\/v2\/pages\/82\/revisions"}],"predecessor-version":[{"id":4288,"href":"https:\/\/joh-nrw.com\/blog\/wp-json\/wp\/v2\/pages\/82\/revisions\/4288"}],"wp:attachment":[{"href":"https:\/\/joh-nrw.com\/blog\/wp-json\/wp\/v2\/media?parent=82"}],"curies":[{"name":"wp","href":"https:\/\/api.w.org\/{rel}","templated":true}]}}